{"id":1224,"date":"2021-04-13T16:49:39","date_gmt":"2021-04-13T16:49:39","guid":{"rendered":"https:\/\/www.redrocktrails.co.uk\/about-us\/"},"modified":"2024-11-28T17:13:53","modified_gmt":"2024-11-28T17:13:53","slug":"about-us","status":"publish","type":"page","link":"https:\/\/www.redrocktrails.co.uk\/fr\/about-us\/","title":{"rendered":"Nous"},"content":{"rendered":"<style>.kb-row-layout-id1224_0aedec-2a > .kt-row-column-wrap{align-content:start;}:where(.kb-row-layout-id1224_0aedec-2a > .kt-row-column-wrap) > .wp-block-kadence-column{justify-content:start;}.kb-row-layout-id1224_0aedec-2a > .kt-row-column-wrap{column-gap:var(--global-kb-gap-md, 2rem);row-gap:var(--global-kb-gap-md, 2rem);max-width:905px;padding-top:var(--global-kb-spacing-sm, 1.5rem);padding-bottom:var(--global-kb-spacing-sm, 1.5rem);grid-template-columns:minmax(0, 1fr) minmax(0, 2fr);}.kb-row-layout-id1224_0aedec-2a > .kt-row-layout-overlay{opacity:0.30;}@media all and (max-width: 1024px){.kb-row-layout-id1224_0aedec-2a > .kt-row-column-wrap{grid-template-columns:minmax(0, 1fr) minmax(0, 2fr);}}@media all and (max-width: 767px){.kb-row-layout-id1224_0aedec-2a > .kt-row-column-wrap{grid-template-columns:minmax(0, 1fr);}}<\/style><div class=\"kb-row-layout-wrap kb-row-layout-id1224_0aedec-2a alignnone wp-block-kadence-rowlayout\"><div class=\"kt-row-column-wrap kt-has-2-columns kt-row-layout-right-golden kt-tab-layout-inherit kt-mobile-layout-row kt-row-valign-top kb-theme-content-width\">\n<style>.kadence-column1224_ba1529-30 > .kt-inside-inner-col,.kadence-column1224_ba1529-30 > .kt-inside-inner-col:before{border-top-left-radius:0px;border-top-right-radius:0px;border-bottom-right-radius:0px;border-bottom-left-radius:0px;}.kadence-column1224_ba1529-30 > .kt-inside-inner-col{column-gap:var(--global-kb-gap-sm, 1rem);}.kadence-column1224_ba1529-30 > .kt-inside-inner-col{flex-direction:column;}.kadence-column1224_ba1529-30 > .kt-inside-inner-col > .aligncenter{width:100%;}.kadence-column1224_ba1529-30 > .kt-inside-inner-col:before{opacity:0.3;}.kadence-column1224_ba1529-30{position:relative;}@media all and (max-width: 1024px){.kadence-column1224_ba1529-30 > .kt-inside-inner-col{flex-direction:column;justify-content:center;}}@media all and (max-width: 767px){.kadence-column1224_ba1529-30 > .kt-inside-inner-col{flex-direction:column;justify-content:center;}}<\/style>\n<div class=\"wp-block-kadence-column kadence-column1224_ba1529-30 inner-column-1\"><div class=\"kt-inside-inner-col\">\n<p class=\"has-text-align-right destacat\">Red Rock Trails est la famille Regan<\/p>\n<\/div><\/div>\n\n\n<style>.kadence-column1224_5ea6f7-b2 > .kt-inside-inner-col,.kadence-column1224_5ea6f7-b2 > .kt-inside-inner-col:before{border-top-left-radius:0px;border-top-right-radius:0px;border-bottom-right-radius:0px;border-bottom-left-radius:0px;}.kadence-column1224_5ea6f7-b2 > .kt-inside-inner-col{column-gap:var(--global-kb-gap-sm, 1rem);}.kadence-column1224_5ea6f7-b2 > .kt-inside-inner-col{flex-direction:column;}.kadence-column1224_5ea6f7-b2 > .kt-inside-inner-col > .aligncenter{width:100%;}.kadence-column1224_5ea6f7-b2 > .kt-inside-inner-col:before{opacity:0.3;}.kadence-column1224_5ea6f7-b2{position:relative;}@media all and (max-width: 1024px){.kadence-column1224_5ea6f7-b2 > .kt-inside-inner-col{flex-direction:column;justify-content:center;}}@media all and (max-width: 767px){.kadence-column1224_5ea6f7-b2 > .kt-inside-inner-col{flex-direction:column;justify-content:center;}}<\/style>\n<div class=\"wp-block-kadence-column kadence-column1224_5ea6f7-b2 inner-column-2\"><div class=\"kt-inside-inner-col\">\n<p>Nous sommes tomb\u00e9s amoureux de ce coin tranquille de Catalogne au pied des Pyr\u00e9n\u00e9es et avons d\u00e9m\u00e9nag\u00e9 en 2014. En famille, nous avons reconstruit les anciens b\u00e2timents de ferme de notre base dans le petit village endormi de Vilamitjana; tout en apprenant \u00e0 conna\u00eetre la r\u00e9gion et les gens qui y vivent: les meilleurs bassins rocheux cach\u00e9s des rivi\u00e8res de montagne, qui fabrique les meilleurs fromages et vins, quand s&rsquo;attendre \u00e0 des figues sauvages fra\u00eeches et des grenades; m\u00eame si on ne nous montre pas encore les meilleurs spots de champignons sauvages, ils sont un secret bien gard\u00e9 ici\u2026<\/p>\n<\/div><\/div>\n\n<\/div><\/div>\n\n<style>.kb-row-layout-id1224_e78c47-3a > .kt-row-column-wrap{align-content:start;}:where(.kb-row-layout-id1224_e78c47-3a > .kt-row-column-wrap) > .wp-block-kadence-column{justify-content:start;}.kb-row-layout-id1224_e78c47-3a > .kt-row-column-wrap{column-gap:var(--global-kb-gap-md, 2rem);row-gap:var(--global-kb-gap-md, 2rem);max-width:905px;padding-top:var(--global-kb-spacing-sm, 1.5rem);padding-bottom:var(--global-kb-spacing-sm, 1.5rem);grid-template-columns:minmax(0, 1fr) minmax(0, 2fr);}.kb-row-layout-id1224_e78c47-3a > .kt-row-layout-overlay{opacity:0.30;}@media all and (max-width: 1024px){.kb-row-layout-id1224_e78c47-3a > .kt-row-column-wrap{grid-template-columns:minmax(0, 1fr) minmax(0, 2fr);}}@media all and (max-width: 767px){.kb-row-layout-id1224_e78c47-3a > .kt-row-column-wrap{grid-template-columns:minmax(0, 1fr);}}<\/style><div class=\"kb-row-layout-wrap kb-row-layout-id1224_e78c47-3a alignnone wp-block-kadence-rowlayout\"><div class=\"kt-row-column-wrap kt-has-2-columns kt-row-layout-right-golden kt-tab-layout-inherit kt-mobile-layout-row kt-row-valign-top kb-theme-content-width\">\n<style>.kadence-column1224_8946b9-9a > .kt-inside-inner-col,.kadence-column1224_8946b9-9a > .kt-inside-inner-col:before{border-top-left-radius:0px;border-top-right-radius:0px;border-bottom-right-radius:0px;border-bottom-left-radius:0px;}.kadence-column1224_8946b9-9a > .kt-inside-inner-col{column-gap:var(--global-kb-gap-sm, 1rem);}.kadence-column1224_8946b9-9a > .kt-inside-inner-col{flex-direction:column;}.kadence-column1224_8946b9-9a > .kt-inside-inner-col > .aligncenter{width:100%;}.kadence-column1224_8946b9-9a > .kt-inside-inner-col:before{opacity:0.3;}.kadence-column1224_8946b9-9a{position:relative;}@media all and (max-width: 1024px){.kadence-column1224_8946b9-9a > .kt-inside-inner-col{flex-direction:column;justify-content:center;}}@media all and (max-width: 767px){.kadence-column1224_8946b9-9a > .kt-inside-inner-col{flex-direction:column;justify-content:center;}}<\/style>\n<div class=\"wp-block-kadence-column kadence-column1224_8946b9-9a inner-column-1\"><div class=\"kt-inside-inner-col\">\n<p class=\"has-text-align-right destacat\">Chris<\/p>\n<\/div><\/div>\n\n\n<style>.kadence-column1224_a6d220-89 > .kt-inside-inner-col,.kadence-column1224_a6d220-89 > .kt-inside-inner-col:before{border-top-left-radius:0px;border-top-right-radius:0px;border-bottom-right-radius:0px;border-bottom-left-radius:0px;}.kadence-column1224_a6d220-89 > .kt-inside-inner-col{column-gap:var(--global-kb-gap-sm, 1rem);}.kadence-column1224_a6d220-89 > .kt-inside-inner-col{flex-direction:column;}.kadence-column1224_a6d220-89 > .kt-inside-inner-col > .aligncenter{width:100%;}.kadence-column1224_a6d220-89 > .kt-inside-inner-col:before{opacity:0.3;}.kadence-column1224_a6d220-89{position:relative;}@media all and (max-width: 1024px){.kadence-column1224_a6d220-89 > .kt-inside-inner-col{flex-direction:column;justify-content:center;}}@media all and (max-width: 767px){.kadence-column1224_a6d220-89 > .kt-inside-inner-col{flex-direction:column;justify-content:center;}}<\/style>\n<div class=\"wp-block-kadence-column kadence-column1224_a6d220-89 inner-column-2\"><div class=\"kt-inside-inner-col\">\n<p>Apr\u00e8s avoir grandi dans une petite ville espagnole, Chris est retourn\u00e9 au Royaume-Uni pour \u00e9tudier et travailler dans l&rsquo;ing\u00e9nierie \u2013 avant que l&rsquo;attrait de retourner en Espagne et d&rsquo;\u00e9changer son bureau contre les sentiers ne devienne trop fort&#8230; Un guide de VTT qualifi\u00e9 et assur\u00e9 selon le syst\u00e8me espagnol, son objectif principal est de vous faire profiter pleinement de votre balade pendant votre s\u00e9jour, quel que soit votre niveau. Et pour profiter au maximum du four \u00e0 pizza.<\/p>\n<\/div><\/div>\n\n<\/div><\/div>\n\n<style>.kb-row-layout-id1224_97bd8f-83 > .kt-row-column-wrap{align-content:start;}:where(.kb-row-layout-id1224_97bd8f-83 > .kt-row-column-wrap) > .wp-block-kadence-column{justify-content:start;}.kb-row-layout-id1224_97bd8f-83 > .kt-row-column-wrap{column-gap:var(--global-kb-gap-md, 2rem);row-gap:var(--global-kb-gap-md, 2rem);max-width:905px;padding-top:var(--global-kb-spacing-sm, 1.5rem);padding-bottom:var(--global-kb-spacing-sm, 1.5rem);min-height:76px;grid-template-columns:minmax(0, 1fr) minmax(0, 2fr);}.kb-row-layout-id1224_97bd8f-83 > .kt-row-layout-overlay{opacity:0.30;}@media all and (max-width: 1024px){.kb-row-layout-id1224_97bd8f-83 > .kt-row-column-wrap{grid-template-columns:minmax(0, 1fr) minmax(0, 2fr);}}@media all and (max-width: 767px){.kb-row-layout-id1224_97bd8f-83 > .kt-row-column-wrap{grid-template-columns:minmax(0, 1fr);}}<\/style><div class=\"kb-row-layout-wrap kb-row-layout-id1224_97bd8f-83 alignwide wp-block-kadence-rowlayout\"><div class=\"kt-row-column-wrap kt-has-2-columns kt-row-layout-right-golden kt-tab-layout-inherit kt-mobile-layout-row kt-row-valign-top kb-theme-content-width\">\n<style>.kadence-column1224_1c3f7b-03 > .kt-inside-inner-col,.kadence-column1224_1c3f7b-03 > .kt-inside-inner-col:before{border-top-left-radius:0px;border-top-right-radius:0px;border-bottom-right-radius:0px;border-bottom-left-radius:0px;}.kadence-column1224_1c3f7b-03 > .kt-inside-inner-col{column-gap:var(--global-kb-gap-sm, 1rem);}.kadence-column1224_1c3f7b-03 > .kt-inside-inner-col{flex-direction:column;}.kadence-column1224_1c3f7b-03 > .kt-inside-inner-col > .aligncenter{width:100%;}.kadence-column1224_1c3f7b-03 > .kt-inside-inner-col:before{opacity:0.3;}.kadence-column1224_1c3f7b-03{position:relative;}@media all and (max-width: 1024px){.kadence-column1224_1c3f7b-03 > .kt-inside-inner-col{flex-direction:column;justify-content:center;}}@media all and (max-width: 767px){.kadence-column1224_1c3f7b-03 > .kt-inside-inner-col{flex-direction:column;justify-content:center;}}<\/style>\n<div class=\"wp-block-kadence-column kadence-column1224_1c3f7b-03 inner-column-1\"><div class=\"kt-inside-inner-col\">\n<p class=\"has-text-align-right destacat\">Heather<\/p>\n<\/div><\/div>\n\n\n<style>.kadence-column1224_cd0ad7-f2 > .kt-inside-inner-col,.kadence-column1224_cd0ad7-f2 > .kt-inside-inner-col:before{border-top-left-radius:0px;border-top-right-radius:0px;border-bottom-right-radius:0px;border-bottom-left-radius:0px;}.kadence-column1224_cd0ad7-f2 > .kt-inside-inner-col{column-gap:var(--global-kb-gap-sm, 1rem);}.kadence-column1224_cd0ad7-f2 > .kt-inside-inner-col{flex-direction:column;}.kadence-column1224_cd0ad7-f2 > .kt-inside-inner-col > .aligncenter{width:100%;}.kadence-column1224_cd0ad7-f2 > .kt-inside-inner-col:before{opacity:0.3;}.kadence-column1224_cd0ad7-f2{position:relative;}@media all and (max-width: 1024px){.kadence-column1224_cd0ad7-f2 > .kt-inside-inner-col{flex-direction:column;justify-content:center;}}@media all and (max-width: 767px){.kadence-column1224_cd0ad7-f2 > .kt-inside-inner-col{flex-direction:column;justify-content:center;}}<\/style>\n<div class=\"wp-block-kadence-column kadence-column1224_cd0ad7-f2 inner-column-2\"><div class=\"kt-inside-inner-col\">\n<p>Une course d\u2019enfance sur les pistes de ski s\u00e8ches du Royaume-Uni a conduit Heather \u00e0 l\u2019amour de la montagne. Le temps pass\u00e9 \u00e0 travailler dans des restaurants au Royaume-Uni et aux \u00c9tats-Unis et un emploi de chef de projet s&rsquo;av\u00e8rent utiles pour garantir que tous nos clients sont bien aliment\u00e9s et que tout se passe bien ici.<\/p>\n<\/div><\/div>\n\n<\/div><\/div>\n\n<style>.kb-row-layout-wrap.wp-block-kadence-rowlayout.kb-row-layout-id1224_f8fe3f-d0{margin-top:0px;}.kb-row-layout-id1224_f8fe3f-d0 > .kt-row-column-wrap{align-content:start;}:where(.kb-row-layout-id1224_f8fe3f-d0 > .kt-row-column-wrap) > .wp-block-kadence-column{justify-content:start;}.kb-row-layout-id1224_f8fe3f-d0 > .kt-row-column-wrap{column-gap:var(--global-kb-gap-md, 2rem);row-gap:var(--global-kb-gap-md, 2rem);max-width:905px;padding-top:20px;padding-bottom:20px;grid-template-columns:minmax(0, 1fr) minmax(0, 2fr);}.kb-row-layout-id1224_f8fe3f-d0 > .kt-row-layout-overlay{opacity:0.30;}@media all and (max-width: 1024px){.kb-row-layout-id1224_f8fe3f-d0 > .kt-row-column-wrap{grid-template-columns:minmax(0, 1fr) minmax(0, 2fr);}}@media all and (max-width: 767px){.kb-row-layout-id1224_f8fe3f-d0 > .kt-row-column-wrap{grid-template-columns:minmax(0, 1fr);}}<\/style><div class=\"kb-row-layout-wrap kb-row-layout-id1224_f8fe3f-d0 alignwide wp-block-kadence-rowlayout\"><div class=\"kt-row-column-wrap kt-has-2-columns kt-row-layout-right-golden kt-tab-layout-inherit kt-mobile-layout-row kt-row-valign-top kb-theme-content-width\">\n<style>.kadence-column1224_4ad3f3-22 > .kt-inside-inner-col,.kadence-column1224_4ad3f3-22 > .kt-inside-inner-col:before{border-top-left-radius:0px;border-top-right-radius:0px;border-bottom-right-radius:0px;border-bottom-left-radius:0px;}.kadence-column1224_4ad3f3-22 > .kt-inside-inner-col{column-gap:var(--global-kb-gap-sm, 1rem);}.kadence-column1224_4ad3f3-22 > .kt-inside-inner-col{flex-direction:column;}.kadence-column1224_4ad3f3-22 > .kt-inside-inner-col > .aligncenter{width:100%;}.kadence-column1224_4ad3f3-22 > .kt-inside-inner-col:before{opacity:0.3;}.kadence-column1224_4ad3f3-22{position:relative;}@media all and (max-width: 1024px){.kadence-column1224_4ad3f3-22 > .kt-inside-inner-col{flex-direction:column;justify-content:center;}}@media all and (max-width: 767px){.kadence-column1224_4ad3f3-22 > .kt-inside-inner-col{flex-direction:column;justify-content:center;}}<\/style>\n<div class=\"wp-block-kadence-column kadence-column1224_4ad3f3-22 inner-column-1\"><div class=\"kt-inside-inner-col\">\n<p class=\"has-text-align-right destacat\">Dan i Iona<\/p>\n<\/div><\/div>\n\n\n<style>.kadence-column1224_2bc674-a8 > .kt-inside-inner-col,.kadence-column1224_2bc674-a8 > .kt-inside-inner-col:before{border-top-left-radius:0px;border-top-right-radius:0px;border-bottom-right-radius:0px;border-bottom-left-radius:0px;}.kadence-column1224_2bc674-a8 > .kt-inside-inner-col{column-gap:var(--global-kb-gap-sm, 1rem);}.kadence-column1224_2bc674-a8 > .kt-inside-inner-col{flex-direction:column;}.kadence-column1224_2bc674-a8 > .kt-inside-inner-col > .aligncenter{width:100%;}.kadence-column1224_2bc674-a8 > .kt-inside-inner-col:before{opacity:0.3;}.kadence-column1224_2bc674-a8{position:relative;}@media all and (max-width: 1024px){.kadence-column1224_2bc674-a8 > .kt-inside-inner-col{flex-direction:column;justify-content:center;}}@media all and (max-width: 767px){.kadence-column1224_2bc674-a8 > .kt-inside-inner-col{flex-direction:column;justify-content:center;}}<\/style>\n<div class=\"wp-block-kadence-column kadence-column1224_2bc674-a8 inner-column-2\"><div class=\"kt-inside-inner-col\">\n<p>Maintenant, nous ne savons pas si Dan et Iona sont britanniques ou catalans! Parlant couramment le catalan et l&rsquo;espagnol, les enfants ont adopt\u00e9 la vie dans notre communaut\u00e9 rurale et se souviennent \u00e0 peine du temps pluvieux et terne du Royaume-Uni. Les week-ends et les soir\u00e9es consacr\u00e9s au v\u00e9lo, \u00e0 l&rsquo;escalade, au ski et au snowboard sont les grands avantages de la vie ici.<\/p>\n\n\n\n<div style=\"height:40px\" aria-hidden=\"true\" class=\"wp-block-spacer\"><\/div>\n\n\n\n<p>Nous aimons partager notre amour de la montagne avec nos h\u00f4tes et serions ravis que vous nous laissiez vous faire d\u00e9couvrir la r\u00e9gion sauvage et magnifique du Pallars, sur le versant ensoleill\u00e9 des Pyr\u00e9n\u00e9es.<\/p>\n<\/div><\/div>\n\n<\/div><\/div>\n\n\n<figure class=\"wp-block-gallery has-nested-images columns-default is-cropped wp-block-gallery-1 is-layout-flex wp-block-gallery-is-layout-flex\">\n<figure class=\"wp-block-image size-large\"><img loading=\"lazy\" decoding=\"async\" width=\"1024\" height=\"575\" data-id=\"71\" src=\"https:\/\/www.redrocktrails.co.uk\/wp-content\/uploads\/about_gallery_1-1024x575.jpg\" alt=\"\" class=\"wp-image-71\" srcset=\"https:\/\/www.redrocktrails.co.uk\/wp-content\/uploads\/about_gallery_1-1024x575.jpg 1024w, https:\/\/www.redrocktrails.co.uk\/wp-content\/uploads\/about_gallery_1-300x168.jpg 300w, https:\/\/www.redrocktrails.co.uk\/wp-content\/uploads\/about_gallery_1-768x431.jpg 768w, https:\/\/www.redrocktrails.co.uk\/wp-content\/uploads\/about_gallery_1-1200x674.jpg 1200w, https:\/\/www.redrocktrails.co.uk\/wp-content\/uploads\/about_gallery_1.jpg 1300w\" sizes=\"auto, (max-width: 1024px) 100vw, 1024px\" \/><\/figure>\n\n\n\n<figure class=\"wp-block-image size-large\"><img loading=\"lazy\" decoding=\"async\" width=\"1024\" height=\"575\" data-id=\"72\" src=\"https:\/\/www.redrocktrails.co.uk\/wp-content\/uploads\/about_gallery_2-1024x575.jpg\" alt=\"\" class=\"wp-image-72\" srcset=\"https:\/\/www.redrocktrails.co.uk\/wp-content\/uploads\/about_gallery_2-1024x575.jpg 1024w, https:\/\/www.redrocktrails.co.uk\/wp-content\/uploads\/about_gallery_2-300x168.jpg 300w, https:\/\/www.redrocktrails.co.uk\/wp-content\/uploads\/about_gallery_2-768x431.jpg 768w, https:\/\/www.redrocktrails.co.uk\/wp-content\/uploads\/about_gallery_2-1200x674.jpg 1200w, https:\/\/www.redrocktrails.co.uk\/wp-content\/uploads\/about_gallery_2.jpg 1300w\" sizes=\"auto, (max-width: 1024px) 100vw, 1024px\" \/><\/figure>\n<\/figure>\n\n\n\n<figure class=\"wp-block-gallery has-nested-images columns-3 is-cropped wp-block-gallery-2 is-layout-flex wp-block-gallery-is-layout-flex\">\n<figure class=\"wp-block-image size-large\"><img loading=\"lazy\" decoding=\"async\" width=\"614\" height=\"1024\" data-id=\"76\" src=\"https:\/\/www.redrocktrails.co.uk\/wp-content\/uploads\/about_gallery_6-614x1024.jpg\" alt=\"\" class=\"wp-image-76\" srcset=\"https:\/\/www.redrocktrails.co.uk\/wp-content\/uploads\/about_gallery_6-614x1024.jpg 614w, https:\/\/www.redrocktrails.co.uk\/wp-content\/uploads\/about_gallery_6-180x300.jpg 180w, https:\/\/www.redrocktrails.co.uk\/wp-content\/uploads\/about_gallery_6-768x1280.jpg 768w, https:\/\/www.redrocktrails.co.uk\/wp-content\/uploads\/about_gallery_6-921x1536.jpg 921w, https:\/\/www.redrocktrails.co.uk\/wp-content\/uploads\/about_gallery_6-1229x2048.jpg 1229w, https:\/\/www.redrocktrails.co.uk\/wp-content\/uploads\/about_gallery_6-1200x2000.jpg 1200w, https:\/\/www.redrocktrails.co.uk\/wp-content\/uploads\/about_gallery_6-300x500.jpg 300w, https:\/\/www.redrocktrails.co.uk\/wp-content\/uploads\/about_gallery_6.jpg 1300w\" sizes=\"auto, (max-width: 614px) 100vw, 614px\" \/><\/figure>\n\n\n\n<figure class=\"wp-block-image size-large\"><img loading=\"lazy\" decoding=\"async\" width=\"575\" height=\"1024\" data-id=\"75\" src=\"https:\/\/www.redrocktrails.co.uk\/wp-content\/uploads\/about_gallery_5-575x1024.jpg\" alt=\"\" class=\"wp-image-75\" srcset=\"https:\/\/www.redrocktrails.co.uk\/wp-content\/uploads\/about_gallery_5-575x1024.jpg 575w, https:\/\/www.redrocktrails.co.uk\/wp-content\/uploads\/about_gallery_5-168x300.jpg 168w, https:\/\/www.redrocktrails.co.uk\/wp-content\/uploads\/about_gallery_5-768x1368.jpg 768w, https:\/\/www.redrocktrails.co.uk\/wp-content\/uploads\/about_gallery_5-862x1536.jpg 862w, https:\/\/www.redrocktrails.co.uk\/wp-content\/uploads\/about_gallery_5-1150x2048.jpg 1150w, https:\/\/www.redrocktrails.co.uk\/wp-content\/uploads\/about_gallery_5-1200x2138.jpg 1200w, https:\/\/www.redrocktrails.co.uk\/wp-content\/uploads\/about_gallery_5-300x534.jpg 300w, https:\/\/www.redrocktrails.co.uk\/wp-content\/uploads\/about_gallery_5.jpg 1300w\" sizes=\"auto, (max-width: 575px) 100vw, 575px\" \/><\/figure>\n\n\n\n<figure class=\"wp-block-image size-large\"><img loading=\"lazy\" decoding=\"async\" width=\"614\" height=\"1024\" data-id=\"74\" src=\"https:\/\/www.redrocktrails.co.uk\/wp-content\/uploads\/about_gallery_4-614x1024.jpg\" alt=\"\" class=\"wp-image-74\" srcset=\"https:\/\/www.redrocktrails.co.uk\/wp-content\/uploads\/about_gallery_4-614x1024.jpg 614w, https:\/\/www.redrocktrails.co.uk\/wp-content\/uploads\/about_gallery_4-180x300.jpg 180w, https:\/\/www.redrocktrails.co.uk\/wp-content\/uploads\/about_gallery_4-768x1280.jpg 768w, https:\/\/www.redrocktrails.co.uk\/wp-content\/uploads\/about_gallery_4-921x1536.jpg 921w, https:\/\/www.redrocktrails.co.uk\/wp-content\/uploads\/about_gallery_4-1229x2048.jpg 1229w, https:\/\/www.redrocktrails.co.uk\/wp-content\/uploads\/about_gallery_4-1200x2000.jpg 1200w, https:\/\/www.redrocktrails.co.uk\/wp-content\/uploads\/about_gallery_4-300x500.jpg 300w, https:\/\/www.redrocktrails.co.uk\/wp-content\/uploads\/about_gallery_4.jpg 1300w\" sizes=\"auto, (max-width: 614px) 100vw, 614px\" \/><\/figure>\n<\/figure>\n","protected":false},"excerpt":{"rendered":"<p>Red Rock Trails est la famille Regan Nous sommes tomb\u00e9s amoureux de ce coin tranquille de Catalogne au pied des Pyr\u00e9n\u00e9es et avons d\u00e9m\u00e9nag\u00e9 en 2014. En famille, nous avons reconstruit les anciens b\u00e2timents de ferme de notre base dans le petit village endormi de Vilamitjana; tout en apprenant \u00e0 conna\u00eetre la r\u00e9gion et les &hellip;<\/p>\n","protected":false},"author":1,"featured_media":1226,"parent":0,"menu_order":0,"comment_status":"closed","ping_status":"closed","template":"","meta":{"footnotes":""},"class_list":["post-1224","page","type-page","status-publish","has-post-thumbnail","hentry","post","with-featured-image"],"_links":{"self":[{"href":"https:\/\/www.redrocktrails.co.uk\/fr\/wp-json\/wp\/v2\/pages\/1224","targetHints":{"allow":["GET"]}}],"collection":[{"href":"https:\/\/www.redrocktrails.co.uk\/fr\/wp-json\/wp\/v2\/pages"}],"about":[{"href":"https:\/\/www.redrocktrails.co.uk\/fr\/wp-json\/wp\/v2\/types\/page"}],"author":[{"embeddable":true,"href":"https:\/\/www.redrocktrails.co.uk\/fr\/wp-json\/wp\/v2\/users\/1"}],"replies":[{"embeddable":true,"href":"https:\/\/www.redrocktrails.co.uk\/fr\/wp-json\/wp\/v2\/comments?post=1224"}],"version-history":[{"count":3,"href":"https:\/\/www.redrocktrails.co.uk\/fr\/wp-json\/wp\/v2\/pages\/1224\/revisions"}],"predecessor-version":[{"id":1507,"href":"https:\/\/www.redrocktrails.co.uk\/fr\/wp-json\/wp\/v2\/pages\/1224\/revisions\/1507"}],"wp:featuredmedia":[{"embeddable":true,"href":"https:\/\/www.redrocktrails.co.uk\/fr\/wp-json\/wp\/v2\/media\/1226"}],"wp:attachment":[{"href":"https:\/\/www.redrocktrails.co.uk\/fr\/wp-json\/wp\/v2\/media?parent=1224"}],"curies":[{"name":"wp","href":"https:\/\/api.w.org\/{rel}","templated":true}]}}