{"id":1213,"date":"2021-04-13T16:51:02","date_gmt":"2021-04-13T16:51:02","guid":{"rendered":"https:\/\/www.redrocktrails.co.uk\/booking\/"},"modified":"2026-03-14T18:22:13","modified_gmt":"2026-03-14T18:22:13","slug":"booking","status":"publish","type":"page","link":"https:\/\/www.redrocktrails.co.uk\/fr\/booking\/","title":{"rendered":"Comment r\u00e9server"},"content":{"rendered":"<style>.kb-row-layout-id1213_4b1155-87 > .kt-row-column-wrap{align-content:start;}:where(.kb-row-layout-id1213_4b1155-87 > .kt-row-column-wrap) > .wp-block-kadence-column{justify-content:start;}.kb-row-layout-id1213_4b1155-87 > .kt-row-column-wrap{column-gap:var(--global-kb-gap-lg, 4rem);row-gap:var(--global-kb-gap-md, 2rem);padding-top:-1px;padding-bottom:0px;grid-template-columns:minmax(0, 1fr) minmax(0, 2fr);}.kb-row-layout-id1213_4b1155-87 > .kt-row-layout-overlay{opacity:0.30;}@media all and (max-width: 1024px){.kb-row-layout-id1213_4b1155-87 > .kt-row-column-wrap{grid-template-columns:minmax(0, 1fr) minmax(0, 2fr);}}@media all and (max-width: 767px){.kb-row-layout-id1213_4b1155-87 > .kt-row-column-wrap{grid-template-columns:minmax(0, 1fr);}}<\/style><div class=\"kb-row-layout-wrap kb-row-layout-id1213_4b1155-87 alignnone wp-block-kadence-rowlayout\"><div class=\"kt-row-column-wrap kt-has-2-columns kt-row-layout-right-golden kt-tab-layout-inherit kt-mobile-layout-row kt-row-valign-top\">\n<style>.kadence-column1213_321702-07 > .kt-inside-inner-col,.kadence-column1213_321702-07 > .kt-inside-inner-col:before{border-top-left-radius:0px;border-top-right-radius:0px;border-bottom-right-radius:0px;border-bottom-left-radius:0px;}.kadence-column1213_321702-07 > .kt-inside-inner-col{column-gap:var(--global-kb-gap-sm, 1rem);}.kadence-column1213_321702-07 > .kt-inside-inner-col{flex-direction:column;}.kadence-column1213_321702-07 > .kt-inside-inner-col > .aligncenter{width:100%;}.kadence-column1213_321702-07 > .kt-inside-inner-col:before{opacity:0.3;}.kadence-column1213_321702-07{position:relative;}@media all and (max-width: 1024px){.kadence-column1213_321702-07 > .kt-inside-inner-col{flex-direction:column;justify-content:center;}}@media all and (max-width: 767px){.kadence-column1213_321702-07 > .kt-inside-inner-col{flex-direction:column;justify-content:center;}}<\/style>\n<div class=\"wp-block-kadence-column kadence-column1213_321702-07 inner-column-1\"><div class=\"kt-inside-inner-col\">\n<p>Si vous souhaitez nous rendre visite, veuillez nous envoyer un message avec vos exigences. Les prix indiqu\u00e9s s\u2019entendent pour l\u2019ensemble de la propri\u00e9t\u00e9 pouvant accueillir jusqu\u2019\u00e0 12 personnes dans deux chambres familiales et deux chambres jumelles\/doubles.<\/p>\n<\/div><\/div>\n\n\n<style>.kadence-column1213_e1e4f9-9b > .kt-inside-inner-col,.kadence-column1213_e1e4f9-9b > .kt-inside-inner-col:before{border-top-left-radius:0px;border-top-right-radius:0px;border-bottom-right-radius:0px;border-bottom-left-radius:0px;}.kadence-column1213_e1e4f9-9b > .kt-inside-inner-col{column-gap:var(--global-kb-gap-sm, 1rem);}.kadence-column1213_e1e4f9-9b > .kt-inside-inner-col{flex-direction:column;}.kadence-column1213_e1e4f9-9b > .kt-inside-inner-col > .aligncenter{width:100%;}.kadence-column1213_e1e4f9-9b > .kt-inside-inner-col:before{opacity:0.3;}.kadence-column1213_e1e4f9-9b{position:relative;}@media all and (max-width: 1024px){.kadence-column1213_e1e4f9-9b > .kt-inside-inner-col{flex-direction:column;justify-content:center;}}@media all and (max-width: 767px){.kadence-column1213_e1e4f9-9b > .kt-inside-inner-col{flex-direction:column;justify-content:center;}}<\/style>\n<div class=\"wp-block-kadence-column kadence-column1213_e1e4f9-9b\"><div class=\"kt-inside-inner-col\">\n<h2 class=\"wp-block-heading has-text-align-left destacat\"><strong>2026 Des prix<\/strong><\/h2>\n\n\n\n<p><strong>Nuits de semaine (lundi \u2013 jeudi)&nbsp;: 150\u20ac\/nit<\/strong><\/p>\n\n\n\n<p><strong>Nuits de week-end (vendredi \u2013 dimanche): 175\u20ac\/nuit<\/strong><\/p>\n\n\n\n<p><strong>P\u00e9riode de No\u00ebl\/Nouvel An: 280\u20ac\/nuit<\/strong><\/p>\n\n\n\n<p>Minimum 3 nuits. Arriv\u00e9e apr\u00e8s 16h \/ d\u00e9part avant 11h.<\/p>\n\n\n\n<p>Il y a un suppl\u00e9ment pour le linge de 10\u20ac par personne et par s\u00e9jour. Cela comprend le linge de lit, les serviettes de toilette et les serviettes de piscine.<\/p>\n\n\n\n<p>Un lit b\u00e9b\u00e9, une chaise haute et une poussette sont disponibles gratuitement.<\/p>\n\n\n\n<p>Une taxe de s\u00e9jour locale sera per\u00e7ue \u00e0 l\u2019arriv\u00e9e, elle s\u2019\u00e9l\u00e8ve \u00e0 0,90\u20ac par adulte et par nuit, dans la limite de 7 nuits maximum.<\/p>\n\n\n\n<p>Le paiement s\u2019effectue par virement bancaire. Un acompte de 20% est demand\u00e9 \u00e0 la r\u00e9servation, le solde \u00e9tant payable 2 mois avant l\u2019arriv\u00e9e.<\/p>\n\n\n\n<p>Une r\u00e9duction sera appliqu\u00e9e pour les s\u00e9jours de plus de 5 jours.<\/p>\n\n\n\n<p>La propri\u00e9t\u00e9 doit \u00eatre laiss\u00e9e propre et rang\u00e9e au moment du d\u00e9part.<\/p>\n\n\n\n<p>Une caution remboursable de 500\u20ac est demand\u00e9e lors de l&rsquo;enregistrement ou avant de couvrir les dommages et les \u00e9ventuels frais de nettoyage suppl\u00e9mentaires requis. Cette caution sera rembours\u00e9e au moment du d\u00e9part.<\/p>\n\n\n\n<p>En cas d&rsquo;annulation, nous vous rembourserons \u00e0 100% moins l&rsquo;acompte si cela se produit avant 14 jours de votre arriv\u00e9e, 7 \u00e0 14 jours nous vous rembourserons 50%, sinon il n&rsquo;y a pas de remboursement.<\/p>\n\n\n\n<p>Un service de chef priv\u00e9 est disponible sur arrangement pr\u00e9alable et sous r\u00e9serve de disponibilit\u00e9.<\/p>\n\n\n\n<p>Petit-d\u00e9jeuner&nbsp;: 10\u20ac par personne et par jour<\/p>\n\n\n\n<p>Pique-nique&nbsp;: 10\u20ac par personne et par jour<\/p>\n\n\n\n<p>D\u00eener&nbsp;: 25\u20ac par personne et par jour, enfants (jusqu&rsquo;\u00e0 16 ans) 15\u20ac<\/p>\n<\/div><\/div>\n\n<\/div><\/div>\n\n<style>.wp-block-kadence-spacer.kt-block-spacer-1213_104b5f-17 .kt-block-spacer{height:60px;}.wp-block-kadence-spacer.kt-block-spacer-1213_104b5f-17 .kt-divider{border-top-width:1px;height:1px;border-top-color:#eee;width:80%;border-top-style:solid;}<\/style>\n<div class=\"wp-block-kadence-spacer aligncenter kt-block-spacer-1213_104b5f-17\"><div class=\"kt-block-spacer kt-block-spacer-halign-center\"><hr class=\"kt-divider\"\/><\/div><\/div>\n\n\n\n<h2 class=\"wp-block-heading has-text-align-center\">Availability<\/h2>\n\n\n<style>.kb-row-layout-id1213_3764e8-90 > .kt-row-column-wrap{align-content:start;}:where(.kb-row-layout-id1213_3764e8-90 > .kt-row-column-wrap) > .wp-block-kadence-column{justify-content:start;}.kb-row-layout-id1213_3764e8-90 > .kt-row-column-wrap{column-gap:var(--global-kb-gap-md, 2rem);row-gap:var(--global-kb-gap-md, 2rem);max-width:905px;padding-top:var(--global-kb-spacing-sm, 1.5rem);padding-bottom:var(--global-kb-spacing-sm, 1.5rem);grid-template-columns:minmax(0, 1fr);}.kb-row-layout-id1213_3764e8-90 > .kt-row-layout-overlay{opacity:0.30;}@media all and (max-width: 1024px){.kb-row-layout-id1213_3764e8-90 > .kt-row-column-wrap{grid-template-columns:minmax(0, 1fr);}}@media all and (max-width: 767px){.kb-row-layout-id1213_3764e8-90 > .kt-row-column-wrap{grid-template-columns:minmax(0, 1fr);}}<\/style><div class=\"kb-row-layout-wrap kb-row-layout-id1213_3764e8-90 aligncenter wp-block-kadence-rowlayout\"><div class=\"kt-row-column-wrap kt-has-1-columns kt-row-layout-equal kt-tab-layout-inherit kt-mobile-layout-row kt-row-valign-top kb-theme-content-width\">\n<style>.kadence-column1213_7e58e6-dc > .kt-inside-inner-col,.kadence-column1213_7e58e6-dc > .kt-inside-inner-col:before{border-top-left-radius:0px;border-top-right-radius:0px;border-bottom-right-radius:0px;border-bottom-left-radius:0px;}.kadence-column1213_7e58e6-dc > .kt-inside-inner-col{column-gap:var(--global-kb-gap-sm, 1rem);}.kadence-column1213_7e58e6-dc > .kt-inside-inner-col{flex-direction:column;}.kadence-column1213_7e58e6-dc > .kt-inside-inner-col > .aligncenter{width:100%;}.kadence-column1213_7e58e6-dc > .kt-inside-inner-col:before{opacity:0.3;}.kadence-column1213_7e58e6-dc{position:relative;}@media all and (max-width: 1024px){.kadence-column1213_7e58e6-dc > .kt-inside-inner-col{flex-direction:column;justify-content:center;}}@media all and (max-width: 767px){.kadence-column1213_7e58e6-dc > .kt-inside-inner-col{flex-direction:column;justify-content:center;}}<\/style>\n<div class=\"wp-block-kadence-column kadence-column1213_7e58e6-dc inner-column-1\"><div class=\"kt-inside-inner-col\">\n<div class=\"wp-block-booking-booking\"><div class='wpbc_only_calendar wpbc_container'><div id='calendar_booking_unselectable1'><\/div><span ><div style=\"clear:both;height:10px;\"><\/div><div class=\"wpbc_calendar_wraper wpbc_change_over_triangle wpbc_calendar_skin_legacy\"><div class=\"wpbc_cal_container bk_calendar_frame wpbc_no_custom_width  months_num_in_row_ cal_month_num_3\" style=\"\"><div id=\"calendar_booking1\"  class=\"wpbc_calendar_id_1\" >\t<div class=\"calendar_loader_frame calendar_loader_frame1\"\r\n\t\tdata-wpbc-rid=\"1\"\r\n\t\tdata-wpbc-grace=\"8000\"\r\n\t\tstyle=\"--wpbc-loader-cols: 3;\"\r\n\t>\r\n\t\t<div class=\"calendar_loader_text\">Loading...<\/div>\r\n\t\t<div class=\"calendar_loader_frame__progress_line_container\">\r\n\t\t\t<div class=\"calendar_loader_frame__progress_line\"><\/div>\r\n\t\t<\/div>\r\n\t<\/div>\r\n\t<\/div><\/div><div style=\"font-size:7px;text-align:left;margin:0 0 10px;text-shadow: none;\">Powered by <a href=\"https:\/\/wpbookingcalendar.com\" style=\"font-size:7px;\" target=\"_blank\" title=\"Booking Calendar plugin for WordPress\">Booking Calendar<\/a><\/div><textarea id=\"date_booking1\" name=\"date_booking1\" autocomplete=\"off\" style=\"display:none;\"><\/textarea><div class=\"block_hints datepick \"><div class=\"wpdev_hint_with_text\"><div class=\"\"><div class=\"datepick-inline wpbc_calendar_legend_table_width_height\"><table class=\"datepick wpbc_calendar\" style=\"\"><tbody><tr><td class=\"datepick-days-cell date_available wpbc_calendar_legend_day_cell_height\"><div class=\"wpbc-cell-box\">\t<div class=\"date-cell-content\">\t\t<div class=\"date-content-top\"><\/div>\t\t<a>20<\/a>\t\t<div class=\"date-content-bottom\"><\/div>\t<\/div><\/div><\/td><\/tr><\/tbody><\/table><\/div><\/div><div class=\"block_text\">- <\/div><div class=\"block_text\">Disponible<\/div><\/div><div class=\"wpdev_hint_with_text\"><div class=\"\"><div class=\"datepick-inline wpbc_calendar_legend_table_width_height\"><table class=\"datepick wpbc_calendar\" style=\"\"><tbody><tr><td class=\"datepick-days-cell datepick-unselectable date_user_unavailable full_day_booking date_approved wpbc_calendar_legend_day_cell_height\"><div class=\"wpbc-cell-box\">\t<div class=\"date-cell-content\">\t\t<div class=\"date-content-top\"><\/div>\t\t<span>20<\/span>\t\t<div class=\"date-content-bottom\"><\/div>\t<\/div><\/div><\/td><\/tr><\/tbody><\/table><\/div><\/div><div class=\"block_text\">- <\/div><div class=\"block_text\">R\u00e9serv\u00e9<\/div><\/div><div class=\"wpdev_hint_with_text\"><div class=\"\"><div class=\"datepick-inline wpbc_calendar_legend_table_width_height\"><table class=\"datepick wpbc_calendar\" style=\"\"><tbody><tr><td class=\"datepick-days-cell datepick-unselectable date_user_unavailable wpbc_calendar_legend_day_cell_height\"><div class=\"wpbc-cell-box\">\t<div class=\"date-cell-content\">\t\t<div class=\"date-content-top\"><\/div>\t\t<span>20<\/span>\t\t<div class=\"date-content-bottom\"><\/div>\t<\/div><\/div><\/td><\/tr><\/tbody><\/table><\/div><\/div><div class=\"block_text\">- <\/div><div class=\"block_text\">No disponible<\/div><\/div><\/div><\/div> <\/span><\/div><\/div>\n<\/div><\/div>\n\n<\/div><\/div>","protected":false},"excerpt":{"rendered":"<p>Si vous souhaitez nous rendre visite, veuillez nous envoyer un message avec vos exigences. Les prix indiqu\u00e9s s\u2019entendent pour l\u2019ensemble de la propri\u00e9t\u00e9 pouvant accueillir jusqu\u2019\u00e0 12 personnes dans deux chambres familiales et deux chambres jumelles\/doubles. 2026 Des prix Nuits de semaine (lundi \u2013 jeudi)&nbsp;: 150\u20ac\/nit Nuits de week-end (vendredi \u2013 dimanche): 175\u20ac\/nuit P\u00e9riode de &hellip;<\/p>\n","protected":false},"author":1,"featured_media":1214,"parent":0,"menu_order":0,"comment_status":"closed","ping_status":"closed","template":"","meta":{"footnotes":""},"class_list":["post-1213","page","type-page","status-publish","has-post-thumbnail","hentry","post","with-featured-image"],"_links":{"self":[{"href":"https:\/\/www.redrocktrails.co.uk\/fr\/wp-json\/wp\/v2\/pages\/1213","targetHints":{"allow":["GET"]}}],"collection":[{"href":"https:\/\/www.redrocktrails.co.uk\/fr\/wp-json\/wp\/v2\/pages"}],"about":[{"href":"https:\/\/www.redrocktrails.co.uk\/fr\/wp-json\/wp\/v2\/types\/page"}],"author":[{"embeddable":true,"href":"https:\/\/www.redrocktrails.co.uk\/fr\/wp-json\/wp\/v2\/users\/1"}],"replies":[{"embeddable":true,"href":"https:\/\/www.redrocktrails.co.uk\/fr\/wp-json\/wp\/v2\/comments?post=1213"}],"version-history":[{"count":16,"href":"https:\/\/www.redrocktrails.co.uk\/fr\/wp-json\/wp\/v2\/pages\/1213\/revisions"}],"predecessor-version":[{"id":1807,"href":"https:\/\/www.redrocktrails.co.uk\/fr\/wp-json\/wp\/v2\/pages\/1213\/revisions\/1807"}],"wp:featuredmedia":[{"embeddable":true,"href":"https:\/\/www.redrocktrails.co.uk\/fr\/wp-json\/wp\/v2\/media\/1214"}],"wp:attachment":[{"href":"https:\/\/www.redrocktrails.co.uk\/fr\/wp-json\/wp\/v2\/media?parent=1213"}],"curies":[{"name":"wp","href":"https:\/\/api.w.org\/{rel}","templated":true}]}}