{"id":585,"date":"2021-04-13T16:49:39","date_gmt":"2021-04-13T16:49:39","guid":{"rendered":"https:\/\/www.redrocktrails.co.uk\/about-us\/"},"modified":"2024-10-28T16:04:12","modified_gmt":"2024-10-28T16:04:12","slug":"about-us","status":"publish","type":"page","link":"https:\/\/www.redrocktrails.co.uk\/es\/about-us\/","title":{"rendered":"Nosotros"},"content":{"rendered":"<style>.kb-row-layout-id585_aaf6bd-25 > .kt-row-column-wrap{align-content:start;}:where(.kb-row-layout-id585_aaf6bd-25 > .kt-row-column-wrap) > .wp-block-kadence-column{justify-content:start;}.kb-row-layout-id585_aaf6bd-25 > .kt-row-column-wrap{column-gap:var(--global-kb-gap-md, 2rem);row-gap:var(--global-kb-gap-md, 2rem);max-width:905px;padding-top:var(--global-kb-spacing-sm, 1.5rem);padding-bottom:var(--global-kb-spacing-sm, 1.5rem);grid-template-columns:minmax(0, 1fr) minmax(0, 2fr);}.kb-row-layout-id585_aaf6bd-25 > .kt-row-layout-overlay{opacity:0.30;}@media all and (max-width: 1024px){.kb-row-layout-id585_aaf6bd-25 > .kt-row-column-wrap{grid-template-columns:minmax(0, 1fr) minmax(0, 2fr);}}@media all and (max-width: 767px){.kb-row-layout-id585_aaf6bd-25 > .kt-row-column-wrap{grid-template-columns:minmax(0, 1fr);}}<\/style><div class=\"kb-row-layout-wrap kb-row-layout-id585_aaf6bd-25 alignnone wp-block-kadence-rowlayout\"><div class=\"kt-row-column-wrap kt-has-2-columns kt-row-layout-right-golden kt-tab-layout-inherit kt-mobile-layout-row kt-row-valign-top kb-theme-content-width\">\n<style>.kadence-column585_5ca6aa-88 > .kt-inside-inner-col,.kadence-column585_5ca6aa-88 > .kt-inside-inner-col:before{border-top-left-radius:0px;border-top-right-radius:0px;border-bottom-right-radius:0px;border-bottom-left-radius:0px;}.kadence-column585_5ca6aa-88 > .kt-inside-inner-col{column-gap:var(--global-kb-gap-sm, 1rem);}.kadence-column585_5ca6aa-88 > .kt-inside-inner-col{flex-direction:column;}.kadence-column585_5ca6aa-88 > .kt-inside-inner-col > .aligncenter{width:100%;}.kadence-column585_5ca6aa-88 > .kt-inside-inner-col:before{opacity:0.3;}.kadence-column585_5ca6aa-88{position:relative;}@media all and (max-width: 1024px){.kadence-column585_5ca6aa-88 > .kt-inside-inner-col{flex-direction:column;justify-content:center;}}@media all and (max-width: 767px){.kadence-column585_5ca6aa-88 > .kt-inside-inner-col{flex-direction:column;justify-content:center;}}<\/style>\n<div class=\"wp-block-kadence-column kadence-column585_5ca6aa-88 inner-column-1\"><div class=\"kt-inside-inner-col\">\n<p class=\"has-text-align-right destacat\">Red Rock Trails somos la familia Regan<\/p>\n<\/div><\/div>\n\n\n<style>.kadence-column585_97f256-06 > .kt-inside-inner-col,.kadence-column585_97f256-06 > .kt-inside-inner-col:before{border-top-left-radius:0px;border-top-right-radius:0px;border-bottom-right-radius:0px;border-bottom-left-radius:0px;}.kadence-column585_97f256-06 > .kt-inside-inner-col{column-gap:var(--global-kb-gap-sm, 1rem);}.kadence-column585_97f256-06 > .kt-inside-inner-col{flex-direction:column;}.kadence-column585_97f256-06 > .kt-inside-inner-col > .aligncenter{width:100%;}.kadence-column585_97f256-06 > .kt-inside-inner-col:before{opacity:0.3;}.kadence-column585_97f256-06{position:relative;}@media all and (max-width: 1024px){.kadence-column585_97f256-06 > .kt-inside-inner-col{flex-direction:column;justify-content:center;}}@media all and (max-width: 767px){.kadence-column585_97f256-06 > .kt-inside-inner-col{flex-direction:column;justify-content:center;}}<\/style>\n<div class=\"wp-block-kadence-column kadence-column585_97f256-06 inner-column-2\"><div class=\"kt-inside-inner-col\">\n<p>Red Rock Trails somos la familia Regan. Nos quedamos enamorados de este tranquilo rinc\u00f3n del pre-pirineo catal\u00e1n y nos mudamos aqu\u00ed del Reino Unido al 2014. En familia hemos reconstruido una antigua era en el pueblecito de Vilamitjana; y al mismo tiempo hemos tenido la suerte de ser acogidos por la gente que vive aqu\u00ed y de ir descubriendo la zona: donde est\u00e1n los mejores pozos de r\u00edo para nadar, quien hace el mejor vino y el mejor queso, cuando ir a recoger higos y granadas.<\/p>\n<\/div><\/div>\n\n<\/div><\/div>\n\n<style>.kb-row-layout-id585_517a58-1a > .kt-row-column-wrap{align-content:start;}:where(.kb-row-layout-id585_517a58-1a > .kt-row-column-wrap) > .wp-block-kadence-column{justify-content:start;}.kb-row-layout-id585_517a58-1a > .kt-row-column-wrap{column-gap:var(--global-kb-gap-md, 2rem);row-gap:var(--global-kb-gap-md, 2rem);max-width:905px;padding-top:var(--global-kb-spacing-sm, 1.5rem);padding-bottom:var(--global-kb-spacing-sm, 1.5rem);grid-template-columns:minmax(0, 1fr) minmax(0, 2fr);}.kb-row-layout-id585_517a58-1a > .kt-row-layout-overlay{opacity:0.30;}@media all and (max-width: 1024px){.kb-row-layout-id585_517a58-1a > .kt-row-column-wrap{grid-template-columns:minmax(0, 1fr) minmax(0, 2fr);}}@media all and (max-width: 767px){.kb-row-layout-id585_517a58-1a > .kt-row-column-wrap{grid-template-columns:minmax(0, 1fr);}}<\/style><div class=\"kb-row-layout-wrap kb-row-layout-id585_517a58-1a alignnone wp-block-kadence-rowlayout\"><div class=\"kt-row-column-wrap kt-has-2-columns kt-row-layout-right-golden kt-tab-layout-inherit kt-mobile-layout-row kt-row-valign-top kb-theme-content-width\">\n<style>.kadence-column585_678247-a4 > .kt-inside-inner-col,.kadence-column585_678247-a4 > .kt-inside-inner-col:before{border-top-left-radius:0px;border-top-right-radius:0px;border-bottom-right-radius:0px;border-bottom-left-radius:0px;}.kadence-column585_678247-a4 > .kt-inside-inner-col{column-gap:var(--global-kb-gap-sm, 1rem);}.kadence-column585_678247-a4 > .kt-inside-inner-col{flex-direction:column;}.kadence-column585_678247-a4 > .kt-inside-inner-col > .aligncenter{width:100%;}.kadence-column585_678247-a4 > .kt-inside-inner-col:before{opacity:0.3;}.kadence-column585_678247-a4{position:relative;}@media all and (max-width: 1024px){.kadence-column585_678247-a4 > .kt-inside-inner-col{flex-direction:column;justify-content:center;}}@media all and (max-width: 767px){.kadence-column585_678247-a4 > .kt-inside-inner-col{flex-direction:column;justify-content:center;}}<\/style>\n<div class=\"wp-block-kadence-column kadence-column585_678247-a4 inner-column-1\"><div class=\"kt-inside-inner-col\">\n<p class=\"has-text-align-right destacat\">Chris<\/p>\n<\/div><\/div>\n\n\n<style>.kadence-column585_0c82b1-49 > .kt-inside-inner-col,.kadence-column585_0c82b1-49 > .kt-inside-inner-col:before{border-top-left-radius:0px;border-top-right-radius:0px;border-bottom-right-radius:0px;border-bottom-left-radius:0px;}.kadence-column585_0c82b1-49 > .kt-inside-inner-col{column-gap:var(--global-kb-gap-sm, 1rem);}.kadence-column585_0c82b1-49 > .kt-inside-inner-col{flex-direction:column;}.kadence-column585_0c82b1-49 > .kt-inside-inner-col > .aligncenter{width:100%;}.kadence-column585_0c82b1-49 > .kt-inside-inner-col:before{opacity:0.3;}.kadence-column585_0c82b1-49{position:relative;}@media all and (max-width: 1024px){.kadence-column585_0c82b1-49 > .kt-inside-inner-col{flex-direction:column;justify-content:center;}}@media all and (max-width: 767px){.kadence-column585_0c82b1-49 > .kt-inside-inner-col{flex-direction:column;justify-content:center;}}<\/style>\n<div class=\"wp-block-kadence-column kadence-column585_0c82b1-49 inner-column-2\"><div class=\"kt-inside-inner-col\">\n<p>Tras su juventud en un pueblo de Espa\u00f1a, Chris volvi\u00f3 al Reino Unido para la carrera y el oficio de ingenier\u00eda \u2013 pero el arrastre de volver a Espa\u00f1a y cambiar la oficina por los senderos fue demasiado\u2026 Gu\u00eda de BTT titulado y asegurado, os puede aconsejar sobre c\u00f3mo mejor descubrir la zona.<\/p>\n<\/div><\/div>\n\n<\/div><\/div>\n\n<style>.kb-row-layout-id585_4aed7f-b3 > .kt-row-column-wrap{align-content:start;}:where(.kb-row-layout-id585_4aed7f-b3 > .kt-row-column-wrap) > .wp-block-kadence-column{justify-content:start;}.kb-row-layout-id585_4aed7f-b3 > .kt-row-column-wrap{column-gap:var(--global-kb-gap-md, 2rem);row-gap:var(--global-kb-gap-md, 2rem);max-width:905px;padding-top:var(--global-kb-spacing-sm, 1.5rem);padding-bottom:var(--global-kb-spacing-sm, 1.5rem);min-height:76px;grid-template-columns:minmax(0, 1fr) minmax(0, 2fr);}.kb-row-layout-id585_4aed7f-b3 > .kt-row-layout-overlay{opacity:0.30;}@media all and (max-width: 1024px){.kb-row-layout-id585_4aed7f-b3 > .kt-row-column-wrap{grid-template-columns:minmax(0, 1fr) minmax(0, 2fr);}}@media all and (max-width: 767px){.kb-row-layout-id585_4aed7f-b3 > .kt-row-column-wrap{grid-template-columns:minmax(0, 1fr);}}<\/style><div class=\"kb-row-layout-wrap kb-row-layout-id585_4aed7f-b3 alignwide wp-block-kadence-rowlayout\"><div class=\"kt-row-column-wrap kt-has-2-columns kt-row-layout-right-golden kt-tab-layout-inherit kt-mobile-layout-row kt-row-valign-top kb-theme-content-width\">\n<style>.kadence-column585_4c779a-81 > .kt-inside-inner-col,.kadence-column585_4c779a-81 > .kt-inside-inner-col:before{border-top-left-radius:0px;border-top-right-radius:0px;border-bottom-right-radius:0px;border-bottom-left-radius:0px;}.kadence-column585_4c779a-81 > .kt-inside-inner-col{column-gap:var(--global-kb-gap-sm, 1rem);}.kadence-column585_4c779a-81 > .kt-inside-inner-col{flex-direction:column;}.kadence-column585_4c779a-81 > .kt-inside-inner-col > .aligncenter{width:100%;}.kadence-column585_4c779a-81 > .kt-inside-inner-col:before{opacity:0.3;}.kadence-column585_4c779a-81{position:relative;}@media all and (max-width: 1024px){.kadence-column585_4c779a-81 > .kt-inside-inner-col{flex-direction:column;justify-content:center;}}@media all and (max-width: 767px){.kadence-column585_4c779a-81 > .kt-inside-inner-col{flex-direction:column;justify-content:center;}}<\/style>\n<div class=\"wp-block-kadence-column kadence-column585_4c779a-81 inner-column-1\"><div class=\"kt-inside-inner-col\">\n<p class=\"has-text-align-right destacat\">Heather<\/p>\n<\/div><\/div>\n\n\n<style>.kadence-column585_165891-e2 > .kt-inside-inner-col,.kadence-column585_165891-e2 > .kt-inside-inner-col:before{border-top-left-radius:0px;border-top-right-radius:0px;border-bottom-right-radius:0px;border-bottom-left-radius:0px;}.kadence-column585_165891-e2 > .kt-inside-inner-col{column-gap:var(--global-kb-gap-sm, 1rem);}.kadence-column585_165891-e2 > .kt-inside-inner-col{flex-direction:column;}.kadence-column585_165891-e2 > .kt-inside-inner-col > .aligncenter{width:100%;}.kadence-column585_165891-e2 > .kt-inside-inner-col:before{opacity:0.3;}.kadence-column585_165891-e2{position:relative;}@media all and (max-width: 1024px){.kadence-column585_165891-e2 > .kt-inside-inner-col{flex-direction:column;justify-content:center;}}@media all and (max-width: 767px){.kadence-column585_165891-e2 > .kt-inside-inner-col{flex-direction:column;justify-content:center;}}<\/style>\n<div class=\"wp-block-kadence-column kadence-column585_165891-e2 inner-column-2\"><div class=\"kt-inside-inner-col\">\n<p>El pasar a\u00f1os compitiendo en las pistas de esqu\u00ed de pl\u00e1stico del Reino Unido despert\u00f3 en Heather un amor a las monta\u00f1as de verdad. Tiempo trabajando en restaurantes en el RU y EEUU, y su labor como gestora de proyectos han sido preparaci\u00f3n ideal para la responsabilidad de que todos nuestros clientes est\u00e9n perfectamente cuidados durante su estancia.<\/p>\n<\/div><\/div>\n\n<\/div><\/div>\n\n<style>.kb-row-layout-wrap.wp-block-kadence-rowlayout.kb-row-layout-id585_0f604d-4a{margin-top:0px;}.kb-row-layout-id585_0f604d-4a > .kt-row-column-wrap{align-content:start;}:where(.kb-row-layout-id585_0f604d-4a > .kt-row-column-wrap) > .wp-block-kadence-column{justify-content:start;}.kb-row-layout-id585_0f604d-4a > .kt-row-column-wrap{column-gap:var(--global-kb-gap-md, 2rem);row-gap:var(--global-kb-gap-md, 2rem);max-width:905px;padding-top:20px;padding-bottom:20px;grid-template-columns:minmax(0, 1fr) minmax(0, 2fr);}.kb-row-layout-id585_0f604d-4a > .kt-row-layout-overlay{opacity:0.30;}@media all and (max-width: 1024px){.kb-row-layout-id585_0f604d-4a > .kt-row-column-wrap{grid-template-columns:minmax(0, 1fr) minmax(0, 2fr);}}@media all and (max-width: 767px){.kb-row-layout-id585_0f604d-4a > .kt-row-column-wrap{grid-template-columns:minmax(0, 1fr);}}<\/style><div class=\"kb-row-layout-wrap kb-row-layout-id585_0f604d-4a alignwide wp-block-kadence-rowlayout\"><div class=\"kt-row-column-wrap kt-has-2-columns kt-row-layout-right-golden kt-tab-layout-inherit kt-mobile-layout-row kt-row-valign-top kb-theme-content-width\">\n<style>.kadence-column585_88860d-68 > .kt-inside-inner-col,.kadence-column585_88860d-68 > .kt-inside-inner-col:before{border-top-left-radius:0px;border-top-right-radius:0px;border-bottom-right-radius:0px;border-bottom-left-radius:0px;}.kadence-column585_88860d-68 > .kt-inside-inner-col{column-gap:var(--global-kb-gap-sm, 1rem);}.kadence-column585_88860d-68 > .kt-inside-inner-col{flex-direction:column;}.kadence-column585_88860d-68 > .kt-inside-inner-col > .aligncenter{width:100%;}.kadence-column585_88860d-68 > .kt-inside-inner-col:before{opacity:0.3;}.kadence-column585_88860d-68{position:relative;}@media all and (max-width: 1024px){.kadence-column585_88860d-68 > .kt-inside-inner-col{flex-direction:column;justify-content:center;}}@media all and (max-width: 767px){.kadence-column585_88860d-68 > .kt-inside-inner-col{flex-direction:column;justify-content:center;}}<\/style>\n<div class=\"wp-block-kadence-column kadence-column585_88860d-68 inner-column-1\"><div class=\"kt-inside-inner-col\">\n<p class=\"has-text-align-right destacat\">Dan e Iona<\/p>\n<\/div><\/div>\n\n\n<style>.kadence-column585_2e4d50-a7 > .kt-inside-inner-col,.kadence-column585_2e4d50-a7 > .kt-inside-inner-col:before{border-top-left-radius:0px;border-top-right-radius:0px;border-bottom-right-radius:0px;border-bottom-left-radius:0px;}.kadence-column585_2e4d50-a7 > .kt-inside-inner-col{column-gap:var(--global-kb-gap-sm, 1rem);}.kadence-column585_2e4d50-a7 > .kt-inside-inner-col{flex-direction:column;}.kadence-column585_2e4d50-a7 > .kt-inside-inner-col > .aligncenter{width:100%;}.kadence-column585_2e4d50-a7 > .kt-inside-inner-col:before{opacity:0.3;}.kadence-column585_2e4d50-a7{position:relative;}@media all and (max-width: 1024px){.kadence-column585_2e4d50-a7 > .kt-inside-inner-col{flex-direction:column;justify-content:center;}}@media all and (max-width: 767px){.kadence-column585_2e4d50-a7 > .kt-inside-inner-col{flex-direction:column;justify-content:center;}}<\/style>\n<div class=\"wp-block-kadence-column kadence-column585_2e4d50-a7 inner-column-2\"><div class=\"kt-inside-inner-col\">\n<p>Ya no sabemos si Dan e Iona son m\u00e1s brit\u00e1nicos o m\u00e1s catalanes, les encanta la vida rural y ya casi no se acuerdan del clima h\u00famedo y t\u00e9nebre del Reino Unido. El poder pasar las tardes y los fines de semana haciendo BTT, escalada o esquiando ha sido uno de los grandes premios de vivir aqu\u00ed.<\/p>\n\n\n\n<div style=\"height:60px\" aria-hidden=\"true\" class=\"wp-block-spacer\"><\/div>\n\n\n\n<p>Tenemos la suerte de poder compartir nuestro amor de la buena comida y las monta\u00f1as con nuestros clientes y nos encantar\u00eda presentaros al salvaje y precioso Pallars Juss\u00e0 al Pirineo.<\/p>\n<\/div><\/div>\n\n<\/div><\/div>\n\n<style>.kb-row-layout-id585_1aa9f1-1f > .kt-row-column-wrap{align-content:center;}:where(.kb-row-layout-id585_1aa9f1-1f > .kt-row-column-wrap) > .wp-block-kadence-column{justify-content:center;}.kb-row-layout-id585_1aa9f1-1f > .kt-row-column-wrap{column-gap:var(--global-kb-gap-md, 2rem);row-gap:var(--global-kb-gap-md, 2rem);max-width:905px;padding-top:24px;padding-bottom:25px;grid-template-columns:minmax(0, 1fr);}.kb-row-layout-id585_1aa9f1-1f > .kt-row-layout-overlay{opacity:0.30;}@media all and (max-width: 1024px){.kb-row-layout-id585_1aa9f1-1f > .kt-row-column-wrap{grid-template-columns:minmax(0, 1fr);}}@media all and (max-width: 767px){.kb-row-layout-id585_1aa9f1-1f > .kt-row-column-wrap{grid-template-columns:minmax(0, 1fr);}}<\/style><div class=\"kb-row-layout-wrap kb-row-layout-id585_1aa9f1-1f aligncenter wp-block-kadence-rowlayout\"><div class=\"kt-row-column-wrap kt-has-1-columns kt-row-layout-equal kt-tab-layout-inherit kt-mobile-layout-row kt-row-valign-middle kb-theme-content-width\">\n<style>.kadence-column585_37d008-24 > .kt-inside-inner-col,.kadence-column585_37d008-24 > .kt-inside-inner-col:before{border-top-left-radius:0px;border-top-right-radius:0px;border-bottom-right-radius:0px;border-bottom-left-radius:0px;}.kadence-column585_37d008-24 > .kt-inside-inner-col{column-gap:var(--global-kb-gap-sm, 1rem);}.kadence-column585_37d008-24 > .kt-inside-inner-col{flex-direction:column;}.kadence-column585_37d008-24 > .kt-inside-inner-col > .aligncenter{width:100%;}.kadence-column585_37d008-24 > .kt-inside-inner-col:before{opacity:0.3;}.kadence-column585_37d008-24{position:relative;}@media all and (max-width: 1024px){.kadence-column585_37d008-24 > .kt-inside-inner-col{flex-direction:column;justify-content:center;}}@media all and (max-width: 767px){.kadence-column585_37d008-24 > .kt-inside-inner-col{flex-direction:column;justify-content:center;}}<\/style>\n<div class=\"wp-block-kadence-column kadence-column585_37d008-24 inner-column-1\"><div class=\"kt-inside-inner-col\"><\/div><\/div>\n\n<\/div><\/div>\n\n\n<figure class=\"wp-block-gallery has-nested-images columns-default is-cropped wp-block-gallery-1 is-layout-flex wp-block-gallery-is-layout-flex\">\n<figure class=\"wp-block-image size-large\"><img loading=\"lazy\" decoding=\"async\" width=\"1024\" height=\"575\" data-id=\"71\" src=\"https:\/\/www.redrocktrails.co.uk\/wp-content\/uploads\/about_gallery_1-1024x575.jpg\" alt=\"\" class=\"wp-image-71\" srcset=\"https:\/\/www.redrocktrails.co.uk\/wp-content\/uploads\/about_gallery_1-1024x575.jpg 1024w, https:\/\/www.redrocktrails.co.uk\/wp-content\/uploads\/about_gallery_1-300x168.jpg 300w, https:\/\/www.redrocktrails.co.uk\/wp-content\/uploads\/about_gallery_1-768x431.jpg 768w, https:\/\/www.redrocktrails.co.uk\/wp-content\/uploads\/about_gallery_1-1200x674.jpg 1200w, https:\/\/www.redrocktrails.co.uk\/wp-content\/uploads\/about_gallery_1.jpg 1300w\" sizes=\"auto, (max-width: 1024px) 100vw, 1024px\" \/><\/figure>\n\n\n\n<figure class=\"wp-block-image size-large\"><img loading=\"lazy\" decoding=\"async\" width=\"1024\" height=\"575\" data-id=\"72\" src=\"https:\/\/www.redrocktrails.co.uk\/wp-content\/uploads\/about_gallery_2-1024x575.jpg\" alt=\"\" class=\"wp-image-72\" srcset=\"https:\/\/www.redrocktrails.co.uk\/wp-content\/uploads\/about_gallery_2-1024x575.jpg 1024w, https:\/\/www.redrocktrails.co.uk\/wp-content\/uploads\/about_gallery_2-300x168.jpg 300w, https:\/\/www.redrocktrails.co.uk\/wp-content\/uploads\/about_gallery_2-768x431.jpg 768w, https:\/\/www.redrocktrails.co.uk\/wp-content\/uploads\/about_gallery_2-1200x674.jpg 1200w, https:\/\/www.redrocktrails.co.uk\/wp-content\/uploads\/about_gallery_2.jpg 1300w\" sizes=\"auto, (max-width: 1024px) 100vw, 1024px\" \/><\/figure>\n<\/figure>\n\n\n\n<figure class=\"wp-block-gallery has-nested-images columns-3 is-cropped wp-block-gallery-2 is-layout-flex wp-block-gallery-is-layout-flex\">\n<figure class=\"wp-block-image size-large\"><img loading=\"lazy\" decoding=\"async\" width=\"614\" height=\"1024\" data-id=\"76\" src=\"https:\/\/www.redrocktrails.co.uk\/wp-content\/uploads\/about_gallery_6-614x1024.jpg\" alt=\"\" class=\"wp-image-76\" srcset=\"https:\/\/www.redrocktrails.co.uk\/wp-content\/uploads\/about_gallery_6-614x1024.jpg 614w, https:\/\/www.redrocktrails.co.uk\/wp-content\/uploads\/about_gallery_6-180x300.jpg 180w, https:\/\/www.redrocktrails.co.uk\/wp-content\/uploads\/about_gallery_6-768x1280.jpg 768w, https:\/\/www.redrocktrails.co.uk\/wp-content\/uploads\/about_gallery_6-921x1536.jpg 921w, https:\/\/www.redrocktrails.co.uk\/wp-content\/uploads\/about_gallery_6-1229x2048.jpg 1229w, https:\/\/www.redrocktrails.co.uk\/wp-content\/uploads\/about_gallery_6-1200x2000.jpg 1200w, https:\/\/www.redrocktrails.co.uk\/wp-content\/uploads\/about_gallery_6-300x500.jpg 300w, https:\/\/www.redrocktrails.co.uk\/wp-content\/uploads\/about_gallery_6.jpg 1300w\" sizes=\"auto, (max-width: 614px) 100vw, 614px\" \/><\/figure>\n\n\n\n<figure class=\"wp-block-image size-large\"><img loading=\"lazy\" decoding=\"async\" width=\"575\" height=\"1024\" data-id=\"75\" src=\"https:\/\/www.redrocktrails.co.uk\/wp-content\/uploads\/about_gallery_5-575x1024.jpg\" alt=\"\" class=\"wp-image-75\" srcset=\"https:\/\/www.redrocktrails.co.uk\/wp-content\/uploads\/about_gallery_5-575x1024.jpg 575w, https:\/\/www.redrocktrails.co.uk\/wp-content\/uploads\/about_gallery_5-168x300.jpg 168w, https:\/\/www.redrocktrails.co.uk\/wp-content\/uploads\/about_gallery_5-768x1368.jpg 768w, https:\/\/www.redrocktrails.co.uk\/wp-content\/uploads\/about_gallery_5-862x1536.jpg 862w, https:\/\/www.redrocktrails.co.uk\/wp-content\/uploads\/about_gallery_5-1150x2048.jpg 1150w, https:\/\/www.redrocktrails.co.uk\/wp-content\/uploads\/about_gallery_5-1200x2138.jpg 1200w, https:\/\/www.redrocktrails.co.uk\/wp-content\/uploads\/about_gallery_5-300x534.jpg 300w, https:\/\/www.redrocktrails.co.uk\/wp-content\/uploads\/about_gallery_5.jpg 1300w\" sizes=\"auto, (max-width: 575px) 100vw, 575px\" \/><\/figure>\n\n\n\n<figure class=\"wp-block-image size-large\"><img loading=\"lazy\" decoding=\"async\" width=\"614\" height=\"1024\" data-id=\"74\" src=\"https:\/\/www.redrocktrails.co.uk\/wp-content\/uploads\/about_gallery_4-614x1024.jpg\" alt=\"\" class=\"wp-image-74\" srcset=\"https:\/\/www.redrocktrails.co.uk\/wp-content\/uploads\/about_gallery_4-614x1024.jpg 614w, https:\/\/www.redrocktrails.co.uk\/wp-content\/uploads\/about_gallery_4-180x300.jpg 180w, https:\/\/www.redrocktrails.co.uk\/wp-content\/uploads\/about_gallery_4-768x1280.jpg 768w, https:\/\/www.redrocktrails.co.uk\/wp-content\/uploads\/about_gallery_4-921x1536.jpg 921w, https:\/\/www.redrocktrails.co.uk\/wp-content\/uploads\/about_gallery_4-1229x2048.jpg 1229w, https:\/\/www.redrocktrails.co.uk\/wp-content\/uploads\/about_gallery_4-1200x2000.jpg 1200w, https:\/\/www.redrocktrails.co.uk\/wp-content\/uploads\/about_gallery_4-300x500.jpg 300w, https:\/\/www.redrocktrails.co.uk\/wp-content\/uploads\/about_gallery_4.jpg 1300w\" sizes=\"auto, (max-width: 614px) 100vw, 614px\" \/><\/figure>\n<\/figure>\n","protected":false},"excerpt":{"rendered":"<p>Red Rock Trails somos la familia Regan Red Rock Trails somos la familia Regan. Nos quedamos enamorados de este tranquilo rinc\u00f3n del pre-pirineo catal\u00e1n y nos mudamos aqu\u00ed del Reino Unido al 2014. En familia hemos reconstruido una antigua era en el pueblecito de Vilamitjana; y al mismo tiempo hemos tenido la suerte de ser &hellip;<\/p>\n","protected":false},"author":1,"featured_media":587,"parent":0,"menu_order":0,"comment_status":"closed","ping_status":"closed","template":"","meta":{"footnotes":""},"class_list":["post-585","page","type-page","status-publish","has-post-thumbnail","hentry","post","with-featured-image"],"_links":{"self":[{"href":"https:\/\/www.redrocktrails.co.uk\/es\/wp-json\/wp\/v2\/pages\/585","targetHints":{"allow":["GET"]}}],"collection":[{"href":"https:\/\/www.redrocktrails.co.uk\/es\/wp-json\/wp\/v2\/pages"}],"about":[{"href":"https:\/\/www.redrocktrails.co.uk\/es\/wp-json\/wp\/v2\/types\/page"}],"author":[{"embeddable":true,"href":"https:\/\/www.redrocktrails.co.uk\/es\/wp-json\/wp\/v2\/users\/1"}],"replies":[{"embeddable":true,"href":"https:\/\/www.redrocktrails.co.uk\/es\/wp-json\/wp\/v2\/comments?post=585"}],"version-history":[{"count":8,"href":"https:\/\/www.redrocktrails.co.uk\/es\/wp-json\/wp\/v2\/pages\/585\/revisions"}],"predecessor-version":[{"id":1404,"href":"https:\/\/www.redrocktrails.co.uk\/es\/wp-json\/wp\/v2\/pages\/585\/revisions\/1404"}],"wp:featuredmedia":[{"embeddable":true,"href":"https:\/\/www.redrocktrails.co.uk\/es\/wp-json\/wp\/v2\/media\/587"}],"wp:attachment":[{"href":"https:\/\/www.redrocktrails.co.uk\/es\/wp-json\/wp\/v2\/media?parent=585"}],"curies":[{"name":"wp","href":"https:\/\/api.w.org\/{rel}","templated":true}]}}