{"id":580,"date":"2021-04-13T16:50:05","date_gmt":"2021-04-13T16:50:05","guid":{"rendered":"https:\/\/www.redrocktrails.co.uk\/cycling\/"},"modified":"2024-10-28T15:46:17","modified_gmt":"2024-10-28T15:46:17","slug":"cycling","status":"publish","type":"page","link":"https:\/\/www.redrocktrails.co.uk\/es\/cycling\/","title":{"rendered":"Ciclismo en un entorno impresionante"},"content":{"rendered":"<style>.kb-row-layout-id580_428371-48 > .kt-row-column-wrap{align-content:start;}:where(.kb-row-layout-id580_428371-48 > .kt-row-column-wrap) > .wp-block-kadence-column{justify-content:start;}.kb-row-layout-id580_428371-48 > .kt-row-column-wrap{column-gap:var(--global-kb-gap-md, 2rem);row-gap:var(--global-kb-gap-md, 2rem);max-width:905px;padding-top:25px;padding-bottom:24px;grid-template-columns:minmax(0, 1fr) minmax(0, 2fr);}.kb-row-layout-id580_428371-48 > .kt-row-layout-overlay{opacity:0.30;}@media all and (max-width: 1024px){.kb-row-layout-id580_428371-48 > .kt-row-column-wrap{grid-template-columns:minmax(0, 1fr) minmax(0, 2fr);}}@media all and (max-width: 767px){.kb-row-layout-id580_428371-48 > .kt-row-column-wrap{grid-template-columns:minmax(0, 1fr);}}<\/style><div class=\"kb-row-layout-wrap kb-row-layout-id580_428371-48 alignnone wp-block-kadence-rowlayout\"><div class=\"kt-row-column-wrap kt-has-2-columns kt-row-layout-right-golden kt-tab-layout-inherit kt-mobile-layout-row kt-row-valign-top kb-theme-content-width\">\n<style>.kadence-column580_4ada47-c7 > .kt-inside-inner-col,.kadence-column580_4ada47-c7 > .kt-inside-inner-col:before{border-top-left-radius:0px;border-top-right-radius:0px;border-bottom-right-radius:0px;border-bottom-left-radius:0px;}.kadence-column580_4ada47-c7 > .kt-inside-inner-col{column-gap:var(--global-kb-gap-sm, 1rem);}.kadence-column580_4ada47-c7 > .kt-inside-inner-col{flex-direction:column;}.kadence-column580_4ada47-c7 > .kt-inside-inner-col > .aligncenter{width:100%;}.kadence-column580_4ada47-c7 > .kt-inside-inner-col:before{opacity:0.3;}.kadence-column580_4ada47-c7{position:relative;}@media all and (max-width: 1024px){.kadence-column580_4ada47-c7 > .kt-inside-inner-col{flex-direction:column;justify-content:center;}}@media all and (max-width: 767px){.kadence-column580_4ada47-c7 > .kt-inside-inner-col{flex-direction:column;justify-content:center;}}<\/style>\n<div class=\"wp-block-kadence-column kadence-column580_4ada47-c7 inner-column-1\"><div class=\"kt-inside-inner-col\">\n<p class=\"has-text-align-right destacat\">Experiencias inolvidables en bici por los Pirineos<\/p>\n<\/div><\/div>\n\n\n<style>.kadence-column580_44f123-5c > .kt-inside-inner-col,.kadence-column580_44f123-5c > .kt-inside-inner-col:before{border-top-left-radius:0px;border-top-right-radius:0px;border-bottom-right-radius:0px;border-bottom-left-radius:0px;}.kadence-column580_44f123-5c > .kt-inside-inner-col{column-gap:var(--global-kb-gap-sm, 1rem);}.kadence-column580_44f123-5c > .kt-inside-inner-col{flex-direction:column;}.kadence-column580_44f123-5c > .kt-inside-inner-col > .aligncenter{width:100%;}.kadence-column580_44f123-5c > .kt-inside-inner-col:before{opacity:0.3;}.kadence-column580_44f123-5c{position:relative;}@media all and (max-width: 1024px){.kadence-column580_44f123-5c > .kt-inside-inner-col{flex-direction:column;justify-content:center;}}@media all and (max-width: 767px){.kadence-column580_44f123-5c > .kt-inside-inner-col{flex-direction:column;justify-content:center;}}<\/style>\n<div class=\"wp-block-kadence-column kadence-column580_44f123-5c inner-column-2\"><div class=\"kt-inside-inner-col\">\n<p>Red Rock Trails est\u00e1 situado en el coraz\u00f3n del amplio valle de Tremp y est\u00e1 rodeado por las estribaciones de los Pirineos. \u00c9ste es un terreno ideal para que todos disfruten de la bici, ya sea una vuelta f\u00e1cil junto a r\u00edo en familia, una incursi\u00f3n matutina en el slickrock local, o una ruta grande en la carretera, incluyendo subidas visitadas por la Volta o el Tour.<\/p>\n<\/div><\/div>\n\n<\/div><\/div>\n\n<style>.kb-row-layout-id580_7865c5-b3 > .kt-row-column-wrap{align-content:start;}:where(.kb-row-layout-id580_7865c5-b3 > .kt-row-column-wrap) > .wp-block-kadence-column{justify-content:start;}.kb-row-layout-id580_7865c5-b3 > .kt-row-column-wrap{column-gap:var(--global-kb-gap-md, 2rem);row-gap:var(--global-kb-gap-md, 2rem);max-width:905px;padding-top:25px;padding-bottom:24px;grid-template-columns:minmax(0, 1fr) minmax(0, 2fr);}.kb-row-layout-id580_7865c5-b3 > .kt-row-layout-overlay{opacity:0.30;}@media all and (max-width: 1024px){.kb-row-layout-id580_7865c5-b3 > .kt-row-column-wrap{grid-template-columns:minmax(0, 1fr) minmax(0, 2fr);}}@media all and (max-width: 767px){.kb-row-layout-id580_7865c5-b3 > .kt-row-column-wrap{grid-template-columns:minmax(0, 1fr);}}<\/style><div class=\"kb-row-layout-wrap kb-row-layout-id580_7865c5-b3 alignnone wp-block-kadence-rowlayout\"><div class=\"kt-row-column-wrap kt-has-2-columns kt-row-layout-right-golden kt-tab-layout-inherit kt-mobile-layout-row kt-row-valign-top kb-theme-content-width\">\n<style>.kadence-column580_048018-2e > .kt-inside-inner-col,.kadence-column580_048018-2e > .kt-inside-inner-col:before{border-top-left-radius:0px;border-top-right-radius:0px;border-bottom-right-radius:0px;border-bottom-left-radius:0px;}.kadence-column580_048018-2e > .kt-inside-inner-col{column-gap:var(--global-kb-gap-sm, 1rem);}.kadence-column580_048018-2e > .kt-inside-inner-col{flex-direction:column;}.kadence-column580_048018-2e > .kt-inside-inner-col > .aligncenter{width:100%;}.kadence-column580_048018-2e > .kt-inside-inner-col:before{opacity:0.3;}.kadence-column580_048018-2e{position:relative;}@media all and (max-width: 1024px){.kadence-column580_048018-2e > .kt-inside-inner-col{flex-direction:column;justify-content:center;}}@media all and (max-width: 767px){.kadence-column580_048018-2e > .kt-inside-inner-col{flex-direction:column;justify-content:center;}}<\/style>\n<div class=\"wp-block-kadence-column kadence-column580_048018-2e inner-column-1\"><div class=\"kt-inside-inner-col\">\n<p class=\"has-text-align-right destacat\">Almacenamiento Seguro<\/p>\n<\/div><\/div>\n\n\n<style>.kadence-column580_f7caf9-7b > .kt-inside-inner-col,.kadence-column580_f7caf9-7b > .kt-inside-inner-col:before{border-top-left-radius:0px;border-top-right-radius:0px;border-bottom-right-radius:0px;border-bottom-left-radius:0px;}.kadence-column580_f7caf9-7b > .kt-inside-inner-col{column-gap:var(--global-kb-gap-sm, 1rem);}.kadence-column580_f7caf9-7b > .kt-inside-inner-col{flex-direction:column;}.kadence-column580_f7caf9-7b > .kt-inside-inner-col > .aligncenter{width:100%;}.kadence-column580_f7caf9-7b > .kt-inside-inner-col:before{opacity:0.3;}.kadence-column580_f7caf9-7b{position:relative;}@media all and (max-width: 1024px){.kadence-column580_f7caf9-7b > .kt-inside-inner-col{flex-direction:column;justify-content:center;}}@media all and (max-width: 767px){.kadence-column580_f7caf9-7b > .kt-inside-inner-col{flex-direction:column;justify-content:center;}}<\/style>\n<div class=\"wp-block-kadence-column kadence-column580_f7caf9-7b inner-column-2\"><div class=\"kt-inside-inner-col\">\n<p>Para sus bicis tenemos un almac\u00e9n seguro y un taller totalmente equipado para todas sus necesidades.<\/p>\n<\/div><\/div>\n\n<\/div><\/div>\n\n<style>.kb-row-layout-id580_d5918f-db > .kt-row-column-wrap{align-content:start;}:where(.kb-row-layout-id580_d5918f-db > .kt-row-column-wrap) > .wp-block-kadence-column{justify-content:start;}.kb-row-layout-id580_d5918f-db > .kt-row-column-wrap{column-gap:var(--global-kb-gap-md, 2rem);row-gap:var(--global-kb-gap-md, 2rem);max-width:905px;padding-top:25px;padding-bottom:24px;grid-template-columns:minmax(0, 1fr) minmax(0, 2fr);}.kb-row-layout-id580_d5918f-db > .kt-row-layout-overlay{opacity:0.30;}@media all and (max-width: 1024px){.kb-row-layout-id580_d5918f-db > .kt-row-column-wrap{grid-template-columns:minmax(0, 1fr) minmax(0, 2fr);}}@media all and (max-width: 767px){.kb-row-layout-id580_d5918f-db > .kt-row-column-wrap{grid-template-columns:minmax(0, 1fr);}}<\/style><div class=\"kb-row-layout-wrap kb-row-layout-id580_d5918f-db alignnone wp-block-kadence-rowlayout\"><div class=\"kt-row-column-wrap kt-has-2-columns kt-row-layout-right-golden kt-tab-layout-inherit kt-mobile-layout-row kt-row-valign-top kb-theme-content-width\">\n<style>.kadence-column580_b46e0b-5e > .kt-inside-inner-col,.kadence-column580_b46e0b-5e > .kt-inside-inner-col:before{border-top-left-radius:0px;border-top-right-radius:0px;border-bottom-right-radius:0px;border-bottom-left-radius:0px;}.kadence-column580_b46e0b-5e > .kt-inside-inner-col{column-gap:var(--global-kb-gap-sm, 1rem);}.kadence-column580_b46e0b-5e > .kt-inside-inner-col{flex-direction:column;}.kadence-column580_b46e0b-5e > .kt-inside-inner-col > .aligncenter{width:100%;}.kadence-column580_b46e0b-5e > .kt-inside-inner-col:before{opacity:0.3;}.kadence-column580_b46e0b-5e{position:relative;}@media all and (max-width: 1024px){.kadence-column580_b46e0b-5e > .kt-inside-inner-col{flex-direction:column;justify-content:center;}}@media all and (max-width: 767px){.kadence-column580_b46e0b-5e > .kt-inside-inner-col{flex-direction:column;justify-content:center;}}<\/style>\n<div class=\"wp-block-kadence-column kadence-column580_b46e0b-5e inner-column-1\"><div class=\"kt-inside-inner-col\">\n<p class=\"has-text-align-right destacat\">Bici de Monta\u00f1a<\/p>\n<\/div><\/div>\n\n\n<style>.kadence-column580_ec99bd-32 > .kt-inside-inner-col,.kadence-column580_ec99bd-32 > .kt-inside-inner-col:before{border-top-left-radius:0px;border-top-right-radius:0px;border-bottom-right-radius:0px;border-bottom-left-radius:0px;}.kadence-column580_ec99bd-32 > .kt-inside-inner-col{column-gap:var(--global-kb-gap-sm, 1rem);}.kadence-column580_ec99bd-32 > .kt-inside-inner-col{flex-direction:column;}.kadence-column580_ec99bd-32 > .kt-inside-inner-col > .aligncenter{width:100%;}.kadence-column580_ec99bd-32 > .kt-inside-inner-col:before{opacity:0.3;}.kadence-column580_ec99bd-32{position:relative;}@media all and (max-width: 1024px){.kadence-column580_ec99bd-32 > .kt-inside-inner-col{flex-direction:column;justify-content:center;}}@media all and (max-width: 767px){.kadence-column580_ec99bd-32 > .kt-inside-inner-col{flex-direction:column;justify-content:center;}}<\/style>\n<div class=\"wp-block-kadence-column kadence-column580_ec99bd-32 inner-column-2\"><div class=\"kt-inside-inner-col\">\n<p>La amplia cuenca de Tremp nos ofrece un amplio abanico de senderos BTT, desde salidas pl\u00e1cidas junto a r\u00edo o vueltas al estanque hasta trails con un desnivel de casi 1000\u202fm. La zona est\u00e1 reconocida por su geolog\u00eda variada, tenemos senderos con switchbacks forestales, arenisca slickrock e impresionantes crestas estilo Badlands, a veces todas en una misma salida.<\/p>\n\n\n\n<p>Como solemos tener un clima m\u00e1s bien seco, los senderos no necesitan mucha protecci\u00f3n de los elementos, as\u00ed que son menos toscos y tienen m\u00e1s flow que en otros lugares, \u00a1aunque tenemos trails rocosos para los que los quieran!<\/p>\n<\/div><\/div>\n\n<\/div><\/div>\n\n<style>.kb-row-layout-id580_ca4027-f1 > .kt-row-column-wrap{align-content:start;}:where(.kb-row-layout-id580_ca4027-f1 > .kt-row-column-wrap) > .wp-block-kadence-column{justify-content:start;}.kb-row-layout-id580_ca4027-f1 > .kt-row-column-wrap{column-gap:var(--global-kb-gap-md, 2rem);row-gap:var(--global-kb-gap-md, 2rem);max-width:905px;padding-top:25px;padding-bottom:24px;grid-template-columns:minmax(0, 1fr) minmax(0, 2fr);}.kb-row-layout-id580_ca4027-f1 > .kt-row-layout-overlay{opacity:0.30;}@media all and (max-width: 1024px){.kb-row-layout-id580_ca4027-f1 > .kt-row-column-wrap{grid-template-columns:minmax(0, 1fr) minmax(0, 2fr);}}@media all and (max-width: 767px){.kb-row-layout-id580_ca4027-f1 > .kt-row-column-wrap{grid-template-columns:minmax(0, 1fr);}}<\/style><div class=\"kb-row-layout-wrap kb-row-layout-id580_ca4027-f1 alignnone wp-block-kadence-rowlayout\"><div class=\"kt-row-column-wrap kt-has-2-columns kt-row-layout-right-golden kt-tab-layout-inherit kt-mobile-layout-row kt-row-valign-top kb-theme-content-width\">\n<style>.kadence-column580_ff2633-42 > .kt-inside-inner-col,.kadence-column580_ff2633-42 > .kt-inside-inner-col:before{border-top-left-radius:0px;border-top-right-radius:0px;border-bottom-right-radius:0px;border-bottom-left-radius:0px;}.kadence-column580_ff2633-42 > .kt-inside-inner-col{column-gap:var(--global-kb-gap-sm, 1rem);}.kadence-column580_ff2633-42 > .kt-inside-inner-col{flex-direction:column;}.kadence-column580_ff2633-42 > .kt-inside-inner-col > .aligncenter{width:100%;}.kadence-column580_ff2633-42 > .kt-inside-inner-col:before{opacity:0.3;}.kadence-column580_ff2633-42{position:relative;}@media all and (max-width: 1024px){.kadence-column580_ff2633-42 > .kt-inside-inner-col{flex-direction:column;justify-content:center;}}@media all and (max-width: 767px){.kadence-column580_ff2633-42 > .kt-inside-inner-col{flex-direction:column;justify-content:center;}}<\/style>\n<div class=\"wp-block-kadence-column kadence-column580_ff2633-42 inner-column-1\"><div class=\"kt-inside-inner-col\">\n<p class=\"has-text-align-right destacat\">Territori Lo Podall<\/p>\n<\/div><\/div>\n\n\n<style>.kadence-column580_3b398e-0b > .kt-inside-inner-col,.kadence-column580_3b398e-0b > .kt-inside-inner-col:before{border-top-left-radius:0px;border-top-right-radius:0px;border-bottom-right-radius:0px;border-bottom-left-radius:0px;}.kadence-column580_3b398e-0b > .kt-inside-inner-col{column-gap:var(--global-kb-gap-sm, 1rem);}.kadence-column580_3b398e-0b > .kt-inside-inner-col{flex-direction:column;}.kadence-column580_3b398e-0b > .kt-inside-inner-col > .aligncenter{width:100%;}.kadence-column580_3b398e-0b > .kt-inside-inner-col:before{opacity:0.3;}.kadence-column580_3b398e-0b{position:relative;}@media all and (max-width: 1024px){.kadence-column580_3b398e-0b > .kt-inside-inner-col{flex-direction:column;justify-content:center;}}@media all and (max-width: 767px){.kadence-column580_3b398e-0b > .kt-inside-inner-col{flex-direction:column;justify-content:center;}}<\/style>\n<div class=\"wp-block-kadence-column kadence-column580_3b398e-0b inner-column-2\"><div class=\"kt-inside-inner-col\">\n<p>Hay un grupo de riders locales que han formado una asociaci\u00f3n de recuperaci\u00f3n de senderos, creando la zona del <a href=\"https:\/\/www.trailforks.com\/region\/territori-lo-podall-tremp-28189\/\" target=\"_blank\" rel=\"noreferrer noopener\">Territori Lo Podall<\/a> , que cuenta con m\u00e1s de 300km de senderos y que va creciendo.<\/p>\n<\/div><\/div>\n\n<\/div><\/div>\n\n<style>.kb-row-layout-id580_19c302-6c > .kt-row-column-wrap{align-content:start;}:where(.kb-row-layout-id580_19c302-6c > .kt-row-column-wrap) > .wp-block-kadence-column{justify-content:start;}.kb-row-layout-id580_19c302-6c > .kt-row-column-wrap{column-gap:var(--global-kb-gap-md, 2rem);row-gap:var(--global-kb-gap-md, 2rem);max-width:905px;padding-top:25px;padding-bottom:24px;grid-template-columns:minmax(0, 1fr) minmax(0, 2fr);}.kb-row-layout-id580_19c302-6c > .kt-row-layout-overlay{opacity:0.30;}@media all and (max-width: 1024px){.kb-row-layout-id580_19c302-6c > .kt-row-column-wrap{grid-template-columns:minmax(0, 1fr) minmax(0, 2fr);}}@media all and (max-width: 767px){.kb-row-layout-id580_19c302-6c > .kt-row-column-wrap{grid-template-columns:minmax(0, 1fr);}}<\/style><div class=\"kb-row-layout-wrap kb-row-layout-id580_19c302-6c alignnone wp-block-kadence-rowlayout\"><div class=\"kt-row-column-wrap kt-has-2-columns kt-row-layout-right-golden kt-tab-layout-inherit kt-mobile-layout-row kt-row-valign-top kb-theme-content-width\">\n<style>.kadence-column580_dbd863-32 > .kt-inside-inner-col,.kadence-column580_dbd863-32 > .kt-inside-inner-col:before{border-top-left-radius:0px;border-top-right-radius:0px;border-bottom-right-radius:0px;border-bottom-left-radius:0px;}.kadence-column580_dbd863-32 > .kt-inside-inner-col{column-gap:var(--global-kb-gap-sm, 1rem);}.kadence-column580_dbd863-32 > .kt-inside-inner-col{flex-direction:column;}.kadence-column580_dbd863-32 > .kt-inside-inner-col > .aligncenter{width:100%;}.kadence-column580_dbd863-32 > .kt-inside-inner-col:before{opacity:0.3;}.kadence-column580_dbd863-32{position:relative;}@media all and (max-width: 1024px){.kadence-column580_dbd863-32 > .kt-inside-inner-col{flex-direction:column;justify-content:center;}}@media all and (max-width: 767px){.kadence-column580_dbd863-32 > .kt-inside-inner-col{flex-direction:column;justify-content:center;}}<\/style>\n<div class=\"wp-block-kadence-column kadence-column580_dbd863-32 inner-column-1\"><div class=\"kt-inside-inner-col\">\n<p class=\"has-text-align-right destacat\">Bici Carretera<br>Carreteras vac\u00edas<\/p>\n<\/div><\/div>\n\n\n<style>.kadence-column580_f4c1e6-ee > .kt-inside-inner-col,.kadence-column580_f4c1e6-ee > .kt-inside-inner-col:before{border-top-left-radius:0px;border-top-right-radius:0px;border-bottom-right-radius:0px;border-bottom-left-radius:0px;}.kadence-column580_f4c1e6-ee > .kt-inside-inner-col{column-gap:var(--global-kb-gap-sm, 1rem);}.kadence-column580_f4c1e6-ee > .kt-inside-inner-col{flex-direction:column;}.kadence-column580_f4c1e6-ee > .kt-inside-inner-col > .aligncenter{width:100%;}.kadence-column580_f4c1e6-ee > .kt-inside-inner-col:before{opacity:0.3;}.kadence-column580_f4c1e6-ee{position:relative;}@media all and (max-width: 1024px){.kadence-column580_f4c1e6-ee > .kt-inside-inner-col{flex-direction:column;justify-content:center;}}@media all and (max-width: 767px){.kadence-column580_f4c1e6-ee > .kt-inside-inner-col{flex-direction:column;justify-content:center;}}<\/style>\n<div class=\"wp-block-kadence-column kadence-column580_f4c1e6-ee inner-column-2\"><div class=\"kt-inside-inner-col\">\n<p>Situado en la cuenca de Tremp en el Pirineo, Red Rock Trails es la base perfecta para alejarse del tr\u00e1fico, explorar las id\u00edlicas carreteras vac\u00edas que rodean a nuestros lagos locales, aventurarse en los valles circundantes o poner a prueba los tus pulmones y piernas intentando obtener un KOM en una de las subidas de categor\u00eda especial locales, mientras disfrutas del clima seco y soleado casi todo el a\u00f1o.<\/p>\n\n\n\n<p>Nos encanta poder conducir sin el tr\u00e1fico y las multitudes de otros lugares populares para ciclistas, la mayor\u00eda de los d\u00edas tendremos las carreteras para nosotros solos, por lo que podemos concentrarnos en el impresionante paisaje de monta\u00f1a y en la carretera cuando empieza a apuntar hacia abajo\u2026<\/p>\n<\/div><\/div>\n\n<\/div><\/div>\n\n<style>.kb-row-layout-id580_a70073-d9 > .kt-row-column-wrap{align-content:start;}:where(.kb-row-layout-id580_a70073-d9 > .kt-row-column-wrap) > .wp-block-kadence-column{justify-content:start;}.kb-row-layout-id580_a70073-d9 > .kt-row-column-wrap{column-gap:var(--global-kb-gap-md, 2rem);row-gap:var(--global-kb-gap-md, 2rem);max-width:905px;padding-top:25px;padding-bottom:24px;grid-template-columns:minmax(0, 1fr) minmax(0, 2fr);}.kb-row-layout-id580_a70073-d9 > .kt-row-layout-overlay{opacity:0.30;}@media all and (max-width: 1024px){.kb-row-layout-id580_a70073-d9 > .kt-row-column-wrap{grid-template-columns:minmax(0, 1fr) minmax(0, 2fr);}}@media all and (max-width: 767px){.kb-row-layout-id580_a70073-d9 > .kt-row-column-wrap{grid-template-columns:minmax(0, 1fr);}}<\/style><div class=\"kb-row-layout-wrap kb-row-layout-id580_a70073-d9 alignnone wp-block-kadence-rowlayout\"><div class=\"kt-row-column-wrap kt-has-2-columns kt-row-layout-right-golden kt-tab-layout-inherit kt-mobile-layout-row kt-row-valign-top kb-theme-content-width\">\n<style>.kadence-column580_20c00a-ff > .kt-inside-inner-col,.kadence-column580_20c00a-ff > .kt-inside-inner-col:before{border-top-left-radius:0px;border-top-right-radius:0px;border-bottom-right-radius:0px;border-bottom-left-radius:0px;}.kadence-column580_20c00a-ff > .kt-inside-inner-col{column-gap:var(--global-kb-gap-sm, 1rem);}.kadence-column580_20c00a-ff > .kt-inside-inner-col{flex-direction:column;}.kadence-column580_20c00a-ff > .kt-inside-inner-col > .aligncenter{width:100%;}.kadence-column580_20c00a-ff > .kt-inside-inner-col:before{opacity:0.3;}.kadence-column580_20c00a-ff{position:relative;}@media all and (max-width: 1024px){.kadence-column580_20c00a-ff > .kt-inside-inner-col{flex-direction:column;justify-content:center;}}@media all and (max-width: 767px){.kadence-column580_20c00a-ff > .kt-inside-inner-col{flex-direction:column;justify-content:center;}}<\/style>\n<div class=\"wp-block-kadence-column kadence-column580_20c00a-ff inner-column-1\"><div class=\"kt-inside-inner-col\">\n<p class=\"has-text-align-right destacat\">Bici Gravel<br>Descubrir los encantos escondidos del Pallars Juss\u00e0<\/p>\n<\/div><\/div>\n\n\n<style>.kadence-column580_c7e9d2-1b > .kt-inside-inner-col,.kadence-column580_c7e9d2-1b > .kt-inside-inner-col:before{border-top-left-radius:0px;border-top-right-radius:0px;border-bottom-right-radius:0px;border-bottom-left-radius:0px;}.kadence-column580_c7e9d2-1b > .kt-inside-inner-col{column-gap:var(--global-kb-gap-sm, 1rem);}.kadence-column580_c7e9d2-1b > .kt-inside-inner-col{flex-direction:column;}.kadence-column580_c7e9d2-1b > .kt-inside-inner-col > .aligncenter{width:100%;}.kadence-column580_c7e9d2-1b > .kt-inside-inner-col:before{opacity:0.3;}.kadence-column580_c7e9d2-1b{position:relative;}@media all and (max-width: 1024px){.kadence-column580_c7e9d2-1b > .kt-inside-inner-col{flex-direction:column;justify-content:center;}}@media all and (max-width: 767px){.kadence-column580_c7e9d2-1b > .kt-inside-inner-col{flex-direction:column;justify-content:center;}}<\/style>\n<div class=\"wp-block-kadence-column kadence-column580_c7e9d2-1b inner-column-2\"><div class=\"kt-inside-inner-col\">\n<p>La bici de gravel es la mejor manera de explorar la belleza salvaje de nuestro entorno, d\u00e1ndonos acceso a sitios m\u00e1s all\u00e1 de las carreteras y volviendo a un tiempo antes de la ubicuidad del coche.<\/p>\n\n\n\n<p>Durante el siglo pasado mucha de la poblaci\u00f3n local se march\u00f3 para buscarse la vida en la ciudad o en el extranjero, pero la antigua red de caminos y senderos todav\u00eda existe, dej\u00e1ndonos paso a las vistas desde lo alto de las monta\u00f1as, en las cataratas en los barrancos, en huellas de dinosaurio y los pueblos abandonados (e incluso se puede hacer alguna paradita en una bodega rural\u2026)<\/p>\n<\/div><\/div>\n\n<\/div><\/div>\n\n\n<figure class=\"wp-block-gallery has-nested-images columns-2 is-cropped wp-block-gallery-1 is-layout-flex wp-block-gallery-is-layout-flex\">\n<figure class=\"wp-block-image size-large\"><img loading=\"lazy\" decoding=\"async\" width=\"1024\" height=\"768\" data-id=\"884\" src=\"https:\/\/www.redrocktrails.co.uk\/wp-content\/uploads\/cycling_2-1.jpg\" alt=\"\" class=\"wp-image-884\" srcset=\"https:\/\/www.redrocktrails.co.uk\/wp-content\/uploads\/cycling_2-1.jpg 1024w, https:\/\/www.redrocktrails.co.uk\/wp-content\/uploads\/cycling_2-1-300x225.jpg 300w, https:\/\/www.redrocktrails.co.uk\/wp-content\/uploads\/cycling_2-1-768x576.jpg 768w\" sizes=\"auto, (max-width: 1024px) 100vw, 1024px\" \/><\/figure>\n\n\n\n<figure class=\"wp-block-image size-large\"><img loading=\"lazy\" decoding=\"async\" width=\"1024\" height=\"576\" data-id=\"875\" src=\"https:\/\/www.redrocktrails.co.uk\/wp-content\/uploads\/mtb_2-1-1024x576.jpg\" alt=\"\" class=\"wp-image-875\" srcset=\"https:\/\/www.redrocktrails.co.uk\/wp-content\/uploads\/mtb_2-1-1024x576.jpg 1024w, https:\/\/www.redrocktrails.co.uk\/wp-content\/uploads\/mtb_2-1-300x169.jpg 300w, https:\/\/www.redrocktrails.co.uk\/wp-content\/uploads\/mtb_2-1-768x432.jpg 768w, https:\/\/www.redrocktrails.co.uk\/wp-content\/uploads\/mtb_2-1-1536x864.jpg 1536w, https:\/\/www.redrocktrails.co.uk\/wp-content\/uploads\/mtb_2-1-2048x1152.jpg 2048w, https:\/\/www.redrocktrails.co.uk\/wp-content\/uploads\/mtb_2-1-1200x675.jpg 1200w, https:\/\/www.redrocktrails.co.uk\/wp-content\/uploads\/mtb_2-1-1400x788.jpg 1400w\" sizes=\"auto, (max-width: 1024px) 100vw, 1024px\" \/><\/figure>\n\n\n\n<figure class=\"wp-block-image size-large\"><img loading=\"lazy\" decoding=\"async\" width=\"1024\" height=\"1024\" data-id=\"878\" src=\"https:\/\/www.redrocktrails.co.uk\/wp-content\/uploads\/road_4-1-1024x1024.jpg\" alt=\"\" class=\"wp-image-878\" srcset=\"https:\/\/www.redrocktrails.co.uk\/wp-content\/uploads\/road_4-1-1024x1024.jpg 1024w, https:\/\/www.redrocktrails.co.uk\/wp-content\/uploads\/road_4-1-300x300.jpg 300w, https:\/\/www.redrocktrails.co.uk\/wp-content\/uploads\/road_4-1-150x150.jpg 150w, https:\/\/www.redrocktrails.co.uk\/wp-content\/uploads\/road_4-1-768x768.jpg 768w, https:\/\/www.redrocktrails.co.uk\/wp-content\/uploads\/road_4-1.jpg 1080w\" sizes=\"auto, (max-width: 1024px) 100vw, 1024px\" \/><\/figure>\n\n\n\n<figure class=\"wp-block-image size-large\"><img loading=\"lazy\" decoding=\"async\" width=\"1024\" height=\"1024\" data-id=\"881\" src=\"https:\/\/www.redrocktrails.co.uk\/wp-content\/uploads\/road_9-1-1024x1024.jpg\" alt=\"\" class=\"wp-image-881\" srcset=\"https:\/\/www.redrocktrails.co.uk\/wp-content\/uploads\/road_9-1-1024x1024.jpg 1024w, https:\/\/www.redrocktrails.co.uk\/wp-content\/uploads\/road_9-1-300x300.jpg 300w, https:\/\/www.redrocktrails.co.uk\/wp-content\/uploads\/road_9-1-150x150.jpg 150w, https:\/\/www.redrocktrails.co.uk\/wp-content\/uploads\/road_9-1-768x768.jpg 768w, https:\/\/www.redrocktrails.co.uk\/wp-content\/uploads\/road_9-1.jpg 1080w\" sizes=\"auto, (max-width: 1024px) 100vw, 1024px\" \/><\/figure>\n\n\n\n<figure class=\"wp-block-image size-large\"><img loading=\"lazy\" decoding=\"async\" width=\"2560\" height=\"1920\" data-id=\"709\" src=\"https:\/\/www.redrocktrails.co.uk\/wp-content\/uploads\/mtb_3-1-scaled.jpg\" alt=\"\" class=\"wp-image-709\" srcset=\"https:\/\/www.redrocktrails.co.uk\/wp-content\/uploads\/mtb_3-1-scaled.jpg 2560w, https:\/\/www.redrocktrails.co.uk\/wp-content\/uploads\/mtb_3-1-300x225.jpg 300w\" sizes=\"auto, (max-width: 2560px) 100vw, 2560px\" \/><\/figure>\n<\/figure>\n","protected":false},"excerpt":{"rendered":"<p>Experiencias inolvidables en bici por los Pirineos Red Rock Trails est\u00e1 situado en el coraz\u00f3n del amplio valle de Tremp y est\u00e1 rodeado por las estribaciones de los Pirineos. \u00c9ste es un terreno ideal para que todos disfruten de la bici, ya sea una vuelta f\u00e1cil junto a r\u00edo en familia, una incursi\u00f3n matutina en &hellip;<\/p>\n","protected":false},"author":1,"featured_media":581,"parent":0,"menu_order":0,"comment_status":"closed","ping_status":"closed","template":"","meta":{"footnotes":""},"class_list":["post-580","page","type-page","status-publish","has-post-thumbnail","hentry","post","with-featured-image"],"_links":{"self":[{"href":"https:\/\/www.redrocktrails.co.uk\/es\/wp-json\/wp\/v2\/pages\/580","targetHints":{"allow":["GET"]}}],"collection":[{"href":"https:\/\/www.redrocktrails.co.uk\/es\/wp-json\/wp\/v2\/pages"}],"about":[{"href":"https:\/\/www.redrocktrails.co.uk\/es\/wp-json\/wp\/v2\/types\/page"}],"author":[{"embeddable":true,"href":"https:\/\/www.redrocktrails.co.uk\/es\/wp-json\/wp\/v2\/users\/1"}],"replies":[{"embeddable":true,"href":"https:\/\/www.redrocktrails.co.uk\/es\/wp-json\/wp\/v2\/comments?post=580"}],"version-history":[{"count":6,"href":"https:\/\/www.redrocktrails.co.uk\/es\/wp-json\/wp\/v2\/pages\/580\/revisions"}],"predecessor-version":[{"id":1397,"href":"https:\/\/www.redrocktrails.co.uk\/es\/wp-json\/wp\/v2\/pages\/580\/revisions\/1397"}],"wp:featuredmedia":[{"embeddable":true,"href":"https:\/\/www.redrocktrails.co.uk\/es\/wp-json\/wp\/v2\/media\/581"}],"wp:attachment":[{"href":"https:\/\/www.redrocktrails.co.uk\/es\/wp-json\/wp\/v2\/media?parent=580"}],"curies":[{"name":"wp","href":"https:\/\/api.w.org\/{rel}","templated":true}]}}