{"id":566,"date":"2021-04-13T16:50:39","date_gmt":"2021-04-13T16:50:39","guid":{"rendered":"https:\/\/www.redrocktrails.co.uk\/food\/"},"modified":"2024-11-30T18:57:51","modified_gmt":"2024-11-30T18:57:51","slug":"food","status":"publish","type":"page","link":"https:\/\/www.redrocktrails.co.uk\/es\/food\/","title":{"rendered":"Comida fresca y aut\u00e9ntica"},"content":{"rendered":"<style>.kb-row-layout-id566_1062ef-9c > .kt-row-column-wrap{align-content:start;}:where(.kb-row-layout-id566_1062ef-9c > .kt-row-column-wrap) > .wp-block-kadence-column{justify-content:start;}.kb-row-layout-id566_1062ef-9c > .kt-row-column-wrap{column-gap:var(--global-kb-gap-md, 2rem);row-gap:var(--global-kb-gap-md, 2rem);max-width:905px;padding-top:24px;padding-bottom:25px;grid-template-columns:minmax(0, 1fr) minmax(0, 2fr);}.kb-row-layout-id566_1062ef-9c > .kt-row-layout-overlay{opacity:0.30;}@media all and (max-width: 1024px){.kb-row-layout-id566_1062ef-9c > .kt-row-column-wrap{grid-template-columns:minmax(0, 1fr) minmax(0, 2fr);}}@media all and (max-width: 767px){.kb-row-layout-id566_1062ef-9c > .kt-row-column-wrap{grid-template-columns:minmax(0, 1fr);}}<\/style><div class=\"kb-row-layout-wrap kb-row-layout-id566_1062ef-9c alignnone wp-block-kadence-rowlayout\"><div class=\"kt-row-column-wrap kt-has-2-columns kt-row-layout-right-golden kt-tab-layout-inherit kt-mobile-layout-row kt-row-valign-top kb-theme-content-width\">\n<style>.kadence-column566_a10ce9-b2 > .kt-inside-inner-col,.kadence-column566_a10ce9-b2 > .kt-inside-inner-col:before{border-top-left-radius:0px;border-top-right-radius:0px;border-bottom-right-radius:0px;border-bottom-left-radius:0px;}.kadence-column566_a10ce9-b2 > .kt-inside-inner-col{column-gap:var(--global-kb-gap-sm, 1rem);}.kadence-column566_a10ce9-b2 > .kt-inside-inner-col{flex-direction:column;}.kadence-column566_a10ce9-b2 > .kt-inside-inner-col > .aligncenter{width:100%;}.kadence-column566_a10ce9-b2 > .kt-inside-inner-col:before{opacity:0.3;}.kadence-column566_a10ce9-b2{position:relative;}@media all and (max-width: 1024px){.kadence-column566_a10ce9-b2 > .kt-inside-inner-col{flex-direction:column;justify-content:center;}}@media all and (max-width: 767px){.kadence-column566_a10ce9-b2 > .kt-inside-inner-col{flex-direction:column;justify-content:center;}}<\/style>\n<div class=\"wp-block-kadence-column kadence-column566_a10ce9-b2 inner-column-1\"><div class=\"kt-inside-inner-col\">\n<p class=\"has-text-align-right destacat\"><strong>\u00a1La mejor comida, en casa o de restaurante\u2026!<\/strong><\/p>\n<\/div><\/div>\n\n\n<style>.kadence-column566_5139af-3a > .kt-inside-inner-col,.kadence-column566_5139af-3a > .kt-inside-inner-col:before{border-top-left-radius:0px;border-top-right-radius:0px;border-bottom-right-radius:0px;border-bottom-left-radius:0px;}.kadence-column566_5139af-3a > .kt-inside-inner-col{column-gap:var(--global-kb-gap-sm, 1rem);}.kadence-column566_5139af-3a > .kt-inside-inner-col{flex-direction:column;}.kadence-column566_5139af-3a > .kt-inside-inner-col > .aligncenter{width:100%;}.kadence-column566_5139af-3a > .kt-inside-inner-col:before{opacity:0.3;}.kadence-column566_5139af-3a{position:relative;}@media all and (max-width: 1024px){.kadence-column566_5139af-3a > .kt-inside-inner-col{flex-direction:column;justify-content:center;}}@media all and (max-width: 767px){.kadence-column566_5139af-3a > .kt-inside-inner-col{flex-direction:column;justify-content:center;}}<\/style>\n<div class=\"wp-block-kadence-column kadence-column566_5139af-3a inner-column-2\"><div class=\"kt-inside-inner-col\">\n<p>Este rinc\u00f3n de Catalu\u00f1a tiene una gran historia agroalimentaria que ofrece ingredientes naturales de calidad que puede comprar en las tiendas especializadas o en los supermercados locales para utilizarlo en casa, o probar en uno de los muchos restaurantes cercanos.<\/p>\n\n\n\n<p>En casa, una gran cocina est\u00e1 completamente equipada para preparar comida para todo su grupo, pero tambi\u00e9n ofrecemos un servicio de chef privado.<\/p>\n<\/div><\/div>\n\n<\/div><\/div>\n\n<style>.kb-row-layout-id566_62af8d-0b > .kt-row-column-wrap{align-content:start;}:where(.kb-row-layout-id566_62af8d-0b > .kt-row-column-wrap) > .wp-block-kadence-column{justify-content:start;}.kb-row-layout-id566_62af8d-0b > .kt-row-column-wrap{column-gap:var(--global-kb-gap-md, 2rem);row-gap:var(--global-kb-gap-md, 2rem);max-width:905px;padding-top:19px;padding-bottom:25px;grid-template-columns:minmax(0, 1fr) minmax(0, 2fr);}.kb-row-layout-id566_62af8d-0b > .kt-row-layout-overlay{opacity:0.30;}@media all and (max-width: 1024px){.kb-row-layout-id566_62af8d-0b > .kt-row-column-wrap{grid-template-columns:minmax(0, 1fr) minmax(0, 2fr);}}@media all and (max-width: 767px){.kb-row-layout-id566_62af8d-0b > .kt-row-column-wrap{grid-template-columns:minmax(0, 1fr);}}<\/style><div class=\"kb-row-layout-wrap kb-row-layout-id566_62af8d-0b alignnone wp-block-kadence-rowlayout\"><div class=\"kt-row-column-wrap kt-has-2-columns kt-row-layout-right-golden kt-tab-layout-inherit kt-mobile-layout-row kt-row-valign-top kb-theme-content-width\">\n<style>.kadence-column566_15c0bd-a2 > .kt-inside-inner-col,.kadence-column566_15c0bd-a2 > .kt-inside-inner-col:before{border-top-left-radius:0px;border-top-right-radius:0px;border-bottom-right-radius:0px;border-bottom-left-radius:0px;}.kadence-column566_15c0bd-a2 > .kt-inside-inner-col{column-gap:var(--global-kb-gap-sm, 1rem);}.kadence-column566_15c0bd-a2 > .kt-inside-inner-col{flex-direction:column;}.kadence-column566_15c0bd-a2 > .kt-inside-inner-col > .aligncenter{width:100%;}.kadence-column566_15c0bd-a2 > .kt-inside-inner-col:before{opacity:0.3;}.kadence-column566_15c0bd-a2{position:relative;}@media all and (max-width: 1024px){.kadence-column566_15c0bd-a2 > .kt-inside-inner-col{flex-direction:column;justify-content:center;}}@media all and (max-width: 767px){.kadence-column566_15c0bd-a2 > .kt-inside-inner-col{flex-direction:column;justify-content:center;}}<\/style>\n<div class=\"wp-block-kadence-column kadence-column566_15c0bd-a2 inner-column-1\"><div class=\"kt-inside-inner-col\">\n<p class=\"has-text-align-right destacat\">Desayuno<\/p>\n<\/div><\/div>\n\n\n<style>.kadence-column566_f14e34-3a > .kt-inside-inner-col,.kadence-column566_f14e34-3a > .kt-inside-inner-col:before{border-top-left-radius:0px;border-top-right-radius:0px;border-bottom-right-radius:0px;border-bottom-left-radius:0px;}.kadence-column566_f14e34-3a > .kt-inside-inner-col{column-gap:var(--global-kb-gap-sm, 1rem);}.kadence-column566_f14e34-3a > .kt-inside-inner-col{flex-direction:column;}.kadence-column566_f14e34-3a > .kt-inside-inner-col > .aligncenter{width:100%;}.kadence-column566_f14e34-3a > .kt-inside-inner-col:before{opacity:0.3;}.kadence-column566_f14e34-3a{position:relative;}@media all and (max-width: 1024px){.kadence-column566_f14e34-3a > .kt-inside-inner-col{flex-direction:column;justify-content:center;}}@media all and (max-width: 767px){.kadence-column566_f14e34-3a > .kt-inside-inner-col{flex-direction:column;justify-content:center;}}<\/style>\n<div class=\"wp-block-kadence-column kadence-column566_f14e34-3a inner-column-2\"><div class=\"kt-inside-inner-col\">\n<p><strong>10\u20ac por persona por d\u00eda.<\/strong> El desayuno continental lo servimos como buffet, siempre tenemos fruta fresca, yogur estilo griego y cereales. Hacemos nuestro propio pan con levadura madre y pasteler\u00eda casera fresca.<\/p>\n<\/div><\/div>\n\n<\/div><\/div>\n\n<style>.kb-row-layout-id566_028527-c3 > .kt-row-column-wrap{align-content:start;}:where(.kb-row-layout-id566_028527-c3 > .kt-row-column-wrap) > .wp-block-kadence-column{justify-content:start;}.kb-row-layout-id566_028527-c3 > .kt-row-column-wrap{column-gap:var(--global-kb-gap-md, 2rem);row-gap:var(--global-kb-gap-md, 2rem);max-width:905px;padding-top:19px;padding-bottom:25px;grid-template-columns:minmax(0, 1fr) minmax(0, 2fr);}.kb-row-layout-id566_028527-c3 > .kt-row-layout-overlay{opacity:0.30;}@media all and (max-width: 1024px){.kb-row-layout-id566_028527-c3 > .kt-row-column-wrap{grid-template-columns:minmax(0, 1fr) minmax(0, 2fr);}}@media all and (max-width: 767px){.kb-row-layout-id566_028527-c3 > .kt-row-column-wrap{grid-template-columns:minmax(0, 1fr);}}<\/style><div class=\"kb-row-layout-wrap kb-row-layout-id566_028527-c3 alignnone wp-block-kadence-rowlayout\"><div class=\"kt-row-column-wrap kt-has-2-columns kt-row-layout-right-golden kt-tab-layout-inherit kt-mobile-layout-row kt-row-valign-top kb-theme-content-width\">\n<style>.kadence-column566_e23ae3-fa > .kt-inside-inner-col,.kadence-column566_e23ae3-fa > .kt-inside-inner-col:before{border-top-left-radius:0px;border-top-right-radius:0px;border-bottom-right-radius:0px;border-bottom-left-radius:0px;}.kadence-column566_e23ae3-fa > .kt-inside-inner-col{column-gap:var(--global-kb-gap-sm, 1rem);}.kadence-column566_e23ae3-fa > .kt-inside-inner-col{flex-direction:column;}.kadence-column566_e23ae3-fa > .kt-inside-inner-col > .aligncenter{width:100%;}.kadence-column566_e23ae3-fa > .kt-inside-inner-col:before{opacity:0.3;}.kadence-column566_e23ae3-fa{position:relative;}@media all and (max-width: 1024px){.kadence-column566_e23ae3-fa > .kt-inside-inner-col{flex-direction:column;justify-content:center;}}@media all and (max-width: 767px){.kadence-column566_e23ae3-fa > .kt-inside-inner-col{flex-direction:column;justify-content:center;}}<\/style>\n<div class=\"wp-block-kadence-column kadence-column566_e23ae3-fa inner-column-1\"><div class=\"kt-inside-inner-col\">\n<p class=\"has-text-align-right destacat\">P\u00edcnics<\/p>\n<\/div><\/div>\n\n\n<style>.kadence-column566_4a10ad-99 > .kt-inside-inner-col,.kadence-column566_4a10ad-99 > .kt-inside-inner-col:before{border-top-left-radius:0px;border-top-right-radius:0px;border-bottom-right-radius:0px;border-bottom-left-radius:0px;}.kadence-column566_4a10ad-99 > .kt-inside-inner-col{column-gap:var(--global-kb-gap-sm, 1rem);}.kadence-column566_4a10ad-99 > .kt-inside-inner-col{flex-direction:column;}.kadence-column566_4a10ad-99 > .kt-inside-inner-col > .aligncenter{width:100%;}.kadence-column566_4a10ad-99 > .kt-inside-inner-col:before{opacity:0.3;}.kadence-column566_4a10ad-99{position:relative;}@media all and (max-width: 1024px){.kadence-column566_4a10ad-99 > .kt-inside-inner-col{flex-direction:column;justify-content:center;}}@media all and (max-width: 767px){.kadence-column566_4a10ad-99 > .kt-inside-inner-col{flex-direction:column;justify-content:center;}}<\/style>\n<div class=\"wp-block-kadence-column kadence-column566_4a10ad-99 inner-column-2\"><div class=\"kt-inside-inner-col\">\n<p><strong>10\u20ac por persona por d\u00eda.<\/strong> Podemos prepararles un p\u00edcnic para llevar de aventuras. Puede elegir entre un surtido de panes caseros con varios rellenos, con un pastelito casero, fruta fresca, frutos secos y un zumo.<\/p>\n<\/div><\/div>\n\n<\/div><\/div>\n\n<style>.kb-row-layout-id566_779773-bd > .kt-row-column-wrap{align-content:start;}:where(.kb-row-layout-id566_779773-bd > .kt-row-column-wrap) > .wp-block-kadence-column{justify-content:start;}.kb-row-layout-id566_779773-bd > .kt-row-column-wrap{column-gap:var(--global-kb-gap-md, 2rem);row-gap:var(--global-kb-gap-md, 2rem);max-width:905px;padding-top:19px;padding-bottom:25px;grid-template-columns:minmax(0, 1fr) minmax(0, 2fr);}.kb-row-layout-id566_779773-bd > .kt-row-layout-overlay{opacity:0.30;}@media all and (max-width: 1024px){.kb-row-layout-id566_779773-bd > .kt-row-column-wrap{grid-template-columns:minmax(0, 1fr) minmax(0, 2fr);}}@media all and (max-width: 767px){.kb-row-layout-id566_779773-bd > .kt-row-column-wrap{grid-template-columns:minmax(0, 1fr);}}<\/style><div class=\"kb-row-layout-wrap kb-row-layout-id566_779773-bd alignnone wp-block-kadence-rowlayout\"><div class=\"kt-row-column-wrap kt-has-2-columns kt-row-layout-right-golden kt-tab-layout-inherit kt-mobile-layout-row kt-row-valign-top kb-theme-content-width\">\n<style>.kadence-column566_aeaff3-47 > .kt-inside-inner-col,.kadence-column566_aeaff3-47 > .kt-inside-inner-col:before{border-top-left-radius:0px;border-top-right-radius:0px;border-bottom-right-radius:0px;border-bottom-left-radius:0px;}.kadence-column566_aeaff3-47 > .kt-inside-inner-col{column-gap:var(--global-kb-gap-sm, 1rem);}.kadence-column566_aeaff3-47 > .kt-inside-inner-col{flex-direction:column;}.kadence-column566_aeaff3-47 > .kt-inside-inner-col > .aligncenter{width:100%;}.kadence-column566_aeaff3-47 > .kt-inside-inner-col:before{opacity:0.3;}.kadence-column566_aeaff3-47{position:relative;}@media all and (max-width: 1024px){.kadence-column566_aeaff3-47 > .kt-inside-inner-col{flex-direction:column;justify-content:center;}}@media all and (max-width: 767px){.kadence-column566_aeaff3-47 > .kt-inside-inner-col{flex-direction:column;justify-content:center;}}<\/style>\n<div class=\"wp-block-kadence-column kadence-column566_aeaff3-47 inner-column-1\"><div class=\"kt-inside-inner-col\">\n<p class=\"has-text-align-right destacat\">Cena<\/p>\n<\/div><\/div>\n\n\n<style>.kadence-column566_cd7aaf-6d > .kt-inside-inner-col,.kadence-column566_cd7aaf-6d > .kt-inside-inner-col:before{border-top-left-radius:0px;border-top-right-radius:0px;border-bottom-right-radius:0px;border-bottom-left-radius:0px;}.kadence-column566_cd7aaf-6d > .kt-inside-inner-col{column-gap:var(--global-kb-gap-sm, 1rem);}.kadence-column566_cd7aaf-6d > .kt-inside-inner-col{flex-direction:column;}.kadence-column566_cd7aaf-6d > .kt-inside-inner-col > .aligncenter{width:100%;}.kadence-column566_cd7aaf-6d > .kt-inside-inner-col:before{opacity:0.3;}.kadence-column566_cd7aaf-6d{position:relative;}@media all and (max-width: 1024px){.kadence-column566_cd7aaf-6d > .kt-inside-inner-col{flex-direction:column;justify-content:center;}}@media all and (max-width: 767px){.kadence-column566_cd7aaf-6d > .kt-inside-inner-col{flex-direction:column;justify-content:center;}}<\/style>\n<div class=\"wp-block-kadence-column kadence-column566_cd7aaf-6d inner-column-2\"><div class=\"kt-inside-inner-col\">\n<p><strong>25\u20ac por persona por d\u00eda, ni\u00f1os 15\u20ac.<\/strong> El men\u00fa de tres platos (tapa, plato principal y postre) incluye vino de la bodega local. Hablamos con ustedes antes de sus vacaciones para dise\u00f1ar un men\u00fa que se adapte a sus gustos y necesidades diet\u00e9ticas. Nos encantan los productos locales de temporada que se prestan a dietas vegetarianas o veganas, y tenemos experiencia en cocina para cel\u00edacos.<\/p>\n<\/div><\/div>\n\n<\/div><\/div>\n\n<style>.kb-row-layout-id566_18ae11-55 > .kt-row-column-wrap{align-content:center;}:where(.kb-row-layout-id566_18ae11-55 > .kt-row-column-wrap) > .wp-block-kadence-column{justify-content:center;}.kb-row-layout-id566_18ae11-55 > .kt-row-column-wrap{column-gap:var(--global-kb-gap-md, 2rem);row-gap:var(--global-kb-gap-md, 2rem);max-width:905px;padding-top:var(--global-kb-spacing-sm, 1.5rem);padding-bottom:var(--global-kb-spacing-sm, 1.5rem);grid-template-columns:minmax(0, 1fr);}.kb-row-layout-id566_18ae11-55 > .kt-row-layout-overlay{opacity:0.30;}@media all and (max-width: 1024px){.kb-row-layout-id566_18ae11-55 > .kt-row-column-wrap{grid-template-columns:minmax(0, 1fr);}}@media all and (max-width: 767px){.kb-row-layout-id566_18ae11-55 > .kt-row-column-wrap{grid-template-columns:minmax(0, 1fr);}}<\/style><div class=\"kb-row-layout-wrap kb-row-layout-id566_18ae11-55 alignfull wp-block-kadence-rowlayout\"><div class=\"kt-row-column-wrap kt-has-1-columns kt-row-layout-equal kt-tab-layout-inherit kt-mobile-layout-row kt-row-valign-middle kb-theme-content-width\">\n<style>.kadence-column566_f7516e-5b > .kt-inside-inner-col,.kadence-column566_f7516e-5b > .kt-inside-inner-col:before{border-top-left-radius:0px;border-top-right-radius:0px;border-bottom-right-radius:0px;border-bottom-left-radius:0px;}.kadence-column566_f7516e-5b > .kt-inside-inner-col{column-gap:var(--global-kb-gap-sm, 1rem);}.kadence-column566_f7516e-5b > .kt-inside-inner-col{flex-direction:column;}.kadence-column566_f7516e-5b > .kt-inside-inner-col > .aligncenter{width:100%;}.kadence-column566_f7516e-5b > .kt-inside-inner-col:before{opacity:0.3;}.kadence-column566_f7516e-5b{position:relative;}@media all and (max-width: 1024px){.kadence-column566_f7516e-5b > .kt-inside-inner-col{flex-direction:column;justify-content:center;}}@media all and (max-width: 767px){.kadence-column566_f7516e-5b > .kt-inside-inner-col{flex-direction:column;justify-content:center;}}<\/style>\n<div class=\"wp-block-kadence-column kadence-column566_f7516e-5b inner-column-1\"><div class=\"kt-inside-inner-col\"><style>.kb-row-layout-id566_a8f5d2-1f > .kt-row-column-wrap{align-content:center;}:where(.kb-row-layout-id566_a8f5d2-1f > .kt-row-column-wrap) > .wp-block-kadence-column{justify-content:center;}.kb-row-layout-id566_a8f5d2-1f > .kt-row-column-wrap{column-gap:var(--global-kb-gap-md, 2rem);row-gap:var(--global-kb-gap-md, 2rem);padding-top:var(--global-kb-spacing-sm, 1.5rem);padding-bottom:var(--global-kb-spacing-sm, 1.5rem);grid-template-columns:minmax(0, 1fr);}.kb-row-layout-id566_a8f5d2-1f > .kt-row-layout-overlay{opacity:0.30;}@media all and (max-width: 1024px){.kb-row-layout-id566_a8f5d2-1f > .kt-row-column-wrap{grid-template-columns:minmax(0, 1fr);}}@media all and (max-width: 767px){.kb-row-layout-id566_a8f5d2-1f > .kt-row-column-wrap{grid-template-columns:minmax(0, 1fr);}}<\/style><div class=\"kb-row-layout-wrap kb-row-layout-id566_a8f5d2-1f alignwide wp-block-kadence-rowlayout\"><div class=\"kt-row-column-wrap kt-has-1-columns kt-row-layout-equal kt-tab-layout-inherit kt-mobile-layout-row kt-row-valign-middle\">\n<style>.kadence-column566_af41c3-73 > .kt-inside-inner-col,.kadence-column566_af41c3-73 > .kt-inside-inner-col:before{border-top-left-radius:0px;border-top-right-radius:0px;border-bottom-right-radius:0px;border-bottom-left-radius:0px;}.kadence-column566_af41c3-73 > .kt-inside-inner-col{column-gap:var(--global-kb-gap-sm, 1rem);}.kadence-column566_af41c3-73 > .kt-inside-inner-col{flex-direction:column;}.kadence-column566_af41c3-73 > .kt-inside-inner-col > .aligncenter{width:100%;}.kadence-column566_af41c3-73 > .kt-inside-inner-col:before{opacity:0.3;}.kadence-column566_af41c3-73{position:relative;}@media all and (max-width: 1024px){.kadence-column566_af41c3-73 > .kt-inside-inner-col{flex-direction:column;justify-content:center;}}@media all and (max-width: 767px){.kadence-column566_af41c3-73 > .kt-inside-inner-col{flex-direction:column;justify-content:center;}}<\/style>\n<div class=\"wp-block-kadence-column kadence-column566_af41c3-73 inner-column-1\"><div class=\"kt-inside-inner-col\">\n<figure class=\"wp-block-gallery has-nested-images columns-4 is-cropped wp-block-gallery-1 is-layout-flex wp-block-gallery-is-layout-flex\">\n<figure class=\"wp-block-image size-large\"><img loading=\"lazy\" decoding=\"async\" width=\"1024\" height=\"1024\" data-id=\"124\" src=\"https:\/\/www.redrocktrails.co.uk\/wp-content\/uploads\/food_12-1024x1024.jpg\" alt=\"\" class=\"wp-image-124\" srcset=\"https:\/\/www.redrocktrails.co.uk\/wp-content\/uploads\/food_12-1024x1024.jpg 1024w, https:\/\/www.redrocktrails.co.uk\/wp-content\/uploads\/food_12-300x300.jpg 300w, https:\/\/www.redrocktrails.co.uk\/wp-content\/uploads\/food_12-150x150.jpg 150w, https:\/\/www.redrocktrails.co.uk\/wp-content\/uploads\/food_12-768x768.jpg 768w, https:\/\/www.redrocktrails.co.uk\/wp-content\/uploads\/food_12-1200x1200.jpg 1200w, https:\/\/www.redrocktrails.co.uk\/wp-content\/uploads\/food_12.jpg 1300w\" sizes=\"auto, (max-width: 1024px) 100vw, 1024px\" \/><\/figure>\n\n\n\n<figure class=\"wp-block-image size-large\"><img loading=\"lazy\" decoding=\"async\" width=\"1024\" height=\"1024\" data-id=\"123\" src=\"https:\/\/www.redrocktrails.co.uk\/wp-content\/uploads\/food_10_NO-1024x1024.jpg\" alt=\"\" class=\"wp-image-123\" srcset=\"https:\/\/www.redrocktrails.co.uk\/wp-content\/uploads\/food_10_NO-1024x1024.jpg 1024w, https:\/\/www.redrocktrails.co.uk\/wp-content\/uploads\/food_10_NO-300x300.jpg 300w, https:\/\/www.redrocktrails.co.uk\/wp-content\/uploads\/food_10_NO-150x150.jpg 150w, https:\/\/www.redrocktrails.co.uk\/wp-content\/uploads\/food_10_NO-768x768.jpg 768w, https:\/\/www.redrocktrails.co.uk\/wp-content\/uploads\/food_10_NO-1200x1200.jpg 1200w, https:\/\/www.redrocktrails.co.uk\/wp-content\/uploads\/food_10_NO.jpg 1300w\" sizes=\"auto, (max-width: 1024px) 100vw, 1024px\" \/><\/figure>\n\n\n\n<figure class=\"wp-block-image size-large\"><img loading=\"lazy\" decoding=\"async\" width=\"1024\" height=\"578\" data-id=\"119\" src=\"https:\/\/www.redrocktrails.co.uk\/wp-content\/uploads\/food_5-1024x578.jpg\" alt=\"\" class=\"wp-image-119\" srcset=\"https:\/\/www.redrocktrails.co.uk\/wp-content\/uploads\/food_5-1024x578.jpg 1024w, https:\/\/www.redrocktrails.co.uk\/wp-content\/uploads\/food_5-300x169.jpg 300w, https:\/\/www.redrocktrails.co.uk\/wp-content\/uploads\/food_5-768x434.jpg 768w, https:\/\/www.redrocktrails.co.uk\/wp-content\/uploads\/food_5-1200x678.jpg 1200w, https:\/\/www.redrocktrails.co.uk\/wp-content\/uploads\/food_5.jpg 1300w\" sizes=\"auto, (max-width: 1024px) 100vw, 1024px\" \/><\/figure>\n\n\n\n<figure class=\"wp-block-image size-large\"><img loading=\"lazy\" decoding=\"async\" width=\"1024\" height=\"735\" data-id=\"117\" src=\"https:\/\/www.redrocktrails.co.uk\/wp-content\/uploads\/food_3-1024x735.jpg\" alt=\"\" class=\"wp-image-117\" srcset=\"https:\/\/www.redrocktrails.co.uk\/wp-content\/uploads\/food_3-1024x735.jpg 1024w, https:\/\/www.redrocktrails.co.uk\/wp-content\/uploads\/food_3-300x215.jpg 300w, https:\/\/www.redrocktrails.co.uk\/wp-content\/uploads\/food_3-768x551.jpg 768w, https:\/\/www.redrocktrails.co.uk\/wp-content\/uploads\/food_3-1200x861.jpg 1200w, https:\/\/www.redrocktrails.co.uk\/wp-content\/uploads\/food_3.jpg 1300w\" sizes=\"auto, (max-width: 1024px) 100vw, 1024px\" \/><\/figure>\n\n\n\n<figure class=\"wp-block-image size-large\"><img loading=\"lazy\" decoding=\"async\" width=\"1024\" height=\"576\" data-id=\"118\" src=\"https:\/\/www.redrocktrails.co.uk\/wp-content\/uploads\/food_4-1024x576.jpg\" alt=\"\" class=\"wp-image-118\" srcset=\"https:\/\/www.redrocktrails.co.uk\/wp-content\/uploads\/food_4-1024x576.jpg 1024w, https:\/\/www.redrocktrails.co.uk\/wp-content\/uploads\/food_4-300x169.jpg 300w, https:\/\/www.redrocktrails.co.uk\/wp-content\/uploads\/food_4-768x432.jpg 768w, https:\/\/www.redrocktrails.co.uk\/wp-content\/uploads\/food_4-1200x675.jpg 1200w, https:\/\/www.redrocktrails.co.uk\/wp-content\/uploads\/food_4.jpg 1300w\" sizes=\"auto, (max-width: 1024px) 100vw, 1024px\" \/><\/figure>\n\n\n\n<figure class=\"wp-block-image size-large\"><img loading=\"lazy\" decoding=\"async\" width=\"1024\" height=\"768\" data-id=\"116\" src=\"https:\/\/www.redrocktrails.co.uk\/wp-content\/uploads\/food_2-1024x768.jpg\" alt=\"\" class=\"wp-image-116\" srcset=\"https:\/\/www.redrocktrails.co.uk\/wp-content\/uploads\/food_2-1024x768.jpg 1024w, https:\/\/www.redrocktrails.co.uk\/wp-content\/uploads\/food_2-300x225.jpg 300w, https:\/\/www.redrocktrails.co.uk\/wp-content\/uploads\/food_2-768x576.jpg 768w, https:\/\/www.redrocktrails.co.uk\/wp-content\/uploads\/food_2-1200x900.jpg 1200w, https:\/\/www.redrocktrails.co.uk\/wp-content\/uploads\/food_2.jpg 1300w\" sizes=\"auto, (max-width: 1024px) 100vw, 1024px\" \/><\/figure>\n\n\n\n<figure class=\"wp-block-image size-large\"><img loading=\"lazy\" decoding=\"async\" width=\"1024\" height=\"683\" data-id=\"532\" src=\"https:\/\/www.redrocktrails.co.uk\/wp-content\/uploads\/food_1-1-1024x683.jpg\" alt=\"\" class=\"wp-image-532\" srcset=\"https:\/\/www.redrocktrails.co.uk\/wp-content\/uploads\/food_1-1-1024x683.jpg 1024w, https:\/\/www.redrocktrails.co.uk\/wp-content\/uploads\/food_1-1-300x200.jpg 300w, https:\/\/www.redrocktrails.co.uk\/wp-content\/uploads\/food_1-1-768x512.jpg 768w, https:\/\/www.redrocktrails.co.uk\/wp-content\/uploads\/food_1-1-1536x1024.jpg 1536w, https:\/\/www.redrocktrails.co.uk\/wp-content\/uploads\/food_1-1-1200x800.jpg 1200w, https:\/\/www.redrocktrails.co.uk\/wp-content\/uploads\/food_1-1-1400x934.jpg 1400w, https:\/\/www.redrocktrails.co.uk\/wp-content\/uploads\/food_1-1.jpg 1900w\" sizes=\"auto, (max-width: 1024px) 100vw, 1024px\" \/><\/figure>\n\n\n\n<figure class=\"wp-block-image size-large\"><img loading=\"lazy\" decoding=\"async\" width=\"1024\" height=\"683\" data-id=\"534\" src=\"https:\/\/www.redrocktrails.co.uk\/wp-content\/uploads\/food_8-1-1024x683.jpg\" alt=\"\" class=\"wp-image-534\" srcset=\"https:\/\/www.redrocktrails.co.uk\/wp-content\/uploads\/food_8-1-1024x683.jpg 1024w, https:\/\/www.redrocktrails.co.uk\/wp-content\/uploads\/food_8-1-300x200.jpg 300w, https:\/\/www.redrocktrails.co.uk\/wp-content\/uploads\/food_8-1-768x512.jpg 768w, https:\/\/www.redrocktrails.co.uk\/wp-content\/uploads\/food_8-1-1536x1024.jpg 1536w, https:\/\/www.redrocktrails.co.uk\/wp-content\/uploads\/food_8-1-1200x800.jpg 1200w, https:\/\/www.redrocktrails.co.uk\/wp-content\/uploads\/food_8-1-1400x934.jpg 1400w, https:\/\/www.redrocktrails.co.uk\/wp-content\/uploads\/food_8-1.jpg 1900w\" sizes=\"auto, (max-width: 1024px) 100vw, 1024px\" \/><\/figure>\n\n\n\n<figure class=\"wp-block-image size-large\"><img loading=\"lazy\" decoding=\"async\" width=\"1024\" height=\"683\" data-id=\"533\" src=\"https:\/\/www.redrocktrails.co.uk\/wp-content\/uploads\/food_6-2-1024x683.jpg\" alt=\"\" class=\"wp-image-533\" srcset=\"https:\/\/www.redrocktrails.co.uk\/wp-content\/uploads\/food_6-2-1024x683.jpg 1024w, https:\/\/www.redrocktrails.co.uk\/wp-content\/uploads\/food_6-2-300x200.jpg 300w, https:\/\/www.redrocktrails.co.uk\/wp-content\/uploads\/food_6-2-768x512.jpg 768w, https:\/\/www.redrocktrails.co.uk\/wp-content\/uploads\/food_6-2-1536x1024.jpg 1536w, https:\/\/www.redrocktrails.co.uk\/wp-content\/uploads\/food_6-2-1200x800.jpg 1200w, https:\/\/www.redrocktrails.co.uk\/wp-content\/uploads\/food_6-2-1400x934.jpg 1400w, https:\/\/www.redrocktrails.co.uk\/wp-content\/uploads\/food_6-2.jpg 1900w\" sizes=\"auto, (max-width: 1024px) 100vw, 1024px\" \/><\/figure>\n<\/figure>\n<\/div><\/div>\n\n<\/div><\/div><\/div><\/div>\n\n<\/div><\/div>","protected":false},"excerpt":{"rendered":"<p>\u00a1La mejor comida, en casa o de restaurante\u2026! Este rinc\u00f3n de Catalu\u00f1a tiene una gran historia agroalimentaria que ofrece ingredientes naturales de calidad que puede comprar en las tiendas especializadas o en los supermercados locales para utilizarlo en casa, o probar en uno de los muchos restaurantes cercanos. En casa, una gran cocina est\u00e1 completamente &hellip;<\/p>\n","protected":false},"author":1,"featured_media":568,"parent":0,"menu_order":0,"comment_status":"closed","ping_status":"closed","template":"","meta":{"footnotes":""},"class_list":["post-566","page","type-page","status-publish","has-post-thumbnail","hentry","post","with-featured-image"],"_links":{"self":[{"href":"https:\/\/www.redrocktrails.co.uk\/es\/wp-json\/wp\/v2\/pages\/566","targetHints":{"allow":["GET"]}}],"collection":[{"href":"https:\/\/www.redrocktrails.co.uk\/es\/wp-json\/wp\/v2\/pages"}],"about":[{"href":"https:\/\/www.redrocktrails.co.uk\/es\/wp-json\/wp\/v2\/types\/page"}],"author":[{"embeddable":true,"href":"https:\/\/www.redrocktrails.co.uk\/es\/wp-json\/wp\/v2\/users\/1"}],"replies":[{"embeddable":true,"href":"https:\/\/www.redrocktrails.co.uk\/es\/wp-json\/wp\/v2\/comments?post=566"}],"version-history":[{"count":8,"href":"https:\/\/www.redrocktrails.co.uk\/es\/wp-json\/wp\/v2\/pages\/566\/revisions"}],"predecessor-version":[{"id":1739,"href":"https:\/\/www.redrocktrails.co.uk\/es\/wp-json\/wp\/v2\/pages\/566\/revisions\/1739"}],"wp:featuredmedia":[{"embeddable":true,"href":"https:\/\/www.redrocktrails.co.uk\/es\/wp-json\/wp\/v2\/media\/568"}],"wp:attachment":[{"href":"https:\/\/www.redrocktrails.co.uk\/es\/wp-json\/wp\/v2\/media?parent=566"}],"curies":[{"name":"wp","href":"https:\/\/api.w.org\/{rel}","templated":true}]}}