{"id":561,"date":"2021-04-13T16:50:52","date_gmt":"2021-04-13T16:50:52","guid":{"rendered":"https:\/\/www.redrocktrails.co.uk\/accommodation\/"},"modified":"2025-04-29T13:43:41","modified_gmt":"2025-04-29T13:43:41","slug":"accommodation","status":"publish","type":"page","link":"https:\/\/www.redrocktrails.co.uk\/es\/accommodation\/","title":{"rendered":"Alojamiento"},"content":{"rendered":"<style>.kb-row-layout-id561_c26f89-fb > .kt-row-column-wrap{align-content:start;}:where(.kb-row-layout-id561_c26f89-fb > .kt-row-column-wrap) > .wp-block-kadence-column{justify-content:start;}.kb-row-layout-id561_c26f89-fb > .kt-row-column-wrap{column-gap:var(--global-kb-gap-md, 2rem);row-gap:var(--global-kb-gap-md, 2rem);max-width:905px;padding-top:23px;padding-bottom:25px;grid-template-columns:minmax(0, 1fr) minmax(0, 2fr);}.kb-row-layout-id561_c26f89-fb > .kt-row-layout-overlay{opacity:0.30;}@media all and (max-width: 1024px){.kb-row-layout-id561_c26f89-fb > .kt-row-column-wrap{grid-template-columns:minmax(0, 1fr) minmax(0, 2fr);}}@media all and (max-width: 767px){.kb-row-layout-id561_c26f89-fb > .kt-row-column-wrap{grid-template-columns:minmax(0, 1fr);}}<\/style><div class=\"kb-row-layout-wrap kb-row-layout-id561_c26f89-fb alignnone wp-block-kadence-rowlayout\"><div class=\"kt-row-column-wrap kt-has-2-columns kt-row-layout-right-golden kt-tab-layout-inherit kt-mobile-layout-row kt-row-valign-top kb-theme-content-width\">\n<style>.kadence-column561_97947f-2f > .kt-inside-inner-col,.kadence-column561_97947f-2f > .kt-inside-inner-col:before{border-top-left-radius:0px;border-top-right-radius:0px;border-bottom-right-radius:0px;border-bottom-left-radius:0px;}.kadence-column561_97947f-2f > .kt-inside-inner-col{column-gap:var(--global-kb-gap-sm, 1rem);}.kadence-column561_97947f-2f > .kt-inside-inner-col{flex-direction:column;}.kadence-column561_97947f-2f > .kt-inside-inner-col > .aligncenter{width:100%;}.kadence-column561_97947f-2f > .kt-inside-inner-col:before{opacity:0.3;}.kadence-column561_97947f-2f{position:relative;}@media all and (max-width: 1024px){.kadence-column561_97947f-2f > .kt-inside-inner-col{flex-direction:column;justify-content:center;}}@media all and (max-width: 767px){.kadence-column561_97947f-2f > .kt-inside-inner-col{flex-direction:column;justify-content:center;}}<\/style>\n<div class=\"wp-block-kadence-column kadence-column561_97947f-2f inner-column-1\"><div class=\"kt-inside-inner-col\">\n<p class=\"has-text-align-right destacat\">Alojamiento generoso para un m\u00e1ximo de doce personas<\/p>\n<\/div><\/div>\n\n\n<style>.kadence-column561_1183b6-76 > .kt-inside-inner-col,.kadence-column561_1183b6-76 > .kt-inside-inner-col:before{border-top-left-radius:0px;border-top-right-radius:0px;border-bottom-right-radius:0px;border-bottom-left-radius:0px;}.kadence-column561_1183b6-76 > .kt-inside-inner-col{column-gap:var(--global-kb-gap-sm, 1rem);}.kadence-column561_1183b6-76 > .kt-inside-inner-col{flex-direction:column;}.kadence-column561_1183b6-76 > .kt-inside-inner-col > .aligncenter{width:100%;}.kadence-column561_1183b6-76 > .kt-inside-inner-col:before{opacity:0.3;}.kadence-column561_1183b6-76{position:relative;}@media all and (max-width: 1024px){.kadence-column561_1183b6-76 > .kt-inside-inner-col{flex-direction:column;justify-content:center;}}@media all and (max-width: 767px){.kadence-column561_1183b6-76 > .kt-inside-inner-col{flex-direction:column;justify-content:center;}}<\/style>\n<div class=\"wp-block-kadence-column kadence-column561_1183b6-76 inner-column-2\"><div class=\"kt-inside-inner-col\">\n<p>Con mucho cari\u00f1o hemos reconstruido una era de piedra centenaria en un pueblecito medieval en el Pirineo Catal\u00e1n. Conserva las caracter\u00edsticas originales pero ofrece alojamiento contempor\u00e1neo, c\u00f3modo y bien equipado para hasta 12 personas, con WiFi gratuita. No se permite fumar.<\/p>\n<\/div><\/div>\n\n<\/div><\/div>\n\n<style>.kb-row-layout-id561_cd3525-5a > .kt-row-column-wrap{align-content:start;}:where(.kb-row-layout-id561_cd3525-5a > .kt-row-column-wrap) > .wp-block-kadence-column{justify-content:start;}.kb-row-layout-id561_cd3525-5a > .kt-row-column-wrap{column-gap:var(--global-kb-gap-md, 2rem);row-gap:var(--global-kb-gap-md, 2rem);max-width:905px;padding-top:var(--global-kb-spacing-sm, 1.5rem);padding-bottom:var(--global-kb-spacing-sm, 1.5rem);grid-template-columns:minmax(0, 1fr) minmax(0, 2fr);}.kb-row-layout-id561_cd3525-5a > .kt-row-layout-overlay{opacity:0.30;}@media all and (max-width: 1024px){.kb-row-layout-id561_cd3525-5a > .kt-row-column-wrap{grid-template-columns:minmax(0, 1fr) minmax(0, 2fr);}}@media all and (max-width: 767px){.kb-row-layout-id561_cd3525-5a > .kt-row-column-wrap{grid-template-columns:minmax(0, 1fr);}}<\/style><div class=\"kb-row-layout-wrap kb-row-layout-id561_cd3525-5a alignnone wp-block-kadence-rowlayout\"><div class=\"kt-row-column-wrap kt-has-2-columns kt-row-layout-right-golden kt-tab-layout-inherit kt-mobile-layout-row kt-row-valign-top kb-theme-content-width\">\n<style>.kadence-column561_6ebf8f-1e > .kt-inside-inner-col,.kadence-column561_6ebf8f-1e > .kt-inside-inner-col:before{border-top-left-radius:0px;border-top-right-radius:0px;border-bottom-right-radius:0px;border-bottom-left-radius:0px;}.kadence-column561_6ebf8f-1e > .kt-inside-inner-col{column-gap:var(--global-kb-gap-sm, 1rem);}.kadence-column561_6ebf8f-1e > .kt-inside-inner-col{flex-direction:column;}.kadence-column561_6ebf8f-1e > .kt-inside-inner-col > .aligncenter{width:100%;}.kadence-column561_6ebf8f-1e > .kt-inside-inner-col:before{opacity:0.3;}.kadence-column561_6ebf8f-1e{position:relative;}@media all and (max-width: 1024px){.kadence-column561_6ebf8f-1e > .kt-inside-inner-col{flex-direction:column;justify-content:center;}}@media all and (max-width: 767px){.kadence-column561_6ebf8f-1e > .kt-inside-inner-col{flex-direction:column;justify-content:center;}}<\/style>\n<div class=\"wp-block-kadence-column kadence-column561_6ebf8f-1e inner-column-1\"><div class=\"kt-inside-inner-col\">\n<p class=\"has-text-align-right destacat\">Habitaciones espaciosas<\/p>\n<\/div><\/div>\n\n\n<style>.kadence-column561_2dec0e-ad > .kt-inside-inner-col,.kadence-column561_2dec0e-ad > .kt-inside-inner-col:before{border-top-left-radius:0px;border-top-right-radius:0px;border-bottom-right-radius:0px;border-bottom-left-radius:0px;}.kadence-column561_2dec0e-ad > .kt-inside-inner-col{column-gap:var(--global-kb-gap-sm, 1rem);}.kadence-column561_2dec0e-ad > .kt-inside-inner-col{flex-direction:column;}.kadence-column561_2dec0e-ad > .kt-inside-inner-col > .aligncenter{width:100%;}.kadence-column561_2dec0e-ad > .kt-inside-inner-col:before{opacity:0.3;}.kadence-column561_2dec0e-ad{position:relative;}@media all and (max-width: 1024px){.kadence-column561_2dec0e-ad > .kt-inside-inner-col{flex-direction:column;justify-content:center;}}@media all and (max-width: 767px){.kadence-column561_2dec0e-ad > .kt-inside-inner-col{flex-direction:column;justify-content:center;}}<\/style>\n<div class=\"wp-block-kadence-column kadence-column561_2dec0e-ad inner-column-2\"><div class=\"kt-inside-inner-col\">\n<p>Las amplias habitaciones (dos habitaciones familiares y dos dobles) est\u00e1n amuebladas de forma individual con grandes y elegantes ba\u00f1os con duchas potentes (una de las habitaciones familiares tambi\u00e9n tiene ba\u00f1era para los m\u00e1s peque\u00f1os). Las paredes de piedra maciza y el aire acondicionado mediante las placas solares mantienen las habitaciones frescas en verano y la calefacci\u00f3n por suelo radiante las hace acogedoras en los meses m\u00e1s fr\u00edos. Se proporciona ropa de cama 100% algod\u00f3n, toallas grandes, art\u00edculos de tocador y secador de pelo. Hay peque\u00f1os extras \u00fatiles, como puntos de carga USB, toallas para nadar y una lavander\u00eda con lavadora y secadora.<\/p>\n<\/div><\/div>\n\n<\/div><\/div>\n\n<style>.kb-row-layout-id561_feb15c-be > .kt-row-column-wrap{align-content:start;}:where(.kb-row-layout-id561_feb15c-be > .kt-row-column-wrap) > .wp-block-kadence-column{justify-content:start;}.kb-row-layout-id561_feb15c-be > .kt-row-column-wrap{column-gap:var(--global-kb-gap-md, 2rem);row-gap:var(--global-kb-gap-md, 2rem);max-width:905px;padding-top:var(--global-kb-spacing-sm, 1.5rem);padding-bottom:var(--global-kb-spacing-sm, 1.5rem);grid-template-columns:minmax(0, 1fr) minmax(0, 2fr);}.kb-row-layout-id561_feb15c-be > .kt-row-layout-overlay{opacity:0.30;}@media all and (max-width: 1024px){.kb-row-layout-id561_feb15c-be > .kt-row-column-wrap{grid-template-columns:minmax(0, 1fr) minmax(0, 2fr);}}@media all and (max-width: 767px){.kb-row-layout-id561_feb15c-be > .kt-row-column-wrap{grid-template-columns:minmax(0, 1fr);}}<\/style><div class=\"kb-row-layout-wrap kb-row-layout-id561_feb15c-be alignnone wp-block-kadence-rowlayout\"><div class=\"kt-row-column-wrap kt-has-2-columns kt-row-layout-right-golden kt-tab-layout-inherit kt-mobile-layout-row kt-row-valign-top kb-theme-content-width\">\n<style>.kadence-column561_9ba88c-a1 > .kt-inside-inner-col,.kadence-column561_9ba88c-a1 > .kt-inside-inner-col:before{border-top-left-radius:0px;border-top-right-radius:0px;border-bottom-right-radius:0px;border-bottom-left-radius:0px;}.kadence-column561_9ba88c-a1 > .kt-inside-inner-col{column-gap:var(--global-kb-gap-sm, 1rem);}.kadence-column561_9ba88c-a1 > .kt-inside-inner-col{flex-direction:column;}.kadence-column561_9ba88c-a1 > .kt-inside-inner-col > .aligncenter{width:100%;}.kadence-column561_9ba88c-a1 > .kt-inside-inner-col:before{opacity:0.3;}.kadence-column561_9ba88c-a1{position:relative;}@media all and (max-width: 1024px){.kadence-column561_9ba88c-a1 > .kt-inside-inner-col{flex-direction:column;justify-content:center;}}@media all and (max-width: 767px){.kadence-column561_9ba88c-a1 > .kt-inside-inner-col{flex-direction:column;justify-content:center;}}<\/style>\n<div class=\"wp-block-kadence-column kadence-column561_9ba88c-a1 inner-column-1\"><div class=\"kt-inside-inner-col\">\n<p class=\"has-text-align-right destacat\">Relajarse tranquilamente<\/p>\n<\/div><\/div>\n\n\n<style>.kadence-column561_84b296-fa > .kt-inside-inner-col,.kadence-column561_84b296-fa > .kt-inside-inner-col:before{border-top-left-radius:0px;border-top-right-radius:0px;border-bottom-right-radius:0px;border-bottom-left-radius:0px;}.kadence-column561_84b296-fa > .kt-inside-inner-col{column-gap:var(--global-kb-gap-sm, 1rem);}.kadence-column561_84b296-fa > .kt-inside-inner-col{flex-direction:column;}.kadence-column561_84b296-fa > .kt-inside-inner-col > .aligncenter{width:100%;}.kadence-column561_84b296-fa > .kt-inside-inner-col:before{opacity:0.3;}.kadence-column561_84b296-fa{position:relative;}@media all and (max-width: 1024px){.kadence-column561_84b296-fa > .kt-inside-inner-col{flex-direction:column;justify-content:center;}}@media all and (max-width: 767px){.kadence-column561_84b296-fa > .kt-inside-inner-col{flex-direction:column;justify-content:center;}}<\/style>\n<div class=\"wp-block-kadence-column kadence-column561_84b296-fa inner-column-2\"><div class=\"kt-inside-inner-col\">\n<p>Las amplias habitaciones (dos habitaciones familiares y dos dobles) est\u00e1n amuebladas de forma individual con grandes y elegantes ba\u00f1os con duchas potentes (una de las habitaciones familiares tambi\u00e9n tiene ba\u00f1era para los m\u00e1s peque\u00f1os). Las paredes de piedra maciza y el aire acondicionado mediante las placas solares mantienen las habitaciones frescas en verano y la calefacci\u00f3n por suelo radiante las hace acogedoras en los meses m\u00e1s fr\u00edos. Se proporciona ropa de cama 100% algod\u00f3n, toallas grandes, art\u00edculos de tocador y secador de pelo. Hay peque\u00f1os extras \u00fatiles, como puntos de carga USB, toallas para nadar y una lavander\u00eda con lavadora y secadora.<\/p>\n<\/div><\/div>\n\n<\/div><\/div>\n\n<style>.kb-row-layout-id561_29ac16-52 > .kt-row-column-wrap{align-content:start;}:where(.kb-row-layout-id561_29ac16-52 > .kt-row-column-wrap) > .wp-block-kadence-column{justify-content:start;}.kb-row-layout-id561_29ac16-52 > .kt-row-column-wrap{column-gap:var(--global-kb-gap-md, 2rem);row-gap:var(--global-kb-gap-md, 2rem);max-width:905px;padding-top:var(--global-kb-spacing-sm, 1.5rem);padding-bottom:var(--global-kb-spacing-sm, 1.5rem);grid-template-columns:minmax(0, 1fr) minmax(0, 2fr);}.kb-row-layout-id561_29ac16-52 > .kt-row-layout-overlay{opacity:0.30;}@media all and (max-width: 1024px){.kb-row-layout-id561_29ac16-52 > .kt-row-column-wrap{grid-template-columns:minmax(0, 1fr) minmax(0, 2fr);}}@media all and (max-width: 767px){.kb-row-layout-id561_29ac16-52 > .kt-row-column-wrap{grid-template-columns:minmax(0, 1fr);}}<\/style><div class=\"kb-row-layout-wrap kb-row-layout-id561_29ac16-52 alignnone wp-block-kadence-rowlayout\"><div class=\"kt-row-column-wrap kt-has-2-columns kt-row-layout-right-golden kt-tab-layout-inherit kt-mobile-layout-row kt-row-valign-top kb-theme-content-width\">\n<style>.kadence-column561_551867-b5 > .kt-inside-inner-col,.kadence-column561_551867-b5 > .kt-inside-inner-col:before{border-top-left-radius:0px;border-top-right-radius:0px;border-bottom-right-radius:0px;border-bottom-left-radius:0px;}.kadence-column561_551867-b5 > .kt-inside-inner-col{column-gap:var(--global-kb-gap-sm, 1rem);}.kadence-column561_551867-b5 > .kt-inside-inner-col{flex-direction:column;}.kadence-column561_551867-b5 > .kt-inside-inner-col > .aligncenter{width:100%;}.kadence-column561_551867-b5 > .kt-inside-inner-col:before{opacity:0.3;}.kadence-column561_551867-b5{position:relative;}@media all and (max-width: 1024px){.kadence-column561_551867-b5 > .kt-inside-inner-col{flex-direction:column;justify-content:center;}}@media all and (max-width: 767px){.kadence-column561_551867-b5 > .kt-inside-inner-col{flex-direction:column;justify-content:center;}}<\/style>\n<div class=\"wp-block-kadence-column kadence-column561_551867-b5 inner-column-1\"><div class=\"kt-inside-inner-col\">\n<p class=\"has-text-align-right destacat\">Jard\u00edn privado<\/p>\n<\/div><\/div>\n\n\n<style>.kadence-column561_1ae640-cd > .kt-inside-inner-col,.kadence-column561_1ae640-cd > .kt-inside-inner-col:before{border-top-left-radius:0px;border-top-right-radius:0px;border-bottom-right-radius:0px;border-bottom-left-radius:0px;}.kadence-column561_1ae640-cd > .kt-inside-inner-col{column-gap:var(--global-kb-gap-sm, 1rem);}.kadence-column561_1ae640-cd > .kt-inside-inner-col{flex-direction:column;}.kadence-column561_1ae640-cd > .kt-inside-inner-col > .aligncenter{width:100%;}.kadence-column561_1ae640-cd > .kt-inside-inner-col:before{opacity:0.3;}.kadence-column561_1ae640-cd{position:relative;}@media all and (max-width: 1024px){.kadence-column561_1ae640-cd > .kt-inside-inner-col{flex-direction:column;justify-content:center;}}@media all and (max-width: 767px){.kadence-column561_1ae640-cd > .kt-inside-inner-col{flex-direction:column;justify-content:center;}}<\/style>\n<div class=\"wp-block-kadence-column kadence-column561_1ae640-cd inner-column-2\"><div class=\"kt-inside-inner-col\">\n<p>En el exterior, tenemos un jard\u00edn cerrado y seguro, lejos de carreteras transitadas, con asientos tanto para cenar como para relajarse. Hay una barbacoa y un horno de le\u00f1a para cocinar pizzas y otros alimentos. El jard\u00edn cuenta con un arenal, tipi, red de b\u00e1dminton, cesta de baloncesto, porter\u00eda de f\u00fatbol y otros juegos exteriores. A poca distancia en bicicleta o a un agradable paseo hay pistas de tenis, un skate park, pump track, campos de f\u00fatbol y una piscina al aire libre.<\/p>\n\n\n\n<p>Si visita con ni\u00f1os peque\u00f1os tenemos una cuna, trona y carretilla para su uso gratuito.<\/p>\n\n\n\n<p>No se admiten mascotas, lo sentimos.<\/p>\n\n\n\n<p>Vivimos en un piso separado junto a la casa, as\u00ed que siempre estamos a su disposici\u00f3n para ayudarle con cualquier pregunta o problema.<\/p>\n<\/div><\/div>\n\n<\/div><\/div>\n\n<style>.kb-row-layout-id561_45c099-e9 > .kt-row-column-wrap{align-content:start;}:where(.kb-row-layout-id561_45c099-e9 > .kt-row-column-wrap) > .wp-block-kadence-column{justify-content:start;}.kb-row-layout-id561_45c099-e9 > .kt-row-column-wrap{column-gap:var(--global-kb-gap-md, 2rem);row-gap:var(--global-kb-gap-md, 2rem);padding-top:var(--global-kb-spacing-sm, 1.5rem);padding-bottom:var(--global-kb-spacing-sm, 1.5rem);grid-template-columns:minmax(0, 1fr);}.kb-row-layout-id561_45c099-e9 > .kt-row-layout-overlay{opacity:0.30;}@media all and (max-width: 1024px){.kb-row-layout-id561_45c099-e9 > .kt-row-column-wrap{grid-template-columns:minmax(0, 1fr);}}@media all and (max-width: 767px){.kb-row-layout-id561_45c099-e9 > .kt-row-column-wrap{grid-template-columns:minmax(0, 1fr);}}<\/style><div class=\"kb-row-layout-wrap kb-row-layout-id561_45c099-e9 alignnone wp-block-kadence-rowlayout\"><div class=\"kt-row-column-wrap kt-has-1-columns kt-row-layout-equal kt-tab-layout-inherit kt-mobile-layout-row kt-row-valign-top\">\n<style>.kadence-column561_f9eb40-0d > .kt-inside-inner-col,.kadence-column561_f9eb40-0d > .kt-inside-inner-col:before{border-top-left-radius:0px;border-top-right-radius:0px;border-bottom-right-radius:0px;border-bottom-left-radius:0px;}.kadence-column561_f9eb40-0d > .kt-inside-inner-col{column-gap:var(--global-kb-gap-sm, 1rem);}.kadence-column561_f9eb40-0d > .kt-inside-inner-col{flex-direction:column;}.kadence-column561_f9eb40-0d > .kt-inside-inner-col > .aligncenter{width:100%;}.kadence-column561_f9eb40-0d > .kt-inside-inner-col:before{opacity:0.3;}.kadence-column561_f9eb40-0d{position:relative;}@media all and (max-width: 1024px){.kadence-column561_f9eb40-0d > .kt-inside-inner-col{flex-direction:column;justify-content:center;}}@media all and (max-width: 767px){.kadence-column561_f9eb40-0d > .kt-inside-inner-col{flex-direction:column;justify-content:center;}}<\/style>\n<div class=\"wp-block-kadence-column kadence-column561_f9eb40-0d inner-column-1\"><div class=\"kt-inside-inner-col\">\n<figure class=\"wp-block-gallery has-nested-images columns-3 is-cropped wp-block-gallery-1 is-layout-flex wp-block-gallery-is-layout-flex\">\n<figure class=\"wp-block-image size-large\"><a href=\"https:\/\/www.redrocktrails.co.uk\/wp-content\/uploads\/accommodation_13.jpg\"><img loading=\"lazy\" decoding=\"async\" width=\"1024\" height=\"818\" data-id=\"537\" src=\"https:\/\/www.redrocktrails.co.uk\/wp-content\/uploads\/accommodation_13-1024x818.jpg\" alt=\"\" class=\"wp-image-537\" srcset=\"https:\/\/www.redrocktrails.co.uk\/wp-content\/uploads\/accommodation_13-1024x818.jpg 1024w, https:\/\/www.redrocktrails.co.uk\/wp-content\/uploads\/accommodation_13-300x240.jpg 300w, https:\/\/www.redrocktrails.co.uk\/wp-content\/uploads\/accommodation_13-768x614.jpg 768w, https:\/\/www.redrocktrails.co.uk\/wp-content\/uploads\/accommodation_13-1536x1227.jpg 1536w, https:\/\/www.redrocktrails.co.uk\/wp-content\/uploads\/accommodation_13-1200x959.jpg 1200w, https:\/\/www.redrocktrails.co.uk\/wp-content\/uploads\/accommodation_13-1400x1119.jpg 1400w, https:\/\/www.redrocktrails.co.uk\/wp-content\/uploads\/accommodation_13.jpg 1900w\" sizes=\"auto, (max-width: 1024px) 100vw, 1024px\" \/><\/a><\/figure>\n\n\n\n<figure class=\"wp-block-image size-large\"><a href=\"https:\/\/www.redrocktrails.co.uk\/wp-content\/uploads\/accommodation_10.jpg\"><img loading=\"lazy\" decoding=\"async\" width=\"1024\" height=\"683\" data-id=\"214\" src=\"https:\/\/www.redrocktrails.co.uk\/wp-content\/uploads\/accommodation_10-1024x683.jpg\" alt=\"\" class=\"wp-image-214\" srcset=\"https:\/\/www.redrocktrails.co.uk\/wp-content\/uploads\/accommodation_10-1024x683.jpg 1024w, https:\/\/www.redrocktrails.co.uk\/wp-content\/uploads\/accommodation_10-300x200.jpg 300w, https:\/\/www.redrocktrails.co.uk\/wp-content\/uploads\/accommodation_10-768x512.jpg 768w, https:\/\/www.redrocktrails.co.uk\/wp-content\/uploads\/accommodation_10-1200x800.jpg 1200w, https:\/\/www.redrocktrails.co.uk\/wp-content\/uploads\/accommodation_10.jpg 1300w\" sizes=\"auto, (max-width: 1024px) 100vw, 1024px\" \/><\/a><\/figure>\n\n\n\n<figure class=\"wp-block-image size-large\"><a href=\"https:\/\/www.redrocktrails.co.uk\/wp-content\/uploads\/accommodation_11.jpg\"><img loading=\"lazy\" decoding=\"async\" width=\"1024\" height=\"677\" data-id=\"215\" src=\"https:\/\/www.redrocktrails.co.uk\/wp-content\/uploads\/accommodation_11-1024x677.jpg\" alt=\"\" class=\"wp-image-215\" srcset=\"https:\/\/www.redrocktrails.co.uk\/wp-content\/uploads\/accommodation_11-1024x677.jpg 1024w, https:\/\/www.redrocktrails.co.uk\/wp-content\/uploads\/accommodation_11-300x198.jpg 300w, https:\/\/www.redrocktrails.co.uk\/wp-content\/uploads\/accommodation_11-768x507.jpg 768w, https:\/\/www.redrocktrails.co.uk\/wp-content\/uploads\/accommodation_11-1200x793.jpg 1200w, https:\/\/www.redrocktrails.co.uk\/wp-content\/uploads\/accommodation_11.jpg 1300w\" sizes=\"auto, (max-width: 1024px) 100vw, 1024px\" \/><\/a><\/figure>\n\n\n\n<figure class=\"wp-block-image size-large\"><a href=\"https:\/\/www.redrocktrails.co.uk\/wp-content\/uploads\/accommodation_3.jpg\"><img loading=\"lazy\" decoding=\"async\" width=\"1024\" height=\"683\" data-id=\"207\" src=\"https:\/\/www.redrocktrails.co.uk\/wp-content\/uploads\/accommodation_3-1024x683.jpg\" alt=\"\" class=\"wp-image-207\" srcset=\"https:\/\/www.redrocktrails.co.uk\/wp-content\/uploads\/accommodation_3-1024x683.jpg 1024w, https:\/\/www.redrocktrails.co.uk\/wp-content\/uploads\/accommodation_3-300x200.jpg 300w, https:\/\/www.redrocktrails.co.uk\/wp-content\/uploads\/accommodation_3-768x512.jpg 768w, https:\/\/www.redrocktrails.co.uk\/wp-content\/uploads\/accommodation_3-1200x800.jpg 1200w, https:\/\/www.redrocktrails.co.uk\/wp-content\/uploads\/accommodation_3.jpg 1300w\" sizes=\"auto, (max-width: 1024px) 100vw, 1024px\" \/><\/a><\/figure>\n\n\n\n<figure class=\"wp-block-image size-large\"><a href=\"https:\/\/www.redrocktrails.co.uk\/wp-content\/uploads\/accommodation_6.jpg\"><img loading=\"lazy\" decoding=\"async\" width=\"1024\" height=\"683\" data-id=\"210\" src=\"https:\/\/www.redrocktrails.co.uk\/wp-content\/uploads\/accommodation_6-1024x683.jpg\" alt=\"\" class=\"wp-image-210\" srcset=\"https:\/\/www.redrocktrails.co.uk\/wp-content\/uploads\/accommodation_6-1024x683.jpg 1024w, https:\/\/www.redrocktrails.co.uk\/wp-content\/uploads\/accommodation_6-300x200.jpg 300w, https:\/\/www.redrocktrails.co.uk\/wp-content\/uploads\/accommodation_6-768x512.jpg 768w, https:\/\/www.redrocktrails.co.uk\/wp-content\/uploads\/accommodation_6-1200x800.jpg 1200w, https:\/\/www.redrocktrails.co.uk\/wp-content\/uploads\/accommodation_6.jpg 1300w\" sizes=\"auto, (max-width: 1024px) 100vw, 1024px\" \/><\/a><\/figure>\n\n\n\n<figure class=\"wp-block-image size-large\"><a href=\"https:\/\/www.redrocktrails.co.uk\/wp-content\/uploads\/accommodation_5.jpg\"><img loading=\"lazy\" decoding=\"async\" width=\"1024\" height=\"683\" data-id=\"209\" src=\"https:\/\/www.redrocktrails.co.uk\/wp-content\/uploads\/accommodation_5-1024x683.jpg\" alt=\"\" class=\"wp-image-209\" srcset=\"https:\/\/www.redrocktrails.co.uk\/wp-content\/uploads\/accommodation_5-1024x683.jpg 1024w, https:\/\/www.redrocktrails.co.uk\/wp-content\/uploads\/accommodation_5-300x200.jpg 300w, https:\/\/www.redrocktrails.co.uk\/wp-content\/uploads\/accommodation_5-768x512.jpg 768w, https:\/\/www.redrocktrails.co.uk\/wp-content\/uploads\/accommodation_5-1200x800.jpg 1200w, https:\/\/www.redrocktrails.co.uk\/wp-content\/uploads\/accommodation_5.jpg 1300w\" sizes=\"auto, (max-width: 1024px) 100vw, 1024px\" \/><\/a><\/figure>\n\n\n\n<figure class=\"wp-block-image size-large\"><a href=\"https:\/\/www.redrocktrails.co.uk\/wp-content\/uploads\/accommodation_4.jpg\"><img loading=\"lazy\" decoding=\"async\" width=\"1024\" height=\"683\" data-id=\"208\" src=\"https:\/\/www.redrocktrails.co.uk\/wp-content\/uploads\/accommodation_4-1024x683.jpg\" alt=\"\" class=\"wp-image-208\" srcset=\"https:\/\/www.redrocktrails.co.uk\/wp-content\/uploads\/accommodation_4-1024x683.jpg 1024w, https:\/\/www.redrocktrails.co.uk\/wp-content\/uploads\/accommodation_4-300x200.jpg 300w, https:\/\/www.redrocktrails.co.uk\/wp-content\/uploads\/accommodation_4-768x512.jpg 768w, https:\/\/www.redrocktrails.co.uk\/wp-content\/uploads\/accommodation_4-1200x800.jpg 1200w, https:\/\/www.redrocktrails.co.uk\/wp-content\/uploads\/accommodation_4.jpg 1300w\" sizes=\"auto, (max-width: 1024px) 100vw, 1024px\" \/><\/a><\/figure>\n\n\n\n<figure class=\"wp-block-image size-large\"><a href=\"https:\/\/www.redrocktrails.co.uk\/wp-content\/uploads\/accommodation_1.jpeg\"><img decoding=\"async\" data-id=\"205\" src=\"https:\/\/www.redrocktrails.co.uk\/wp-content\/uploads\/accommodation_1-768x1024.jpeg\" alt=\"\" class=\"wp-image-205\"\/><\/a><\/figure>\n\n\n\n<figure class=\"wp-block-image size-large\"><a href=\"https:\/\/www.redrocktrails.co.uk\/wp-content\/uploads\/accommodation_7.jpg\"><img loading=\"lazy\" decoding=\"async\" width=\"782\" height=\"1024\" data-id=\"211\" src=\"https:\/\/www.redrocktrails.co.uk\/wp-content\/uploads\/accommodation_7-782x1024.jpg\" alt=\"\" class=\"wp-image-211\" srcset=\"https:\/\/www.redrocktrails.co.uk\/wp-content\/uploads\/accommodation_7-782x1024.jpg 782w, https:\/\/www.redrocktrails.co.uk\/wp-content\/uploads\/accommodation_7-229x300.jpg 229w, https:\/\/www.redrocktrails.co.uk\/wp-content\/uploads\/accommodation_7-768x1005.jpg 768w, https:\/\/www.redrocktrails.co.uk\/wp-content\/uploads\/accommodation_7-1173x1536.jpg 1173w, https:\/\/www.redrocktrails.co.uk\/wp-content\/uploads\/accommodation_7-1200x1571.jpg 1200w, https:\/\/www.redrocktrails.co.uk\/wp-content\/uploads\/accommodation_7-300x393.jpg 300w, https:\/\/www.redrocktrails.co.uk\/wp-content\/uploads\/accommodation_7.jpg 1300w\" sizes=\"auto, (max-width: 782px) 100vw, 782px\" \/><\/a><\/figure>\n<\/figure>\n<\/div><\/div>\n\n<\/div><\/div>","protected":false},"excerpt":{"rendered":"<p>Alojamiento generoso para un m\u00e1ximo de doce personas Con mucho cari\u00f1o hemos reconstruido una era de piedra centenaria en un pueblecito medieval en el Pirineo Catal\u00e1n. Conserva las caracter\u00edsticas originales pero ofrece alojamiento contempor\u00e1neo, c\u00f3modo y bien equipado para hasta 12 personas, con WiFi gratuita. No se permite fumar. Habitaciones espaciosas Las amplias habitaciones (dos &hellip;<\/p>\n","protected":false},"author":1,"featured_media":559,"parent":0,"menu_order":0,"comment_status":"closed","ping_status":"closed","template":"","meta":{"footnotes":""},"class_list":["post-561","page","type-page","status-publish","has-post-thumbnail","hentry","post","with-featured-image"],"_links":{"self":[{"href":"https:\/\/www.redrocktrails.co.uk\/es\/wp-json\/wp\/v2\/pages\/561","targetHints":{"allow":["GET"]}}],"collection":[{"href":"https:\/\/www.redrocktrails.co.uk\/es\/wp-json\/wp\/v2\/pages"}],"about":[{"href":"https:\/\/www.redrocktrails.co.uk\/es\/wp-json\/wp\/v2\/types\/page"}],"author":[{"embeddable":true,"href":"https:\/\/www.redrocktrails.co.uk\/es\/wp-json\/wp\/v2\/users\/1"}],"replies":[{"embeddable":true,"href":"https:\/\/www.redrocktrails.co.uk\/es\/wp-json\/wp\/v2\/comments?post=561"}],"version-history":[{"count":11,"href":"https:\/\/www.redrocktrails.co.uk\/es\/wp-json\/wp\/v2\/pages\/561\/revisions"}],"predecessor-version":[{"id":1769,"href":"https:\/\/www.redrocktrails.co.uk\/es\/wp-json\/wp\/v2\/pages\/561\/revisions\/1769"}],"wp:featuredmedia":[{"embeddable":true,"href":"https:\/\/www.redrocktrails.co.uk\/es\/wp-json\/wp\/v2\/media\/559"}],"wp:attachment":[{"href":"https:\/\/www.redrocktrails.co.uk\/es\/wp-json\/wp\/v2\/media?parent=561"}],"curies":[{"name":"wp","href":"https:\/\/api.w.org\/{rel}","templated":true}]}}