{"id":558,"date":"2021-04-13T16:51:02","date_gmt":"2021-04-13T16:51:02","guid":{"rendered":"https:\/\/www.redrocktrails.co.uk\/booking\/"},"modified":"2026-03-14T18:22:40","modified_gmt":"2026-03-14T18:22:40","slug":"booking","status":"publish","type":"page","link":"https:\/\/www.redrocktrails.co.uk\/es\/booking\/","title":{"rendered":"Reservas"},"content":{"rendered":"<style>.kb-row-layout-id558_81c1b7-69 > .kt-row-column-wrap{align-content:start;}:where(.kb-row-layout-id558_81c1b7-69 > .kt-row-column-wrap) > .wp-block-kadence-column{justify-content:start;}.kb-row-layout-id558_81c1b7-69 > .kt-row-column-wrap{column-gap:var(--global-kb-gap-lg, 4rem);row-gap:var(--global-kb-gap-md, 2rem);padding-top:-1px;padding-bottom:0px;grid-template-columns:minmax(0, 1fr) minmax(0, 2fr);}.kb-row-layout-id558_81c1b7-69 > .kt-row-layout-overlay{opacity:0.30;}@media all and (max-width: 1024px){.kb-row-layout-id558_81c1b7-69 > .kt-row-column-wrap{grid-template-columns:minmax(0, 1fr) minmax(0, 2fr);}}@media all and (max-width: 767px){.kb-row-layout-id558_81c1b7-69 > .kt-row-column-wrap{grid-template-columns:minmax(0, 1fr);}}<\/style><div class=\"kb-row-layout-wrap kb-row-layout-id558_81c1b7-69 alignnone wp-block-kadence-rowlayout\"><div class=\"kt-row-column-wrap kt-has-2-columns kt-row-layout-right-golden kt-tab-layout-inherit kt-mobile-layout-row kt-row-valign-top\">\n<style>.kadence-column558_d54ebe-dd > .kt-inside-inner-col,.kadence-column558_d54ebe-dd > .kt-inside-inner-col:before{border-top-left-radius:0px;border-top-right-radius:0px;border-bottom-right-radius:0px;border-bottom-left-radius:0px;}.kadence-column558_d54ebe-dd > .kt-inside-inner-col{column-gap:var(--global-kb-gap-sm, 1rem);}.kadence-column558_d54ebe-dd > .kt-inside-inner-col{flex-direction:column;}.kadence-column558_d54ebe-dd > .kt-inside-inner-col > .aligncenter{width:100%;}.kadence-column558_d54ebe-dd > .kt-inside-inner-col:before{opacity:0.3;}.kadence-column558_d54ebe-dd{position:relative;}@media all and (max-width: 1024px){.kadence-column558_d54ebe-dd > .kt-inside-inner-col{flex-direction:column;justify-content:center;}}@media all and (max-width: 767px){.kadence-column558_d54ebe-dd > .kt-inside-inner-col{flex-direction:column;justify-content:center;}}<\/style>\n<div class=\"wp-block-kadence-column kadence-column558_d54ebe-dd inner-column-1\"><div class=\"kt-inside-inner-col\">\n<p><strong>Si est\u00e1is interesado en visitarnos, por favor enviadnos un mensaje con vuestras necesidades. Los precios indicados son para toda la propiedad, con capacidad para 12 personas en dos habitaciones familiares y dos dobles.<\/strong><\/p>\n<\/div><\/div>\n\n\n<style>.kadence-column558_5a3d8e-2c > .kt-inside-inner-col,.kadence-column558_5a3d8e-2c > .kt-inside-inner-col:before{border-top-left-radius:0px;border-top-right-radius:0px;border-bottom-right-radius:0px;border-bottom-left-radius:0px;}.kadence-column558_5a3d8e-2c > .kt-inside-inner-col{column-gap:var(--global-kb-gap-sm, 1rem);}.kadence-column558_5a3d8e-2c > .kt-inside-inner-col{flex-direction:column;}.kadence-column558_5a3d8e-2c > .kt-inside-inner-col > .aligncenter{width:100%;}.kadence-column558_5a3d8e-2c > .kt-inside-inner-col:before{opacity:0.3;}.kadence-column558_5a3d8e-2c{position:relative;}@media all and (max-width: 1024px){.kadence-column558_5a3d8e-2c > .kt-inside-inner-col{flex-direction:column;justify-content:center;}}@media all and (max-width: 767px){.kadence-column558_5a3d8e-2c > .kt-inside-inner-col{flex-direction:column;justify-content:center;}}<\/style>\n<div class=\"wp-block-kadence-column kadence-column558_5a3d8e-2c\"><div class=\"kt-inside-inner-col\">\n<h2 class=\"wp-block-heading has-text-align-left destacat\">Precios 2026<\/h2>\n\n\n\n<p><strong>D\u00edas laborales (lunes \u2013 jueves): 150\u20ac\/noche<\/strong><\/p>\n\n\n\n<p><strong>D\u00edas fin de semana (viernes \u2013 domingo): 175\u20ac\/noche<\/strong><\/p>\n\n\n\n<p><strong>Per\u00edodo de Navidad\/A\u00f1o Nuevo: 280\u20ac\/noche<\/strong><\/p>\n\n\n\n<p>M\u00ednimo 3 noches. Entrada despu\u00e9s de las 16h \/ salida antes de las 11h.<\/p>\n\n\n\n<p>Hay un suplemento de ropa de cama de 10\u20ac por persona por estancia. Esto incluye ropa de cama, toallas de ba\u00f1o y toallas de piscina.<\/p>\n\n\n\n<p>Una cuna, una trona y un cochecito est\u00e1n disponibles gratis.<\/p>\n\n\n\n<p>Se cobrar\u00e1 una tasa tur\u00edstica local a la llegada, esto es, 0,90\u20ac por adulto por noche, hasta un m\u00e1ximo de 7 noches.<\/p>\n\n\n\n<p>El pago se hace por transferencia bancaria. Se requiere una fianza del 20% al hacer la reserva, y el balance del pago 2 meses antes de la llegada.<\/p>\n\n\n\n<p>Se aplicar\u00e1 un descuento en estancias de m\u00e1s de 5 d\u00edas.<\/p>\n\n\n\n<p>Se debe dejar la propiedad limpia y ordenada al hacer la salida.<\/p>\n\n\n\n<p>Se debe abonar un dep\u00f3sito reembolsable de 500\u20ac al hacer la entrada o antes para cubrir da\u00f1os y cualquier coste de limpieza adicional que sea necesario. Este dep\u00f3sito se reembolsar\u00e1 al momento de la salida.<\/p>\n\n\n\n<p>En caso de cancelaci\u00f3n, daremos un reembolso del 100% menos el dep\u00f3sito si es antes de 14 d\u00edas de su llegada, 7-14 d\u00edas reembolsaremos el 50%, de lo contrario no hay reembolso.<\/p>\n\n\n\n<p>El servicio de chef privado est\u00e1 disponible por concertaci\u00f3n previa y seg\u00fan disponibilidad.<\/p>\n\n\n\n<p>Desayuno: 10\u20ac por persona por d\u00eda<\/p>\n\n\n\n<p>P\u00edcnic: 10\u20ac por persona por d\u00eda<\/p>\n\n\n\n<p>Cena: 25\u20ac por persona por d\u00eda, menores (hasta 16 a\u00f1os) 15\u20ac<\/p>\n<\/div><\/div>\n\n<\/div><\/div>\n\n<style>.wp-block-kadence-spacer.kt-block-spacer-558_1e06d7-c1 .kt-block-spacer{height:60px;}.wp-block-kadence-spacer.kt-block-spacer-558_1e06d7-c1 .kt-divider{border-top-width:1px;height:1px;border-top-color:#eee;width:80%;border-top-style:solid;}<\/style>\n<div class=\"wp-block-kadence-spacer aligncenter kt-block-spacer-558_1e06d7-c1\"><div class=\"kt-block-spacer kt-block-spacer-halign-center\"><hr class=\"kt-divider\"\/><\/div><\/div>\n\n\n\n<h2 class=\"wp-block-heading has-text-align-center\">Disponibilidad<\/h2>\n\n\n<style>.kb-row-layout-id558_bc6f14-09 > .kt-row-column-wrap{align-content:start;}:where(.kb-row-layout-id558_bc6f14-09 > .kt-row-column-wrap) > .wp-block-kadence-column{justify-content:start;}.kb-row-layout-id558_bc6f14-09 > .kt-row-column-wrap{column-gap:var(--global-kb-gap-md, 2rem);row-gap:var(--global-kb-gap-md, 2rem);max-width:905px;padding-top:var(--global-kb-spacing-sm, 1.5rem);padding-bottom:var(--global-kb-spacing-sm, 1.5rem);grid-template-columns:minmax(0, 1fr);}.kb-row-layout-id558_bc6f14-09 > .kt-row-layout-overlay{opacity:0.30;}@media all and (max-width: 1024px){.kb-row-layout-id558_bc6f14-09 > .kt-row-column-wrap{grid-template-columns:minmax(0, 1fr);}}@media all and (max-width: 767px){.kb-row-layout-id558_bc6f14-09 > .kt-row-column-wrap{grid-template-columns:minmax(0, 1fr);}}<\/style><div class=\"kb-row-layout-wrap kb-row-layout-id558_bc6f14-09 aligncenter wp-block-kadence-rowlayout\"><div class=\"kt-row-column-wrap kt-has-1-columns kt-row-layout-equal kt-tab-layout-inherit kt-mobile-layout-row kt-row-valign-top kb-theme-content-width\">\n<style>.kadence-column558_b1e7b8-b8 > .kt-inside-inner-col,.kadence-column558_b1e7b8-b8 > .kt-inside-inner-col:before{border-top-left-radius:0px;border-top-right-radius:0px;border-bottom-right-radius:0px;border-bottom-left-radius:0px;}.kadence-column558_b1e7b8-b8 > .kt-inside-inner-col{column-gap:var(--global-kb-gap-sm, 1rem);}.kadence-column558_b1e7b8-b8 > .kt-inside-inner-col{flex-direction:column;}.kadence-column558_b1e7b8-b8 > .kt-inside-inner-col > .aligncenter{width:100%;}.kadence-column558_b1e7b8-b8 > .kt-inside-inner-col:before{opacity:0.3;}.kadence-column558_b1e7b8-b8{position:relative;}@media all and (max-width: 1024px){.kadence-column558_b1e7b8-b8 > .kt-inside-inner-col{flex-direction:column;justify-content:center;}}@media all and (max-width: 767px){.kadence-column558_b1e7b8-b8 > .kt-inside-inner-col{flex-direction:column;justify-content:center;}}<\/style>\n<div class=\"wp-block-kadence-column kadence-column558_b1e7b8-b8 inner-column-1\"><div class=\"kt-inside-inner-col\">\n<div class=\"wp-block-booking-booking\"><div class='wpbc_only_calendar wpbc_container'><div id='calendar_booking_unselectable1'><\/div><span ><div style=\"clear:both;height:10px;\"><\/div><div class=\"wpbc_calendar_wraper wpbc_change_over_triangle wpbc_calendar_skin_legacy\"><div class=\"wpbc_cal_container bk_calendar_frame wpbc_no_custom_width  months_num_in_row_ cal_month_num_3\" style=\"\"><div id=\"calendar_booking1\"  class=\"wpbc_calendar_id_1\" >\t<div class=\"calendar_loader_frame calendar_loader_frame1\"\r\n\t\tdata-wpbc-rid=\"1\"\r\n\t\tdata-wpbc-grace=\"8000\"\r\n\t\tstyle=\"--wpbc-loader-cols: 3;\"\r\n\t>\r\n\t\t<div class=\"calendar_loader_text\">Cargando...<\/div>\r\n\t\t<div class=\"calendar_loader_frame__progress_line_container\">\r\n\t\t\t<div class=\"calendar_loader_frame__progress_line\"><\/div>\r\n\t\t<\/div>\r\n\t<\/div>\r\n\t<\/div><\/div><div style=\"font-size:7px;text-align:left;margin:0 0 10px;text-shadow: none;\">Powered by <a href=\"https:\/\/wpbookingcalendar.com\" style=\"font-size:7px;\" target=\"_blank\" title=\"Booking Calendar plugin for WordPress\">Booking Calendar<\/a><\/div><textarea id=\"date_booking1\" name=\"date_booking1\" autocomplete=\"off\" style=\"display:none;\"><\/textarea><div class=\"block_hints datepick \"><div class=\"wpdev_hint_with_text\"><div class=\"\"><div class=\"datepick-inline wpbc_calendar_legend_table_width_height\"><table class=\"datepick wpbc_calendar\" style=\"\"><tbody><tr><td class=\"datepick-days-cell date_available wpbc_calendar_legend_day_cell_height\"><div class=\"wpbc-cell-box\">\t<div class=\"date-cell-content\">\t\t<div class=\"date-content-top\"><\/div>\t\t<a>20<\/a>\t\t<div class=\"date-content-bottom\"><\/div>\t<\/div><\/div><\/td><\/tr><\/tbody><\/table><\/div><\/div><div class=\"block_text\">- <\/div><div class=\"block_text\">Disponible<\/div><\/div><div class=\"wpdev_hint_with_text\"><div class=\"\"><div class=\"datepick-inline wpbc_calendar_legend_table_width_height\"><table class=\"datepick wpbc_calendar\" style=\"\"><tbody><tr><td class=\"datepick-days-cell datepick-unselectable date_user_unavailable full_day_booking date_approved wpbc_calendar_legend_day_cell_height\"><div class=\"wpbc-cell-box\">\t<div class=\"date-cell-content\">\t\t<div class=\"date-content-top\"><\/div>\t\t<span>20<\/span>\t\t<div class=\"date-content-bottom\"><\/div>\t<\/div><\/div><\/td><\/tr><\/tbody><\/table><\/div><\/div><div class=\"block_text\">- <\/div><div class=\"block_text\">Reservado<\/div><\/div><div class=\"wpdev_hint_with_text\"><div class=\"\"><div class=\"datepick-inline wpbc_calendar_legend_table_width_height\"><table class=\"datepick wpbc_calendar\" style=\"\"><tbody><tr><td class=\"datepick-days-cell datepick-unselectable date_user_unavailable wpbc_calendar_legend_day_cell_height\"><div class=\"wpbc-cell-box\">\t<div class=\"date-cell-content\">\t\t<div class=\"date-content-top\"><\/div>\t\t<span>20<\/span>\t\t<div class=\"date-content-bottom\"><\/div>\t<\/div><\/div><\/td><\/tr><\/tbody><\/table><\/div><\/div><div class=\"block_text\">- <\/div><div class=\"block_text\">No disponible<\/div><\/div><\/div><\/div> <\/span><\/div><\/div>\n<\/div><\/div>\n\n<\/div><\/div>","protected":false},"excerpt":{"rendered":"<p>Si est\u00e1is interesado en visitarnos, por favor enviadnos un mensaje con vuestras necesidades. Los precios indicados son para toda la propiedad, con capacidad para 12 personas en dos habitaciones familiares y dos dobles. Precios 2026 D\u00edas laborales (lunes \u2013 jueves): 150\u20ac\/noche D\u00edas fin de semana (viernes \u2013 domingo): 175\u20ac\/noche Per\u00edodo de Navidad\/A\u00f1o Nuevo: 280\u20ac\/noche M\u00ednimo &hellip;<\/p>\n","protected":false},"author":1,"featured_media":559,"parent":0,"menu_order":0,"comment_status":"closed","ping_status":"closed","template":"","meta":{"footnotes":""},"class_list":["post-558","page","type-page","status-publish","has-post-thumbnail","hentry","post","with-featured-image"],"_links":{"self":[{"href":"https:\/\/www.redrocktrails.co.uk\/es\/wp-json\/wp\/v2\/pages\/558","targetHints":{"allow":["GET"]}}],"collection":[{"href":"https:\/\/www.redrocktrails.co.uk\/es\/wp-json\/wp\/v2\/pages"}],"about":[{"href":"https:\/\/www.redrocktrails.co.uk\/es\/wp-json\/wp\/v2\/types\/page"}],"author":[{"embeddable":true,"href":"https:\/\/www.redrocktrails.co.uk\/es\/wp-json\/wp\/v2\/users\/1"}],"replies":[{"embeddable":true,"href":"https:\/\/www.redrocktrails.co.uk\/es\/wp-json\/wp\/v2\/comments?post=558"}],"version-history":[{"count":50,"href":"https:\/\/www.redrocktrails.co.uk\/es\/wp-json\/wp\/v2\/pages\/558\/revisions"}],"predecessor-version":[{"id":1808,"href":"https:\/\/www.redrocktrails.co.uk\/es\/wp-json\/wp\/v2\/pages\/558\/revisions\/1808"}],"wp:featuredmedia":[{"embeddable":true,"href":"https:\/\/www.redrocktrails.co.uk\/es\/wp-json\/wp\/v2\/media\/559"}],"wp:attachment":[{"href":"https:\/\/www.redrocktrails.co.uk\/es\/wp-json\/wp\/v2\/media?parent=558"}],"curies":[{"name":"wp","href":"https:\/\/api.w.org\/{rel}","templated":true}]}}