{"id":582,"date":"2021-04-13T16:49:39","date_gmt":"2021-04-13T16:49:39","guid":{"rendered":"https:\/\/www.redrocktrails.co.uk\/about-us\/"},"modified":"2024-11-28T17:13:22","modified_gmt":"2024-11-28T17:13:22","slug":"about-us","status":"publish","type":"page","link":"https:\/\/www.redrocktrails.co.uk\/ca\/about-us\/","title":{"rendered":"Nosaltres"},"content":{"rendered":"<style>.kb-row-layout-id582_1d75d6-b9 > .kt-row-column-wrap{align-content:start;}:where(.kb-row-layout-id582_1d75d6-b9 > .kt-row-column-wrap) > .wp-block-kadence-column{justify-content:start;}.kb-row-layout-id582_1d75d6-b9 > .kt-row-column-wrap{column-gap:var(--global-kb-gap-md, 2rem);row-gap:var(--global-kb-gap-md, 2rem);max-width:905px;padding-top:var(--global-kb-spacing-sm, 1.5rem);padding-bottom:var(--global-kb-spacing-sm, 1.5rem);grid-template-columns:minmax(0, 1fr) minmax(0, 2fr);}.kb-row-layout-id582_1d75d6-b9 > .kt-row-layout-overlay{opacity:0.30;}@media all and (max-width: 1024px){.kb-row-layout-id582_1d75d6-b9 > .kt-row-column-wrap{grid-template-columns:minmax(0, 1fr) minmax(0, 2fr);}}@media all and (max-width: 767px){.kb-row-layout-id582_1d75d6-b9 > .kt-row-column-wrap{grid-template-columns:minmax(0, 1fr);}}<\/style><div class=\"kb-row-layout-wrap kb-row-layout-id582_1d75d6-b9 alignnone wp-block-kadence-rowlayout\"><div class=\"kt-row-column-wrap kt-has-2-columns kt-row-layout-right-golden kt-tab-layout-inherit kt-mobile-layout-row kt-row-valign-top kb-theme-content-width\">\n<style>.kadence-column582_a7039d-97 > .kt-inside-inner-col,.kadence-column582_a7039d-97 > .kt-inside-inner-col:before{border-top-left-radius:0px;border-top-right-radius:0px;border-bottom-right-radius:0px;border-bottom-left-radius:0px;}.kadence-column582_a7039d-97 > .kt-inside-inner-col{column-gap:var(--global-kb-gap-sm, 1rem);}.kadence-column582_a7039d-97 > .kt-inside-inner-col{flex-direction:column;}.kadence-column582_a7039d-97 > .kt-inside-inner-col > .aligncenter{width:100%;}.kadence-column582_a7039d-97 > .kt-inside-inner-col:before{opacity:0.3;}.kadence-column582_a7039d-97{position:relative;}@media all and (max-width: 1024px){.kadence-column582_a7039d-97 > .kt-inside-inner-col{flex-direction:column;justify-content:center;}}@media all and (max-width: 767px){.kadence-column582_a7039d-97 > .kt-inside-inner-col{flex-direction:column;justify-content:center;}}<\/style>\n<div class=\"wp-block-kadence-column kadence-column582_a7039d-97 inner-column-1\"><div class=\"kt-inside-inner-col\">\n<p class=\"has-text-align-right destacat\">Red Rock Trails som la fam\u00edlia Regan<\/p>\n<\/div><\/div>\n\n\n<style>.kadence-column582_13233b-b8 > .kt-inside-inner-col,.kadence-column582_13233b-b8 > .kt-inside-inner-col:before{border-top-left-radius:0px;border-top-right-radius:0px;border-bottom-right-radius:0px;border-bottom-left-radius:0px;}.kadence-column582_13233b-b8 > .kt-inside-inner-col{column-gap:var(--global-kb-gap-sm, 1rem);}.kadence-column582_13233b-b8 > .kt-inside-inner-col{flex-direction:column;}.kadence-column582_13233b-b8 > .kt-inside-inner-col > .aligncenter{width:100%;}.kadence-column582_13233b-b8 > .kt-inside-inner-col:before{opacity:0.3;}.kadence-column582_13233b-b8{position:relative;}@media all and (max-width: 1024px){.kadence-column582_13233b-b8 > .kt-inside-inner-col{flex-direction:column;justify-content:center;}}@media all and (max-width: 767px){.kadence-column582_13233b-b8 > .kt-inside-inner-col{flex-direction:column;justify-content:center;}}<\/style>\n<div class=\"wp-block-kadence-column kadence-column582_13233b-b8 inner-column-2\"><div class=\"kt-inside-inner-col\">\n<p>Ens vam quedar enamorats d\u2019aquest rac\u00f3 tranquil del pre-pirineu catal\u00e0 i ens vam mudar aqu\u00ed del Regne Unit el 2014. En fam\u00edlia hem reconstru\u00eft una antiga era al poblet de Vilamitjana; i al mateix temps hem tingut la sort de ser acollits per la gent que viu aqu\u00ed i d\u2019anar descobrint la zona: on hi ha els millors pous de riu per nedar, qui fa el millor vi i el millor formatge, quan anar a collir figues i magranes.<\/p>\n<\/div><\/div>\n\n<\/div><\/div>\n\n<style>.kb-row-layout-id582_ee20ad-e8 > .kt-row-column-wrap{align-content:start;}:where(.kb-row-layout-id582_ee20ad-e8 > .kt-row-column-wrap) > .wp-block-kadence-column{justify-content:start;}.kb-row-layout-id582_ee20ad-e8 > .kt-row-column-wrap{column-gap:var(--global-kb-gap-md, 2rem);row-gap:var(--global-kb-gap-md, 2rem);max-width:905px;padding-top:var(--global-kb-spacing-sm, 1.5rem);padding-bottom:var(--global-kb-spacing-sm, 1.5rem);grid-template-columns:minmax(0, 1fr) minmax(0, 2fr);}.kb-row-layout-id582_ee20ad-e8 > .kt-row-layout-overlay{opacity:0.30;}@media all and (max-width: 1024px){.kb-row-layout-id582_ee20ad-e8 > .kt-row-column-wrap{grid-template-columns:minmax(0, 1fr) minmax(0, 2fr);}}@media all and (max-width: 767px){.kb-row-layout-id582_ee20ad-e8 > .kt-row-column-wrap{grid-template-columns:minmax(0, 1fr);}}<\/style><div class=\"kb-row-layout-wrap kb-row-layout-id582_ee20ad-e8 alignnone wp-block-kadence-rowlayout\"><div class=\"kt-row-column-wrap kt-has-2-columns kt-row-layout-right-golden kt-tab-layout-inherit kt-mobile-layout-row kt-row-valign-top kb-theme-content-width\">\n<style>.kadence-column582_d12d00-c2 > .kt-inside-inner-col,.kadence-column582_d12d00-c2 > .kt-inside-inner-col:before{border-top-left-radius:0px;border-top-right-radius:0px;border-bottom-right-radius:0px;border-bottom-left-radius:0px;}.kadence-column582_d12d00-c2 > .kt-inside-inner-col{column-gap:var(--global-kb-gap-sm, 1rem);}.kadence-column582_d12d00-c2 > .kt-inside-inner-col{flex-direction:column;}.kadence-column582_d12d00-c2 > .kt-inside-inner-col > .aligncenter{width:100%;}.kadence-column582_d12d00-c2 > .kt-inside-inner-col:before{opacity:0.3;}.kadence-column582_d12d00-c2{position:relative;}@media all and (max-width: 1024px){.kadence-column582_d12d00-c2 > .kt-inside-inner-col{flex-direction:column;justify-content:center;}}@media all and (max-width: 767px){.kadence-column582_d12d00-c2 > .kt-inside-inner-col{flex-direction:column;justify-content:center;}}<\/style>\n<div class=\"wp-block-kadence-column kadence-column582_d12d00-c2 inner-column-1\"><div class=\"kt-inside-inner-col\">\n<p class=\"has-text-align-right destacat\">Chris<\/p>\n<\/div><\/div>\n\n\n<style>.kadence-column582_8fc82a-c9 > .kt-inside-inner-col,.kadence-column582_8fc82a-c9 > .kt-inside-inner-col:before{border-top-left-radius:0px;border-top-right-radius:0px;border-bottom-right-radius:0px;border-bottom-left-radius:0px;}.kadence-column582_8fc82a-c9 > .kt-inside-inner-col{column-gap:var(--global-kb-gap-sm, 1rem);}.kadence-column582_8fc82a-c9 > .kt-inside-inner-col{flex-direction:column;}.kadence-column582_8fc82a-c9 > .kt-inside-inner-col > .aligncenter{width:100%;}.kadence-column582_8fc82a-c9 > .kt-inside-inner-col:before{opacity:0.3;}.kadence-column582_8fc82a-c9{position:relative;}@media all and (max-width: 1024px){.kadence-column582_8fc82a-c9 > .kt-inside-inner-col{flex-direction:column;justify-content:center;}}@media all and (max-width: 767px){.kadence-column582_8fc82a-c9 > .kt-inside-inner-col{flex-direction:column;justify-content:center;}}<\/style>\n<div class=\"wp-block-kadence-column kadence-column582_8fc82a-c9 inner-column-2\"><div class=\"kt-inside-inner-col\">\n<p>Despr\u00e9s de la seva joventut en un poble d\u2019Espanya, Chris va tornar a Regne Unit per a la carrera i l\u2019ofici d\u2019enginyeria \u2013 per\u00f2 l\u2019arrossegament de tornar a Espanya i canviar l\u2019oficina per les senderes va ser massa \u2026 Guia de BTT titulat i assegurat, us pot aconsellar com millor descobrir la zona.<\/p>\n<\/div><\/div>\n\n<\/div><\/div>\n\n<style>.kb-row-layout-id582_cf97aa-8c > .kt-row-column-wrap{align-content:start;}:where(.kb-row-layout-id582_cf97aa-8c > .kt-row-column-wrap) > .wp-block-kadence-column{justify-content:start;}.kb-row-layout-id582_cf97aa-8c > .kt-row-column-wrap{column-gap:var(--global-kb-gap-md, 2rem);row-gap:var(--global-kb-gap-md, 2rem);max-width:905px;padding-top:var(--global-kb-spacing-sm, 1.5rem);padding-bottom:var(--global-kb-spacing-sm, 1.5rem);min-height:76px;grid-template-columns:minmax(0, 1fr) minmax(0, 2fr);}.kb-row-layout-id582_cf97aa-8c > .kt-row-layout-overlay{opacity:0.30;}@media all and (max-width: 1024px){.kb-row-layout-id582_cf97aa-8c > .kt-row-column-wrap{grid-template-columns:minmax(0, 1fr) minmax(0, 2fr);}}@media all and (max-width: 767px){.kb-row-layout-id582_cf97aa-8c > .kt-row-column-wrap{grid-template-columns:minmax(0, 1fr);}}<\/style><div class=\"kb-row-layout-wrap kb-row-layout-id582_cf97aa-8c alignwide wp-block-kadence-rowlayout\"><div class=\"kt-row-column-wrap kt-has-2-columns kt-row-layout-right-golden kt-tab-layout-inherit kt-mobile-layout-row kt-row-valign-top kb-theme-content-width\">\n<style>.kadence-column582_f79f6a-2f > .kt-inside-inner-col,.kadence-column582_f79f6a-2f > .kt-inside-inner-col:before{border-top-left-radius:0px;border-top-right-radius:0px;border-bottom-right-radius:0px;border-bottom-left-radius:0px;}.kadence-column582_f79f6a-2f > .kt-inside-inner-col{column-gap:var(--global-kb-gap-sm, 1rem);}.kadence-column582_f79f6a-2f > .kt-inside-inner-col{flex-direction:column;}.kadence-column582_f79f6a-2f > .kt-inside-inner-col > .aligncenter{width:100%;}.kadence-column582_f79f6a-2f > .kt-inside-inner-col:before{opacity:0.3;}.kadence-column582_f79f6a-2f{position:relative;}@media all and (max-width: 1024px){.kadence-column582_f79f6a-2f > .kt-inside-inner-col{flex-direction:column;justify-content:center;}}@media all and (max-width: 767px){.kadence-column582_f79f6a-2f > .kt-inside-inner-col{flex-direction:column;justify-content:center;}}<\/style>\n<div class=\"wp-block-kadence-column kadence-column582_f79f6a-2f inner-column-1\"><div class=\"kt-inside-inner-col\">\n<p class=\"has-text-align-right destacat\">Heather<\/p>\n<\/div><\/div>\n\n\n<style>.kadence-column582_ddf3cd-47 > .kt-inside-inner-col,.kadence-column582_ddf3cd-47 > .kt-inside-inner-col:before{border-top-left-radius:0px;border-top-right-radius:0px;border-bottom-right-radius:0px;border-bottom-left-radius:0px;}.kadence-column582_ddf3cd-47 > .kt-inside-inner-col{column-gap:var(--global-kb-gap-sm, 1rem);}.kadence-column582_ddf3cd-47 > .kt-inside-inner-col{flex-direction:column;}.kadence-column582_ddf3cd-47 > .kt-inside-inner-col > .aligncenter{width:100%;}.kadence-column582_ddf3cd-47 > .kt-inside-inner-col:before{opacity:0.3;}.kadence-column582_ddf3cd-47{position:relative;}@media all and (max-width: 1024px){.kadence-column582_ddf3cd-47 > .kt-inside-inner-col{flex-direction:column;justify-content:center;}}@media all and (max-width: 767px){.kadence-column582_ddf3cd-47 > .kt-inside-inner-col{flex-direction:column;justify-content:center;}}<\/style>\n<div class=\"wp-block-kadence-column kadence-column582_ddf3cd-47 inner-column-2\"><div class=\"kt-inside-inner-col\">\n<p>Passar anys competint a les pistes d\u2019esqu\u00ed de pl\u00e0stic de Regne Unit va despertar en la Heather un amor a les muntanyes de veritat. Temps treballant en restaurants al RU i als EUA, i la seva tasca com a gestora de projectes han estat preparaci\u00f3 ideal per a la responsabilitat que tots els nostres clients estiguin perfectament cuidats durant la seva estada.<\/p>\n<\/div><\/div>\n\n<\/div><\/div>\n\n<style>.kb-row-layout-wrap.wp-block-kadence-rowlayout.kb-row-layout-id582_986e2d-dd{margin-top:0px;}.kb-row-layout-id582_986e2d-dd > .kt-row-column-wrap{align-content:start;}:where(.kb-row-layout-id582_986e2d-dd > .kt-row-column-wrap) > .wp-block-kadence-column{justify-content:start;}.kb-row-layout-id582_986e2d-dd > .kt-row-column-wrap{column-gap:var(--global-kb-gap-md, 2rem);row-gap:var(--global-kb-gap-md, 2rem);max-width:905px;padding-top:20px;padding-bottom:20px;grid-template-columns:minmax(0, 1fr) minmax(0, 2fr);}.kb-row-layout-id582_986e2d-dd > .kt-row-layout-overlay{opacity:0.30;}@media all and (max-width: 1024px){.kb-row-layout-id582_986e2d-dd > .kt-row-column-wrap{grid-template-columns:minmax(0, 1fr) minmax(0, 2fr);}}@media all and (max-width: 767px){.kb-row-layout-id582_986e2d-dd > .kt-row-column-wrap{grid-template-columns:minmax(0, 1fr);}}<\/style><div class=\"kb-row-layout-wrap kb-row-layout-id582_986e2d-dd alignwide wp-block-kadence-rowlayout\"><div class=\"kt-row-column-wrap kt-has-2-columns kt-row-layout-right-golden kt-tab-layout-inherit kt-mobile-layout-row kt-row-valign-top kb-theme-content-width\">\n<style>.kadence-column582_8bc4ee-69 > .kt-inside-inner-col,.kadence-column582_8bc4ee-69 > .kt-inside-inner-col:before{border-top-left-radius:0px;border-top-right-radius:0px;border-bottom-right-radius:0px;border-bottom-left-radius:0px;}.kadence-column582_8bc4ee-69 > .kt-inside-inner-col{column-gap:var(--global-kb-gap-sm, 1rem);}.kadence-column582_8bc4ee-69 > .kt-inside-inner-col{flex-direction:column;}.kadence-column582_8bc4ee-69 > .kt-inside-inner-col > .aligncenter{width:100%;}.kadence-column582_8bc4ee-69 > .kt-inside-inner-col:before{opacity:0.3;}.kadence-column582_8bc4ee-69{position:relative;}@media all and (max-width: 1024px){.kadence-column582_8bc4ee-69 > .kt-inside-inner-col{flex-direction:column;justify-content:center;}}@media all and (max-width: 767px){.kadence-column582_8bc4ee-69 > .kt-inside-inner-col{flex-direction:column;justify-content:center;}}<\/style>\n<div class=\"wp-block-kadence-column kadence-column582_8bc4ee-69 inner-column-1\"><div class=\"kt-inside-inner-col\">\n<p class=\"has-text-align-right destacat\">Dan i Iona<\/p>\n<\/div><\/div>\n\n\n<style>.kadence-column582_433fc8-45 > .kt-inside-inner-col,.kadence-column582_433fc8-45 > .kt-inside-inner-col:before{border-top-left-radius:0px;border-top-right-radius:0px;border-bottom-right-radius:0px;border-bottom-left-radius:0px;}.kadence-column582_433fc8-45 > .kt-inside-inner-col{column-gap:var(--global-kb-gap-sm, 1rem);}.kadence-column582_433fc8-45 > .kt-inside-inner-col{flex-direction:column;}.kadence-column582_433fc8-45 > .kt-inside-inner-col > .aligncenter{width:100%;}.kadence-column582_433fc8-45 > .kt-inside-inner-col:before{opacity:0.3;}.kadence-column582_433fc8-45{position:relative;}@media all and (max-width: 1024px){.kadence-column582_433fc8-45 > .kt-inside-inner-col{flex-direction:column;justify-content:center;}}@media all and (max-width: 767px){.kadence-column582_433fc8-45 > .kt-inside-inner-col{flex-direction:column;justify-content:center;}}<\/style>\n<div class=\"wp-block-kadence-column kadence-column582_433fc8-45 inner-column-2\"><div class=\"kt-inside-inner-col\">\n<p>Ja no sabem si Dan i Iona s\u00f3n m\u00e9s brit\u00e0nics o m\u00e9s catalans, els encanta la vida rural i ja gaireb\u00e9 no recorden el clima humit i tenebre del Regne Unit. Poder passar les tardes i els caps de setmana fent BTT, escalada o esqu\u00ed ha estat un dels grans avantatges de viure aqu\u00ed.<\/p>\n\n\n\n<div style=\"height:40px\" aria-hidden=\"true\" class=\"wp-block-spacer\"><\/div>\n\n\n\n<p>Tenim la sort de poder compartir el nostre amor del bon menjar i les muntanyes amb els nostres clients i ens encantaria presentar-vos al salvatge i preci\u00f3s Pallars Juss\u00e0 al Pirineu.<\/p>\n<\/div><\/div>\n\n<\/div><\/div>\n\n\n<figure class=\"wp-block-gallery has-nested-images columns-default is-cropped wp-block-gallery-1 is-layout-flex wp-block-gallery-is-layout-flex\">\n<figure class=\"wp-block-image size-large\"><img loading=\"lazy\" decoding=\"async\" width=\"1024\" height=\"575\" data-id=\"71\" src=\"https:\/\/www.redrocktrails.co.uk\/wp-content\/uploads\/about_gallery_1-1024x575.jpg\" alt=\"\" class=\"wp-image-71\" srcset=\"https:\/\/www.redrocktrails.co.uk\/wp-content\/uploads\/about_gallery_1-1024x575.jpg 1024w, https:\/\/www.redrocktrails.co.uk\/wp-content\/uploads\/about_gallery_1-300x168.jpg 300w, https:\/\/www.redrocktrails.co.uk\/wp-content\/uploads\/about_gallery_1-768x431.jpg 768w, https:\/\/www.redrocktrails.co.uk\/wp-content\/uploads\/about_gallery_1-1200x674.jpg 1200w, https:\/\/www.redrocktrails.co.uk\/wp-content\/uploads\/about_gallery_1.jpg 1300w\" sizes=\"auto, (max-width: 1024px) 100vw, 1024px\" \/><\/figure>\n\n\n\n<figure class=\"wp-block-image size-large\"><img loading=\"lazy\" decoding=\"async\" width=\"1024\" height=\"575\" data-id=\"72\" src=\"https:\/\/www.redrocktrails.co.uk\/wp-content\/uploads\/about_gallery_2-1024x575.jpg\" alt=\"\" class=\"wp-image-72\" srcset=\"https:\/\/www.redrocktrails.co.uk\/wp-content\/uploads\/about_gallery_2-1024x575.jpg 1024w, https:\/\/www.redrocktrails.co.uk\/wp-content\/uploads\/about_gallery_2-300x168.jpg 300w, https:\/\/www.redrocktrails.co.uk\/wp-content\/uploads\/about_gallery_2-768x431.jpg 768w, https:\/\/www.redrocktrails.co.uk\/wp-content\/uploads\/about_gallery_2-1200x674.jpg 1200w, https:\/\/www.redrocktrails.co.uk\/wp-content\/uploads\/about_gallery_2.jpg 1300w\" sizes=\"auto, (max-width: 1024px) 100vw, 1024px\" \/><\/figure>\n<\/figure>\n\n\n\n<figure class=\"wp-block-gallery has-nested-images columns-3 is-cropped wp-block-gallery-2 is-layout-flex wp-block-gallery-is-layout-flex\">\n<figure class=\"wp-block-image size-large\"><img loading=\"lazy\" decoding=\"async\" width=\"614\" height=\"1024\" data-id=\"76\" src=\"https:\/\/www.redrocktrails.co.uk\/wp-content\/uploads\/about_gallery_6-614x1024.jpg\" alt=\"\" class=\"wp-image-76\" srcset=\"https:\/\/www.redrocktrails.co.uk\/wp-content\/uploads\/about_gallery_6-614x1024.jpg 614w, https:\/\/www.redrocktrails.co.uk\/wp-content\/uploads\/about_gallery_6-180x300.jpg 180w, https:\/\/www.redrocktrails.co.uk\/wp-content\/uploads\/about_gallery_6-768x1280.jpg 768w, https:\/\/www.redrocktrails.co.uk\/wp-content\/uploads\/about_gallery_6-921x1536.jpg 921w, https:\/\/www.redrocktrails.co.uk\/wp-content\/uploads\/about_gallery_6-1229x2048.jpg 1229w, https:\/\/www.redrocktrails.co.uk\/wp-content\/uploads\/about_gallery_6-1200x2000.jpg 1200w, https:\/\/www.redrocktrails.co.uk\/wp-content\/uploads\/about_gallery_6-300x500.jpg 300w, https:\/\/www.redrocktrails.co.uk\/wp-content\/uploads\/about_gallery_6.jpg 1300w\" sizes=\"auto, (max-width: 614px) 100vw, 614px\" \/><\/figure>\n\n\n\n<figure class=\"wp-block-image size-large\"><img loading=\"lazy\" decoding=\"async\" width=\"575\" height=\"1024\" data-id=\"75\" src=\"https:\/\/www.redrocktrails.co.uk\/wp-content\/uploads\/about_gallery_5-575x1024.jpg\" alt=\"\" class=\"wp-image-75\" srcset=\"https:\/\/www.redrocktrails.co.uk\/wp-content\/uploads\/about_gallery_5-575x1024.jpg 575w, https:\/\/www.redrocktrails.co.uk\/wp-content\/uploads\/about_gallery_5-168x300.jpg 168w, https:\/\/www.redrocktrails.co.uk\/wp-content\/uploads\/about_gallery_5-768x1368.jpg 768w, https:\/\/www.redrocktrails.co.uk\/wp-content\/uploads\/about_gallery_5-862x1536.jpg 862w, https:\/\/www.redrocktrails.co.uk\/wp-content\/uploads\/about_gallery_5-1150x2048.jpg 1150w, https:\/\/www.redrocktrails.co.uk\/wp-content\/uploads\/about_gallery_5-1200x2138.jpg 1200w, https:\/\/www.redrocktrails.co.uk\/wp-content\/uploads\/about_gallery_5-300x534.jpg 300w, https:\/\/www.redrocktrails.co.uk\/wp-content\/uploads\/about_gallery_5.jpg 1300w\" sizes=\"auto, (max-width: 575px) 100vw, 575px\" \/><\/figure>\n\n\n\n<figure class=\"wp-block-image size-large\"><img loading=\"lazy\" decoding=\"async\" width=\"614\" height=\"1024\" data-id=\"74\" src=\"https:\/\/www.redrocktrails.co.uk\/wp-content\/uploads\/about_gallery_4-614x1024.jpg\" alt=\"\" class=\"wp-image-74\" srcset=\"https:\/\/www.redrocktrails.co.uk\/wp-content\/uploads\/about_gallery_4-614x1024.jpg 614w, https:\/\/www.redrocktrails.co.uk\/wp-content\/uploads\/about_gallery_4-180x300.jpg 180w, https:\/\/www.redrocktrails.co.uk\/wp-content\/uploads\/about_gallery_4-768x1280.jpg 768w, https:\/\/www.redrocktrails.co.uk\/wp-content\/uploads\/about_gallery_4-921x1536.jpg 921w, https:\/\/www.redrocktrails.co.uk\/wp-content\/uploads\/about_gallery_4-1229x2048.jpg 1229w, https:\/\/www.redrocktrails.co.uk\/wp-content\/uploads\/about_gallery_4-1200x2000.jpg 1200w, https:\/\/www.redrocktrails.co.uk\/wp-content\/uploads\/about_gallery_4-300x500.jpg 300w, https:\/\/www.redrocktrails.co.uk\/wp-content\/uploads\/about_gallery_4.jpg 1300w\" sizes=\"auto, (max-width: 614px) 100vw, 614px\" \/><\/figure>\n<\/figure>\n","protected":false},"excerpt":{"rendered":"<p>Red Rock Trails som la fam\u00edlia Regan Ens vam quedar enamorats d\u2019aquest rac\u00f3 tranquil del pre-pirineu catal\u00e0 i ens vam mudar aqu\u00ed del Regne Unit el 2014. En fam\u00edlia hem reconstru\u00eft una antiga era al poblet de Vilamitjana; i al mateix temps hem tingut la sort de ser acollits per la gent que viu aqu\u00ed &hellip;<\/p>\n","protected":false},"author":1,"featured_media":584,"parent":0,"menu_order":0,"comment_status":"closed","ping_status":"closed","template":"","meta":{"footnotes":""},"class_list":["post-582","page","type-page","status-publish","has-post-thumbnail","hentry","post","with-featured-image"],"_links":{"self":[{"href":"https:\/\/www.redrocktrails.co.uk\/ca\/wp-json\/wp\/v2\/pages\/582","targetHints":{"allow":["GET"]}}],"collection":[{"href":"https:\/\/www.redrocktrails.co.uk\/ca\/wp-json\/wp\/v2\/pages"}],"about":[{"href":"https:\/\/www.redrocktrails.co.uk\/ca\/wp-json\/wp\/v2\/types\/page"}],"author":[{"embeddable":true,"href":"https:\/\/www.redrocktrails.co.uk\/ca\/wp-json\/wp\/v2\/users\/1"}],"replies":[{"embeddable":true,"href":"https:\/\/www.redrocktrails.co.uk\/ca\/wp-json\/wp\/v2\/comments?post=582"}],"version-history":[{"count":9,"href":"https:\/\/www.redrocktrails.co.uk\/ca\/wp-json\/wp\/v2\/pages\/582\/revisions"}],"predecessor-version":[{"id":1506,"href":"https:\/\/www.redrocktrails.co.uk\/ca\/wp-json\/wp\/v2\/pages\/582\/revisions\/1506"}],"wp:featuredmedia":[{"embeddable":true,"href":"https:\/\/www.redrocktrails.co.uk\/ca\/wp-json\/wp\/v2\/media\/584"}],"wp:attachment":[{"href":"https:\/\/www.redrocktrails.co.uk\/ca\/wp-json\/wp\/v2\/media?parent=582"}],"curies":[{"name":"wp","href":"https:\/\/api.w.org\/{rel}","templated":true}]}}