{"id":569,"date":"2021-04-13T16:50:39","date_gmt":"2021-04-13T16:50:39","guid":{"rendered":"https:\/\/www.redrocktrails.co.uk\/food\/"},"modified":"2024-11-30T18:57:17","modified_gmt":"2024-11-30T18:57:17","slug":"food","status":"publish","type":"page","link":"https:\/\/www.redrocktrails.co.uk\/ca\/food\/","title":{"rendered":"Menjar fresc i aut\u00e8ntic"},"content":{"rendered":"<style>.kb-row-layout-id569_f14d5b-56 > .kt-row-column-wrap{align-content:start;}:where(.kb-row-layout-id569_f14d5b-56 > .kt-row-column-wrap) > .wp-block-kadence-column{justify-content:start;}.kb-row-layout-id569_f14d5b-56 > .kt-row-column-wrap{column-gap:var(--global-kb-gap-md, 2rem);row-gap:var(--global-kb-gap-md, 2rem);max-width:905px;padding-top:24px;padding-bottom:25px;grid-template-columns:minmax(0, 1fr) minmax(0, 2fr);}.kb-row-layout-id569_f14d5b-56 > .kt-row-layout-overlay{opacity:0.30;}@media all and (max-width: 1024px){.kb-row-layout-id569_f14d5b-56 > .kt-row-column-wrap{grid-template-columns:minmax(0, 1fr) minmax(0, 2fr);}}@media all and (max-width: 767px){.kb-row-layout-id569_f14d5b-56 > .kt-row-column-wrap{grid-template-columns:minmax(0, 1fr);}}<\/style><div class=\"kb-row-layout-wrap kb-row-layout-id569_f14d5b-56 alignnone wp-block-kadence-rowlayout\"><div class=\"kt-row-column-wrap kt-has-2-columns kt-row-layout-right-golden kt-tab-layout-inherit kt-mobile-layout-row kt-row-valign-top kb-theme-content-width\">\n<style>.kadence-column569_cb69d0-19 > .kt-inside-inner-col,.kadence-column569_cb69d0-19 > .kt-inside-inner-col:before{border-top-left-radius:0px;border-top-right-radius:0px;border-bottom-right-radius:0px;border-bottom-left-radius:0px;}.kadence-column569_cb69d0-19 > .kt-inside-inner-col{column-gap:var(--global-kb-gap-sm, 1rem);}.kadence-column569_cb69d0-19 > .kt-inside-inner-col{flex-direction:column;}.kadence-column569_cb69d0-19 > .kt-inside-inner-col > .aligncenter{width:100%;}.kadence-column569_cb69d0-19 > .kt-inside-inner-col:before{opacity:0.3;}.kadence-column569_cb69d0-19{position:relative;}@media all and (max-width: 1024px){.kadence-column569_cb69d0-19 > .kt-inside-inner-col{flex-direction:column;justify-content:center;}}@media all and (max-width: 767px){.kadence-column569_cb69d0-19 > .kt-inside-inner-col{flex-direction:column;justify-content:center;}}<\/style>\n<div class=\"wp-block-kadence-column kadence-column569_cb69d0-19 inner-column-1\"><div class=\"kt-inside-inner-col\">\n<p class=\"has-text-align-right destacat\">El millor menjar, a casa o de restaurant\u2026!<\/p>\n<\/div><\/div>\n\n\n<style>.kadence-column569_81596b-5b > .kt-inside-inner-col,.kadence-column569_81596b-5b > .kt-inside-inner-col:before{border-top-left-radius:0px;border-top-right-radius:0px;border-bottom-right-radius:0px;border-bottom-left-radius:0px;}.kadence-column569_81596b-5b > .kt-inside-inner-col{column-gap:var(--global-kb-gap-sm, 1rem);}.kadence-column569_81596b-5b > .kt-inside-inner-col{flex-direction:column;}.kadence-column569_81596b-5b > .kt-inside-inner-col > .aligncenter{width:100%;}.kadence-column569_81596b-5b > .kt-inside-inner-col:before{opacity:0.3;}.kadence-column569_81596b-5b{position:relative;}@media all and (max-width: 1024px){.kadence-column569_81596b-5b > .kt-inside-inner-col{flex-direction:column;justify-content:center;}}@media all and (max-width: 767px){.kadence-column569_81596b-5b > .kt-inside-inner-col{flex-direction:column;justify-content:center;}}<\/style>\n<div class=\"wp-block-kadence-column kadence-column569_81596b-5b inner-column-2\"><div class=\"kt-inside-inner-col\">\n<p>Aquest rac\u00f3 de Catalunya t\u00e9 una gran hist\u00f2ria agroaliment\u00e0ria que ofereix ingredients naturals de qualitat que podeu comprar a les botigues especialitzades o als supermercats locals per utilitzar-lo a casa, o provar en un dels molts restaurants propers.<\/p>\n\n\n\n<p>A casa, una gran cuina est\u00e0 completament equipada per preparar menjar per a tot el vostre grup, per\u00f2 tamb\u00e9 oferim un servei de xef privat.<\/p>\n<\/div><\/div>\n\n<\/div><\/div>\n\n<style>.kb-row-layout-id569_1d6cd5-ac > .kt-row-column-wrap{align-content:start;}:where(.kb-row-layout-id569_1d6cd5-ac > .kt-row-column-wrap) > .wp-block-kadence-column{justify-content:start;}.kb-row-layout-id569_1d6cd5-ac > .kt-row-column-wrap{column-gap:var(--global-kb-gap-md, 2rem);row-gap:var(--global-kb-gap-md, 2rem);max-width:905px;padding-top:19px;padding-bottom:25px;grid-template-columns:minmax(0, 1fr) minmax(0, 2fr);}.kb-row-layout-id569_1d6cd5-ac > .kt-row-layout-overlay{opacity:0.30;}@media all and (max-width: 1024px){.kb-row-layout-id569_1d6cd5-ac > .kt-row-column-wrap{grid-template-columns:minmax(0, 1fr) minmax(0, 2fr);}}@media all and (max-width: 767px){.kb-row-layout-id569_1d6cd5-ac > .kt-row-column-wrap{grid-template-columns:minmax(0, 1fr);}}<\/style><div class=\"kb-row-layout-wrap kb-row-layout-id569_1d6cd5-ac alignnone wp-block-kadence-rowlayout\"><div class=\"kt-row-column-wrap kt-has-2-columns kt-row-layout-right-golden kt-tab-layout-inherit kt-mobile-layout-row kt-row-valign-top kb-theme-content-width\">\n<style>.kadence-column569_1c6bf8-b1 > .kt-inside-inner-col,.kadence-column569_1c6bf8-b1 > .kt-inside-inner-col:before{border-top-left-radius:0px;border-top-right-radius:0px;border-bottom-right-radius:0px;border-bottom-left-radius:0px;}.kadence-column569_1c6bf8-b1 > .kt-inside-inner-col{column-gap:var(--global-kb-gap-sm, 1rem);}.kadence-column569_1c6bf8-b1 > .kt-inside-inner-col{flex-direction:column;}.kadence-column569_1c6bf8-b1 > .kt-inside-inner-col > .aligncenter{width:100%;}.kadence-column569_1c6bf8-b1 > .kt-inside-inner-col:before{opacity:0.3;}.kadence-column569_1c6bf8-b1{position:relative;}@media all and (max-width: 1024px){.kadence-column569_1c6bf8-b1 > .kt-inside-inner-col{flex-direction:column;justify-content:center;}}@media all and (max-width: 767px){.kadence-column569_1c6bf8-b1 > .kt-inside-inner-col{flex-direction:column;justify-content:center;}}<\/style>\n<div class=\"wp-block-kadence-column kadence-column569_1c6bf8-b1 inner-column-1\"><div class=\"kt-inside-inner-col\">\n<p class=\"has-text-align-right destacat\">Esmorzar<\/p>\n<\/div><\/div>\n\n\n<style>.kadence-column569_012513-56 > .kt-inside-inner-col,.kadence-column569_012513-56 > .kt-inside-inner-col:before{border-top-left-radius:0px;border-top-right-radius:0px;border-bottom-right-radius:0px;border-bottom-left-radius:0px;}.kadence-column569_012513-56 > .kt-inside-inner-col{column-gap:var(--global-kb-gap-sm, 1rem);}.kadence-column569_012513-56 > .kt-inside-inner-col{flex-direction:column;}.kadence-column569_012513-56 > .kt-inside-inner-col > .aligncenter{width:100%;}.kadence-column569_012513-56 > .kt-inside-inner-col:before{opacity:0.3;}.kadence-column569_012513-56{position:relative;}@media all and (max-width: 1024px){.kadence-column569_012513-56 > .kt-inside-inner-col{flex-direction:column;justify-content:center;}}@media all and (max-width: 767px){.kadence-column569_012513-56 > .kt-inside-inner-col{flex-direction:column;justify-content:center;}}<\/style>\n<div class=\"wp-block-kadence-column kadence-column569_012513-56 inner-column-2\"><div class=\"kt-inside-inner-col\">\n<p><strong>10\u20ac per persona per dia.<\/strong> L\u2019esmorzar continental el servim com a bufet, sempre tenim fruita fresca, iogurt estil grec i cereals. Fem el nostre propi pa amb llevat mare i pastisseria casolana fresca.<\/p>\n<\/div><\/div>\n\n<\/div><\/div>\n\n<style>.kb-row-layout-id569_e866a2-79 > .kt-row-column-wrap{align-content:start;}:where(.kb-row-layout-id569_e866a2-79 > .kt-row-column-wrap) > .wp-block-kadence-column{justify-content:start;}.kb-row-layout-id569_e866a2-79 > .kt-row-column-wrap{column-gap:var(--global-kb-gap-md, 2rem);row-gap:var(--global-kb-gap-md, 2rem);max-width:905px;padding-top:19px;padding-bottom:25px;grid-template-columns:minmax(0, 1fr) minmax(0, 2fr);}.kb-row-layout-id569_e866a2-79 > .kt-row-layout-overlay{opacity:0.30;}@media all and (max-width: 1024px){.kb-row-layout-id569_e866a2-79 > .kt-row-column-wrap{grid-template-columns:minmax(0, 1fr) minmax(0, 2fr);}}@media all and (max-width: 767px){.kb-row-layout-id569_e866a2-79 > .kt-row-column-wrap{grid-template-columns:minmax(0, 1fr);}}<\/style><div class=\"kb-row-layout-wrap kb-row-layout-id569_e866a2-79 alignnone wp-block-kadence-rowlayout\"><div class=\"kt-row-column-wrap kt-has-2-columns kt-row-layout-right-golden kt-tab-layout-inherit kt-mobile-layout-row kt-row-valign-top kb-theme-content-width\">\n<style>.kadence-column569_ee328c-50 > .kt-inside-inner-col,.kadence-column569_ee328c-50 > .kt-inside-inner-col:before{border-top-left-radius:0px;border-top-right-radius:0px;border-bottom-right-radius:0px;border-bottom-left-radius:0px;}.kadence-column569_ee328c-50 > .kt-inside-inner-col{column-gap:var(--global-kb-gap-sm, 1rem);}.kadence-column569_ee328c-50 > .kt-inside-inner-col{flex-direction:column;}.kadence-column569_ee328c-50 > .kt-inside-inner-col > .aligncenter{width:100%;}.kadence-column569_ee328c-50 > .kt-inside-inner-col:before{opacity:0.3;}.kadence-column569_ee328c-50{position:relative;}@media all and (max-width: 1024px){.kadence-column569_ee328c-50 > .kt-inside-inner-col{flex-direction:column;justify-content:center;}}@media all and (max-width: 767px){.kadence-column569_ee328c-50 > .kt-inside-inner-col{flex-direction:column;justify-content:center;}}<\/style>\n<div class=\"wp-block-kadence-column kadence-column569_ee328c-50 inner-column-1\"><div class=\"kt-inside-inner-col\">\n<p class=\"has-text-align-right destacat\">P\u00edcnics<\/p>\n<\/div><\/div>\n\n\n<style>.kadence-column569_fcf22c-1a > .kt-inside-inner-col,.kadence-column569_fcf22c-1a > .kt-inside-inner-col:before{border-top-left-radius:0px;border-top-right-radius:0px;border-bottom-right-radius:0px;border-bottom-left-radius:0px;}.kadence-column569_fcf22c-1a > .kt-inside-inner-col{column-gap:var(--global-kb-gap-sm, 1rem);}.kadence-column569_fcf22c-1a > .kt-inside-inner-col{flex-direction:column;}.kadence-column569_fcf22c-1a > .kt-inside-inner-col > .aligncenter{width:100%;}.kadence-column569_fcf22c-1a > .kt-inside-inner-col:before{opacity:0.3;}.kadence-column569_fcf22c-1a{position:relative;}@media all and (max-width: 1024px){.kadence-column569_fcf22c-1a > .kt-inside-inner-col{flex-direction:column;justify-content:center;}}@media all and (max-width: 767px){.kadence-column569_fcf22c-1a > .kt-inside-inner-col{flex-direction:column;justify-content:center;}}<\/style>\n<div class=\"wp-block-kadence-column kadence-column569_fcf22c-1a inner-column-2\"><div class=\"kt-inside-inner-col\">\n<p><strong>10\u20ac per persona per dia.<\/strong> Podem preparar-vos un p\u00edcnic per emportar-vos d\u2019aventures. Podeu triar entre un assortiment de pans casolans amb diversos farcits, amb un pastisset casol\u00e0, fruita fresca, fruits secs i un suc.<\/p>\n<\/div><\/div>\n\n<\/div><\/div>\n\n<style>.kb-row-layout-id569_9e62ac-0c > .kt-row-column-wrap{align-content:start;}:where(.kb-row-layout-id569_9e62ac-0c > .kt-row-column-wrap) > .wp-block-kadence-column{justify-content:start;}.kb-row-layout-id569_9e62ac-0c > .kt-row-column-wrap{column-gap:var(--global-kb-gap-md, 2rem);row-gap:var(--global-kb-gap-md, 2rem);max-width:905px;padding-top:19px;padding-bottom:25px;grid-template-columns:minmax(0, 1fr) minmax(0, 2fr);}.kb-row-layout-id569_9e62ac-0c > .kt-row-layout-overlay{opacity:0.30;}@media all and (max-width: 1024px){.kb-row-layout-id569_9e62ac-0c > .kt-row-column-wrap{grid-template-columns:minmax(0, 1fr) minmax(0, 2fr);}}@media all and (max-width: 767px){.kb-row-layout-id569_9e62ac-0c > .kt-row-column-wrap{grid-template-columns:minmax(0, 1fr);}}<\/style><div class=\"kb-row-layout-wrap kb-row-layout-id569_9e62ac-0c alignnone wp-block-kadence-rowlayout\"><div class=\"kt-row-column-wrap kt-has-2-columns kt-row-layout-right-golden kt-tab-layout-inherit kt-mobile-layout-row kt-row-valign-top kb-theme-content-width\">\n<style>.kadence-column569_ffcb9e-ab > .kt-inside-inner-col,.kadence-column569_ffcb9e-ab > .kt-inside-inner-col:before{border-top-left-radius:0px;border-top-right-radius:0px;border-bottom-right-radius:0px;border-bottom-left-radius:0px;}.kadence-column569_ffcb9e-ab > .kt-inside-inner-col{column-gap:var(--global-kb-gap-sm, 1rem);}.kadence-column569_ffcb9e-ab > .kt-inside-inner-col{flex-direction:column;}.kadence-column569_ffcb9e-ab > .kt-inside-inner-col > .aligncenter{width:100%;}.kadence-column569_ffcb9e-ab > .kt-inside-inner-col:before{opacity:0.3;}.kadence-column569_ffcb9e-ab{position:relative;}@media all and (max-width: 1024px){.kadence-column569_ffcb9e-ab > .kt-inside-inner-col{flex-direction:column;justify-content:center;}}@media all and (max-width: 767px){.kadence-column569_ffcb9e-ab > .kt-inside-inner-col{flex-direction:column;justify-content:center;}}<\/style>\n<div class=\"wp-block-kadence-column kadence-column569_ffcb9e-ab inner-column-1\"><div class=\"kt-inside-inner-col\">\n<p class=\"has-text-align-right destacat\">Sopar<\/p>\n<\/div><\/div>\n\n\n<style>.kadence-column569_0cb0a1-06 > .kt-inside-inner-col,.kadence-column569_0cb0a1-06 > .kt-inside-inner-col:before{border-top-left-radius:0px;border-top-right-radius:0px;border-bottom-right-radius:0px;border-bottom-left-radius:0px;}.kadence-column569_0cb0a1-06 > .kt-inside-inner-col{column-gap:var(--global-kb-gap-sm, 1rem);}.kadence-column569_0cb0a1-06 > .kt-inside-inner-col{flex-direction:column;}.kadence-column569_0cb0a1-06 > .kt-inside-inner-col > .aligncenter{width:100%;}.kadence-column569_0cb0a1-06 > .kt-inside-inner-col:before{opacity:0.3;}.kadence-column569_0cb0a1-06{position:relative;}@media all and (max-width: 1024px){.kadence-column569_0cb0a1-06 > .kt-inside-inner-col{flex-direction:column;justify-content:center;}}@media all and (max-width: 767px){.kadence-column569_0cb0a1-06 > .kt-inside-inner-col{flex-direction:column;justify-content:center;}}<\/style>\n<div class=\"wp-block-kadence-column kadence-column569_0cb0a1-06 inner-column-2\"><div class=\"kt-inside-inner-col\">\n<p><strong>25\u20ac per persona per dia, nens 15\u20ac.<\/strong> El men\u00fa de tres plats (tapa, plat principal i postres) inclou vi del celler local. Parlem amb vosaltres abans de les vostres vacances per dissenyar un men\u00fa que s&#8217;adapti als vostres gustos i necessitats diet\u00e8tiques. Ens encanten els productes locals de temporada que es presten a dietes vegetarianes o veganes, i tenim experi\u00e8ncia en cuina per a cel\u00edacs.<\/p>\n<\/div><\/div>\n\n<\/div><\/div>\n\n<style>.kb-row-layout-id569_4385a4-2e > .kt-row-column-wrap{align-content:center;}:where(.kb-row-layout-id569_4385a4-2e > .kt-row-column-wrap) > .wp-block-kadence-column{justify-content:center;}.kb-row-layout-id569_4385a4-2e > .kt-row-column-wrap{column-gap:var(--global-kb-gap-md, 2rem);row-gap:var(--global-kb-gap-md, 2rem);max-width:905px;padding-top:var(--global-kb-spacing-sm, 1.5rem);padding-bottom:var(--global-kb-spacing-sm, 1.5rem);grid-template-columns:minmax(0, 1fr);}.kb-row-layout-id569_4385a4-2e > .kt-row-layout-overlay{opacity:0.30;}@media all and (max-width: 1024px){.kb-row-layout-id569_4385a4-2e > .kt-row-column-wrap{grid-template-columns:minmax(0, 1fr);}}@media all and (max-width: 767px){.kb-row-layout-id569_4385a4-2e > .kt-row-column-wrap{grid-template-columns:minmax(0, 1fr);}}<\/style><div class=\"kb-row-layout-wrap kb-row-layout-id569_4385a4-2e alignfull wp-block-kadence-rowlayout\"><div class=\"kt-row-column-wrap kt-has-1-columns kt-row-layout-equal kt-tab-layout-inherit kt-mobile-layout-row kt-row-valign-middle kb-theme-content-width\">\n<style>.kadence-column569_ee87a6-01 > .kt-inside-inner-col,.kadence-column569_ee87a6-01 > .kt-inside-inner-col:before{border-top-left-radius:0px;border-top-right-radius:0px;border-bottom-right-radius:0px;border-bottom-left-radius:0px;}.kadence-column569_ee87a6-01 > .kt-inside-inner-col{column-gap:var(--global-kb-gap-sm, 1rem);}.kadence-column569_ee87a6-01 > .kt-inside-inner-col{flex-direction:column;}.kadence-column569_ee87a6-01 > .kt-inside-inner-col > .aligncenter{width:100%;}.kadence-column569_ee87a6-01 > .kt-inside-inner-col:before{opacity:0.3;}.kadence-column569_ee87a6-01{position:relative;}@media all and (max-width: 1024px){.kadence-column569_ee87a6-01 > .kt-inside-inner-col{flex-direction:column;justify-content:center;}}@media all and (max-width: 767px){.kadence-column569_ee87a6-01 > .kt-inside-inner-col{flex-direction:column;justify-content:center;}}<\/style>\n<div class=\"wp-block-kadence-column kadence-column569_ee87a6-01 inner-column-1\"><div class=\"kt-inside-inner-col\"><style>.kb-row-layout-id569_faf5e4-9c > .kt-row-column-wrap{align-content:center;}:where(.kb-row-layout-id569_faf5e4-9c > .kt-row-column-wrap) > .wp-block-kadence-column{justify-content:center;}.kb-row-layout-id569_faf5e4-9c > .kt-row-column-wrap{column-gap:var(--global-kb-gap-md, 2rem);row-gap:var(--global-kb-gap-md, 2rem);padding-top:var(--global-kb-spacing-sm, 1.5rem);padding-bottom:var(--global-kb-spacing-sm, 1.5rem);grid-template-columns:minmax(0, 1fr);}.kb-row-layout-id569_faf5e4-9c > .kt-row-layout-overlay{opacity:0.30;}@media all and (max-width: 1024px){.kb-row-layout-id569_faf5e4-9c > .kt-row-column-wrap{grid-template-columns:minmax(0, 1fr);}}@media all and (max-width: 767px){.kb-row-layout-id569_faf5e4-9c > .kt-row-column-wrap{grid-template-columns:minmax(0, 1fr);}}<\/style><div class=\"kb-row-layout-wrap kb-row-layout-id569_faf5e4-9c alignwide wp-block-kadence-rowlayout\"><div class=\"kt-row-column-wrap kt-has-1-columns kt-row-layout-equal kt-tab-layout-inherit kt-mobile-layout-row kt-row-valign-middle\">\n<style>.kadence-column569_103ab7-e2 > .kt-inside-inner-col,.kadence-column569_103ab7-e2 > .kt-inside-inner-col:before{border-top-left-radius:0px;border-top-right-radius:0px;border-bottom-right-radius:0px;border-bottom-left-radius:0px;}.kadence-column569_103ab7-e2 > .kt-inside-inner-col{column-gap:var(--global-kb-gap-sm, 1rem);}.kadence-column569_103ab7-e2 > .kt-inside-inner-col{flex-direction:column;}.kadence-column569_103ab7-e2 > .kt-inside-inner-col > .aligncenter{width:100%;}.kadence-column569_103ab7-e2 > .kt-inside-inner-col:before{opacity:0.3;}.kadence-column569_103ab7-e2{position:relative;}@media all and (max-width: 1024px){.kadence-column569_103ab7-e2 > .kt-inside-inner-col{flex-direction:column;justify-content:center;}}@media all and (max-width: 767px){.kadence-column569_103ab7-e2 > .kt-inside-inner-col{flex-direction:column;justify-content:center;}}<\/style>\n<div class=\"wp-block-kadence-column kadence-column569_103ab7-e2 inner-column-1\"><div class=\"kt-inside-inner-col\">\n<figure class=\"wp-block-gallery has-nested-images columns-4 is-cropped wp-block-gallery-1 is-layout-flex wp-block-gallery-is-layout-flex\">\n<figure class=\"wp-block-image size-large\"><img loading=\"lazy\" decoding=\"async\" width=\"1024\" height=\"1024\" data-id=\"124\" src=\"https:\/\/www.redrocktrails.co.uk\/wp-content\/uploads\/food_12-1024x1024.jpg\" alt=\"\" class=\"wp-image-124\" srcset=\"https:\/\/www.redrocktrails.co.uk\/wp-content\/uploads\/food_12-1024x1024.jpg 1024w, https:\/\/www.redrocktrails.co.uk\/wp-content\/uploads\/food_12-300x300.jpg 300w, https:\/\/www.redrocktrails.co.uk\/wp-content\/uploads\/food_12-150x150.jpg 150w, https:\/\/www.redrocktrails.co.uk\/wp-content\/uploads\/food_12-768x768.jpg 768w, https:\/\/www.redrocktrails.co.uk\/wp-content\/uploads\/food_12-1200x1200.jpg 1200w, https:\/\/www.redrocktrails.co.uk\/wp-content\/uploads\/food_12.jpg 1300w\" sizes=\"auto, (max-width: 1024px) 100vw, 1024px\" \/><\/figure>\n\n\n\n<figure class=\"wp-block-image size-large\"><img loading=\"lazy\" decoding=\"async\" width=\"1024\" height=\"1024\" data-id=\"123\" src=\"https:\/\/www.redrocktrails.co.uk\/wp-content\/uploads\/food_10_NO-1024x1024.jpg\" alt=\"\" class=\"wp-image-123\" srcset=\"https:\/\/www.redrocktrails.co.uk\/wp-content\/uploads\/food_10_NO-1024x1024.jpg 1024w, https:\/\/www.redrocktrails.co.uk\/wp-content\/uploads\/food_10_NO-300x300.jpg 300w, https:\/\/www.redrocktrails.co.uk\/wp-content\/uploads\/food_10_NO-150x150.jpg 150w, https:\/\/www.redrocktrails.co.uk\/wp-content\/uploads\/food_10_NO-768x768.jpg 768w, https:\/\/www.redrocktrails.co.uk\/wp-content\/uploads\/food_10_NO-1200x1200.jpg 1200w, https:\/\/www.redrocktrails.co.uk\/wp-content\/uploads\/food_10_NO.jpg 1300w\" sizes=\"auto, (max-width: 1024px) 100vw, 1024px\" \/><\/figure>\n\n\n\n<figure class=\"wp-block-image size-large\"><img loading=\"lazy\" decoding=\"async\" width=\"1024\" height=\"578\" data-id=\"119\" src=\"https:\/\/www.redrocktrails.co.uk\/wp-content\/uploads\/food_5-1024x578.jpg\" alt=\"\" class=\"wp-image-119\" srcset=\"https:\/\/www.redrocktrails.co.uk\/wp-content\/uploads\/food_5-1024x578.jpg 1024w, https:\/\/www.redrocktrails.co.uk\/wp-content\/uploads\/food_5-300x169.jpg 300w, https:\/\/www.redrocktrails.co.uk\/wp-content\/uploads\/food_5-768x434.jpg 768w, https:\/\/www.redrocktrails.co.uk\/wp-content\/uploads\/food_5-1200x678.jpg 1200w, https:\/\/www.redrocktrails.co.uk\/wp-content\/uploads\/food_5.jpg 1300w\" sizes=\"auto, (max-width: 1024px) 100vw, 1024px\" \/><\/figure>\n\n\n\n<figure class=\"wp-block-image size-large\"><img loading=\"lazy\" decoding=\"async\" width=\"1024\" height=\"735\" data-id=\"117\" src=\"https:\/\/www.redrocktrails.co.uk\/wp-content\/uploads\/food_3-1024x735.jpg\" alt=\"\" class=\"wp-image-117\" srcset=\"https:\/\/www.redrocktrails.co.uk\/wp-content\/uploads\/food_3-1024x735.jpg 1024w, https:\/\/www.redrocktrails.co.uk\/wp-content\/uploads\/food_3-300x215.jpg 300w, https:\/\/www.redrocktrails.co.uk\/wp-content\/uploads\/food_3-768x551.jpg 768w, https:\/\/www.redrocktrails.co.uk\/wp-content\/uploads\/food_3-1200x861.jpg 1200w, https:\/\/www.redrocktrails.co.uk\/wp-content\/uploads\/food_3.jpg 1300w\" sizes=\"auto, (max-width: 1024px) 100vw, 1024px\" \/><\/figure>\n\n\n\n<figure class=\"wp-block-image size-large\"><img loading=\"lazy\" decoding=\"async\" width=\"1024\" height=\"576\" data-id=\"118\" src=\"https:\/\/www.redrocktrails.co.uk\/wp-content\/uploads\/food_4-1024x576.jpg\" alt=\"\" class=\"wp-image-118\" srcset=\"https:\/\/www.redrocktrails.co.uk\/wp-content\/uploads\/food_4-1024x576.jpg 1024w, https:\/\/www.redrocktrails.co.uk\/wp-content\/uploads\/food_4-300x169.jpg 300w, https:\/\/www.redrocktrails.co.uk\/wp-content\/uploads\/food_4-768x432.jpg 768w, https:\/\/www.redrocktrails.co.uk\/wp-content\/uploads\/food_4-1200x675.jpg 1200w, https:\/\/www.redrocktrails.co.uk\/wp-content\/uploads\/food_4.jpg 1300w\" sizes=\"auto, (max-width: 1024px) 100vw, 1024px\" \/><\/figure>\n\n\n\n<figure class=\"wp-block-image size-large\"><img loading=\"lazy\" decoding=\"async\" width=\"1024\" height=\"768\" data-id=\"116\" src=\"https:\/\/www.redrocktrails.co.uk\/wp-content\/uploads\/food_2-1024x768.jpg\" alt=\"\" class=\"wp-image-116\" srcset=\"https:\/\/www.redrocktrails.co.uk\/wp-content\/uploads\/food_2-1024x768.jpg 1024w, https:\/\/www.redrocktrails.co.uk\/wp-content\/uploads\/food_2-300x225.jpg 300w, https:\/\/www.redrocktrails.co.uk\/wp-content\/uploads\/food_2-768x576.jpg 768w, https:\/\/www.redrocktrails.co.uk\/wp-content\/uploads\/food_2-1200x900.jpg 1200w, https:\/\/www.redrocktrails.co.uk\/wp-content\/uploads\/food_2.jpg 1300w\" sizes=\"auto, (max-width: 1024px) 100vw, 1024px\" \/><\/figure>\n\n\n\n<figure class=\"wp-block-image size-large\"><img loading=\"lazy\" decoding=\"async\" width=\"1024\" height=\"683\" data-id=\"532\" src=\"https:\/\/www.redrocktrails.co.uk\/wp-content\/uploads\/food_1-1-1024x683.jpg\" alt=\"\" class=\"wp-image-532\" srcset=\"https:\/\/www.redrocktrails.co.uk\/wp-content\/uploads\/food_1-1-1024x683.jpg 1024w, https:\/\/www.redrocktrails.co.uk\/wp-content\/uploads\/food_1-1-300x200.jpg 300w, https:\/\/www.redrocktrails.co.uk\/wp-content\/uploads\/food_1-1-768x512.jpg 768w, https:\/\/www.redrocktrails.co.uk\/wp-content\/uploads\/food_1-1-1536x1024.jpg 1536w, https:\/\/www.redrocktrails.co.uk\/wp-content\/uploads\/food_1-1-1200x800.jpg 1200w, https:\/\/www.redrocktrails.co.uk\/wp-content\/uploads\/food_1-1-1400x934.jpg 1400w, https:\/\/www.redrocktrails.co.uk\/wp-content\/uploads\/food_1-1.jpg 1900w\" sizes=\"auto, (max-width: 1024px) 100vw, 1024px\" \/><\/figure>\n\n\n\n<figure class=\"wp-block-image size-large\"><img loading=\"lazy\" decoding=\"async\" width=\"1024\" height=\"683\" data-id=\"534\" src=\"https:\/\/www.redrocktrails.co.uk\/wp-content\/uploads\/food_8-1-1024x683.jpg\" alt=\"\" class=\"wp-image-534\" srcset=\"https:\/\/www.redrocktrails.co.uk\/wp-content\/uploads\/food_8-1-1024x683.jpg 1024w, https:\/\/www.redrocktrails.co.uk\/wp-content\/uploads\/food_8-1-300x200.jpg 300w, https:\/\/www.redrocktrails.co.uk\/wp-content\/uploads\/food_8-1-768x512.jpg 768w, https:\/\/www.redrocktrails.co.uk\/wp-content\/uploads\/food_8-1-1536x1024.jpg 1536w, https:\/\/www.redrocktrails.co.uk\/wp-content\/uploads\/food_8-1-1200x800.jpg 1200w, https:\/\/www.redrocktrails.co.uk\/wp-content\/uploads\/food_8-1-1400x934.jpg 1400w, https:\/\/www.redrocktrails.co.uk\/wp-content\/uploads\/food_8-1.jpg 1900w\" sizes=\"auto, (max-width: 1024px) 100vw, 1024px\" \/><\/figure>\n\n\n\n<figure class=\"wp-block-image size-large\"><img loading=\"lazy\" decoding=\"async\" width=\"1024\" height=\"683\" data-id=\"533\" src=\"https:\/\/www.redrocktrails.co.uk\/wp-content\/uploads\/food_6-2-1024x683.jpg\" alt=\"\" class=\"wp-image-533\" srcset=\"https:\/\/www.redrocktrails.co.uk\/wp-content\/uploads\/food_6-2-1024x683.jpg 1024w, https:\/\/www.redrocktrails.co.uk\/wp-content\/uploads\/food_6-2-300x200.jpg 300w, https:\/\/www.redrocktrails.co.uk\/wp-content\/uploads\/food_6-2-768x512.jpg 768w, https:\/\/www.redrocktrails.co.uk\/wp-content\/uploads\/food_6-2-1536x1024.jpg 1536w, https:\/\/www.redrocktrails.co.uk\/wp-content\/uploads\/food_6-2-1200x800.jpg 1200w, https:\/\/www.redrocktrails.co.uk\/wp-content\/uploads\/food_6-2-1400x934.jpg 1400w, https:\/\/www.redrocktrails.co.uk\/wp-content\/uploads\/food_6-2.jpg 1900w\" sizes=\"auto, (max-width: 1024px) 100vw, 1024px\" \/><\/figure>\n<\/figure>\n<\/div><\/div>\n\n<\/div><\/div><\/div><\/div>\n\n<\/div><\/div>\n\n\n<p><\/p>\n","protected":false},"excerpt":{"rendered":"<p>El millor menjar, a casa o de restaurant\u2026! Aquest rac\u00f3 de Catalunya t\u00e9 una gran hist\u00f2ria agroaliment\u00e0ria que ofereix ingredients naturals de qualitat que podeu comprar a les botigues especialitzades o als supermercats locals per utilitzar-lo a casa, o provar en un dels molts restaurants propers. A casa, una gran cuina est\u00e0 completament equipada per &hellip;<\/p>\n","protected":false},"author":1,"featured_media":571,"parent":0,"menu_order":0,"comment_status":"closed","ping_status":"closed","template":"","meta":{"footnotes":""},"class_list":["post-569","page","type-page","status-publish","has-post-thumbnail","hentry","post","with-featured-image"],"_links":{"self":[{"href":"https:\/\/www.redrocktrails.co.uk\/ca\/wp-json\/wp\/v2\/pages\/569","targetHints":{"allow":["GET"]}}],"collection":[{"href":"https:\/\/www.redrocktrails.co.uk\/ca\/wp-json\/wp\/v2\/pages"}],"about":[{"href":"https:\/\/www.redrocktrails.co.uk\/ca\/wp-json\/wp\/v2\/types\/page"}],"author":[{"embeddable":true,"href":"https:\/\/www.redrocktrails.co.uk\/ca\/wp-json\/wp\/v2\/users\/1"}],"replies":[{"embeddable":true,"href":"https:\/\/www.redrocktrails.co.uk\/ca\/wp-json\/wp\/v2\/comments?post=569"}],"version-history":[{"count":8,"href":"https:\/\/www.redrocktrails.co.uk\/ca\/wp-json\/wp\/v2\/pages\/569\/revisions"}],"predecessor-version":[{"id":1738,"href":"https:\/\/www.redrocktrails.co.uk\/ca\/wp-json\/wp\/v2\/pages\/569\/revisions\/1738"}],"wp:featuredmedia":[{"embeddable":true,"href":"https:\/\/www.redrocktrails.co.uk\/ca\/wp-json\/wp\/v2\/media\/571"}],"wp:attachment":[{"href":"https:\/\/www.redrocktrails.co.uk\/ca\/wp-json\/wp\/v2\/media?parent=569"}],"curies":[{"name":"wp","href":"https:\/\/api.w.org\/{rel}","templated":true}]}}