{"id":560,"date":"2021-04-13T16:50:52","date_gmt":"2021-04-13T16:50:52","guid":{"rendered":"https:\/\/www.redrocktrails.co.uk\/accommodation\/"},"modified":"2025-04-29T14:25:43","modified_gmt":"2025-04-29T14:25:43","slug":"accommodation","status":"publish","type":"page","link":"https:\/\/www.redrocktrails.co.uk\/ca\/accommodation\/","title":{"rendered":"Allotjament"},"content":{"rendered":"<style>.kb-row-layout-id560_ee0ba6-46 > .kt-row-column-wrap{align-content:start;}:where(.kb-row-layout-id560_ee0ba6-46 > .kt-row-column-wrap) > .wp-block-kadence-column{justify-content:start;}.kb-row-layout-id560_ee0ba6-46 > .kt-row-column-wrap{column-gap:var(--global-kb-gap-md, 2rem);row-gap:var(--global-kb-gap-md, 2rem);max-width:905px;padding-top:23px;padding-bottom:25px;grid-template-columns:minmax(0, 1fr) minmax(0, 2fr);}.kb-row-layout-id560_ee0ba6-46 > .kt-row-layout-overlay{opacity:0.30;}@media all and (max-width: 1024px){.kb-row-layout-id560_ee0ba6-46 > .kt-row-column-wrap{grid-template-columns:minmax(0, 1fr) minmax(0, 2fr);}}@media all and (max-width: 767px){.kb-row-layout-id560_ee0ba6-46 > .kt-row-column-wrap{grid-template-columns:minmax(0, 1fr);}}<\/style><div class=\"kb-row-layout-wrap kb-row-layout-id560_ee0ba6-46 alignnone wp-block-kadence-rowlayout\"><div class=\"kt-row-column-wrap kt-has-2-columns kt-row-layout-right-golden kt-tab-layout-inherit kt-mobile-layout-row kt-row-valign-top kb-theme-content-width\">\n<style>.kadence-column560_e5e737-b0 > .kt-inside-inner-col,.kadence-column560_e5e737-b0 > .kt-inside-inner-col:before{border-top-left-radius:0px;border-top-right-radius:0px;border-bottom-right-radius:0px;border-bottom-left-radius:0px;}.kadence-column560_e5e737-b0 > .kt-inside-inner-col{column-gap:var(--global-kb-gap-sm, 1rem);}.kadence-column560_e5e737-b0 > .kt-inside-inner-col{flex-direction:column;}.kadence-column560_e5e737-b0 > .kt-inside-inner-col > .aligncenter{width:100%;}.kadence-column560_e5e737-b0 > .kt-inside-inner-col:before{opacity:0.3;}.kadence-column560_e5e737-b0{position:relative;}@media all and (max-width: 1024px){.kadence-column560_e5e737-b0 > .kt-inside-inner-col{flex-direction:column;justify-content:center;}}@media all and (max-width: 767px){.kadence-column560_e5e737-b0 > .kt-inside-inner-col{flex-direction:column;justify-content:center;}}<\/style>\n<div class=\"wp-block-kadence-column kadence-column560_e5e737-b0 inner-column-1\"><div class=\"kt-inside-inner-col\">\n<p class=\"has-text-align-right destacat\">Allotjament gener\u00f3s per a un m\u00e0xim de dotze persones<\/p>\n<\/div><\/div>\n\n\n<style>.kadence-column560_399373-cc > .kt-inside-inner-col,.kadence-column560_399373-cc > .kt-inside-inner-col:before{border-top-left-radius:0px;border-top-right-radius:0px;border-bottom-right-radius:0px;border-bottom-left-radius:0px;}.kadence-column560_399373-cc > .kt-inside-inner-col{column-gap:var(--global-kb-gap-sm, 1rem);}.kadence-column560_399373-cc > .kt-inside-inner-col{flex-direction:column;}.kadence-column560_399373-cc > .kt-inside-inner-col > .aligncenter{width:100%;}.kadence-column560_399373-cc > .kt-inside-inner-col:before{opacity:0.3;}.kadence-column560_399373-cc{position:relative;}@media all and (max-width: 1024px){.kadence-column560_399373-cc > .kt-inside-inner-col{flex-direction:column;justify-content:center;}}@media all and (max-width: 767px){.kadence-column560_399373-cc > .kt-inside-inner-col{flex-direction:column;justify-content:center;}}<\/style>\n<div class=\"wp-block-kadence-column kadence-column560_399373-cc inner-column-2\"><div class=\"kt-inside-inner-col\">\n<p>Amb molt d\u2019afecte hem reconstru\u00eft una era de pedra centen\u00e0ria en un poblet medieval al Pirineu Catal\u00e0. Conserva les caracter\u00edstiques originals per\u00f2 ofereix un allotjament contemporani, c\u00f2mode i ben equipat per a fins a 12 persones, amb WiFi gratu\u00efta. No es pot fumar.<\/p>\n<\/div><\/div>\n\n<\/div><\/div>\n\n<style>.kb-row-layout-id560_1dc1d5-bf > .kt-row-column-wrap{align-content:start;}:where(.kb-row-layout-id560_1dc1d5-bf > .kt-row-column-wrap) > .wp-block-kadence-column{justify-content:start;}.kb-row-layout-id560_1dc1d5-bf > .kt-row-column-wrap{column-gap:var(--global-kb-gap-md, 2rem);row-gap:var(--global-kb-gap-md, 2rem);max-width:905px;padding-top:var(--global-kb-spacing-sm, 1.5rem);padding-bottom:var(--global-kb-spacing-sm, 1.5rem);grid-template-columns:minmax(0, 1fr) minmax(0, 2fr);}.kb-row-layout-id560_1dc1d5-bf > .kt-row-layout-overlay{opacity:0.30;}@media all and (max-width: 1024px){.kb-row-layout-id560_1dc1d5-bf > .kt-row-column-wrap{grid-template-columns:minmax(0, 1fr) minmax(0, 2fr);}}@media all and (max-width: 767px){.kb-row-layout-id560_1dc1d5-bf > .kt-row-column-wrap{grid-template-columns:minmax(0, 1fr);}}<\/style><div class=\"kb-row-layout-wrap kb-row-layout-id560_1dc1d5-bf alignnone wp-block-kadence-rowlayout\"><div class=\"kt-row-column-wrap kt-has-2-columns kt-row-layout-right-golden kt-tab-layout-inherit kt-mobile-layout-row kt-row-valign-top kb-theme-content-width\">\n<style>.kadence-column560_37529b-14 > .kt-inside-inner-col,.kadence-column560_37529b-14 > .kt-inside-inner-col:before{border-top-left-radius:0px;border-top-right-radius:0px;border-bottom-right-radius:0px;border-bottom-left-radius:0px;}.kadence-column560_37529b-14 > .kt-inside-inner-col{column-gap:var(--global-kb-gap-sm, 1rem);}.kadence-column560_37529b-14 > .kt-inside-inner-col{flex-direction:column;}.kadence-column560_37529b-14 > .kt-inside-inner-col > .aligncenter{width:100%;}.kadence-column560_37529b-14 > .kt-inside-inner-col:before{opacity:0.3;}.kadence-column560_37529b-14{position:relative;}@media all and (max-width: 1024px){.kadence-column560_37529b-14 > .kt-inside-inner-col{flex-direction:column;justify-content:center;}}@media all and (max-width: 767px){.kadence-column560_37529b-14 > .kt-inside-inner-col{flex-direction:column;justify-content:center;}}<\/style>\n<div class=\"wp-block-kadence-column kadence-column560_37529b-14 inner-column-1\"><div class=\"kt-inside-inner-col\">\n<p class=\"has-text-align-right destacat\">Habitacions espaioses<\/p>\n<\/div><\/div>\n\n\n<style>.kadence-column560_5622b2-cd > .kt-inside-inner-col,.kadence-column560_5622b2-cd > .kt-inside-inner-col:before{border-top-left-radius:0px;border-top-right-radius:0px;border-bottom-right-radius:0px;border-bottom-left-radius:0px;}.kadence-column560_5622b2-cd > .kt-inside-inner-col{column-gap:var(--global-kb-gap-sm, 1rem);}.kadence-column560_5622b2-cd > .kt-inside-inner-col{flex-direction:column;}.kadence-column560_5622b2-cd > .kt-inside-inner-col > .aligncenter{width:100%;}.kadence-column560_5622b2-cd > .kt-inside-inner-col:before{opacity:0.3;}.kadence-column560_5622b2-cd{position:relative;}@media all and (max-width: 1024px){.kadence-column560_5622b2-cd > .kt-inside-inner-col{flex-direction:column;justify-content:center;}}@media all and (max-width: 767px){.kadence-column560_5622b2-cd > .kt-inside-inner-col{flex-direction:column;justify-content:center;}}<\/style>\n<div class=\"wp-block-kadence-column kadence-column560_5622b2-cd inner-column-2\"><div class=\"kt-inside-inner-col\">\n<p>Habitacions espaioses (dues habitacions familiars i una doble) estan moblades de forma individual amb grans i elegants banys amb dutxes potents (una de les habitacions familiars tamb\u00e9 t\u00e9 banyera pels m\u00e9s petits). Les parets de pedra massissa i l\u2019aire condicionat mitjan\u00e7ant els panells solars mantenen les habitacions fresques a l&#8217;estiu i la calefacci\u00f3 per terra radiant les fa acollidores els mesos m\u00e9s freds. Es proporciona roba de llit 100% cot\u00f3, tovalloles grans, articles de tocador i assecador. Hi ha petits extres \u00fatils, com per exemple punts de c\u00e0rrega USB, tovalloles de bany, estenedor i \u00fas de la rentadora.<\/p>\n<\/div><\/div>\n\n<\/div><\/div>\n\n<style>.kb-row-layout-id560_fcc856-3f > .kt-row-column-wrap{align-content:start;}:where(.kb-row-layout-id560_fcc856-3f > .kt-row-column-wrap) > .wp-block-kadence-column{justify-content:start;}.kb-row-layout-id560_fcc856-3f > .kt-row-column-wrap{column-gap:var(--global-kb-gap-md, 2rem);row-gap:var(--global-kb-gap-md, 2rem);max-width:905px;padding-top:var(--global-kb-spacing-sm, 1.5rem);padding-bottom:var(--global-kb-spacing-sm, 1.5rem);grid-template-columns:minmax(0, 1fr) minmax(0, 2fr);}.kb-row-layout-id560_fcc856-3f > .kt-row-layout-overlay{opacity:0.30;}@media all and (max-width: 1024px){.kb-row-layout-id560_fcc856-3f > .kt-row-column-wrap{grid-template-columns:minmax(0, 1fr) minmax(0, 2fr);}}@media all and (max-width: 767px){.kb-row-layout-id560_fcc856-3f > .kt-row-column-wrap{grid-template-columns:minmax(0, 1fr);}}<\/style><div class=\"kb-row-layout-wrap kb-row-layout-id560_fcc856-3f alignnone wp-block-kadence-rowlayout\"><div class=\"kt-row-column-wrap kt-has-2-columns kt-row-layout-right-golden kt-tab-layout-inherit kt-mobile-layout-row kt-row-valign-top kb-theme-content-width\">\n<style>.kadence-column560_06a5af-c9 > .kt-inside-inner-col,.kadence-column560_06a5af-c9 > .kt-inside-inner-col:before{border-top-left-radius:0px;border-top-right-radius:0px;border-bottom-right-radius:0px;border-bottom-left-radius:0px;}.kadence-column560_06a5af-c9 > .kt-inside-inner-col{column-gap:var(--global-kb-gap-sm, 1rem);}.kadence-column560_06a5af-c9 > .kt-inside-inner-col{flex-direction:column;}.kadence-column560_06a5af-c9 > .kt-inside-inner-col > .aligncenter{width:100%;}.kadence-column560_06a5af-c9 > .kt-inside-inner-col:before{opacity:0.3;}.kadence-column560_06a5af-c9{position:relative;}@media all and (max-width: 1024px){.kadence-column560_06a5af-c9 > .kt-inside-inner-col{flex-direction:column;justify-content:center;}}@media all and (max-width: 767px){.kadence-column560_06a5af-c9 > .kt-inside-inner-col{flex-direction:column;justify-content:center;}}<\/style>\n<div class=\"wp-block-kadence-column kadence-column560_06a5af-c9 inner-column-1\"><div class=\"kt-inside-inner-col\">\n<p class=\"has-text-align-right destacat\">Relaxar-se tranquil\u00b7lament<\/p>\n<\/div><\/div>\n\n\n<style>.kadence-column560_6acefd-9a > .kt-inside-inner-col,.kadence-column560_6acefd-9a > .kt-inside-inner-col:before{border-top-left-radius:0px;border-top-right-radius:0px;border-bottom-right-radius:0px;border-bottom-left-radius:0px;}.kadence-column560_6acefd-9a > .kt-inside-inner-col{column-gap:var(--global-kb-gap-sm, 1rem);}.kadence-column560_6acefd-9a > .kt-inside-inner-col{flex-direction:column;}.kadence-column560_6acefd-9a > .kt-inside-inner-col > .aligncenter{width:100%;}.kadence-column560_6acefd-9a > .kt-inside-inner-col:before{opacity:0.3;}.kadence-column560_6acefd-9a{position:relative;}@media all and (max-width: 1024px){.kadence-column560_6acefd-9a > .kt-inside-inner-col{flex-direction:column;justify-content:center;}}@media all and (max-width: 767px){.kadence-column560_6acefd-9a > .kt-inside-inner-col{flex-direction:column;justify-content:center;}}<\/style>\n<div class=\"wp-block-kadence-column kadence-column560_6acefd-9a inner-column-2\"><div class=\"kt-inside-inner-col\">\n<p>Tot el pis superior de la casa principal \u00e9s una sala d&#8217;estar oberta amb sostres alts, espai per menjar i relaxar tranquil\u00b7lament. L&#8217;\u00e0mplia cuina est\u00e0 ben equipada, amb un forn, microones, rentavaixelles, nevera\/congelador gran i nevera de begudes. Hi ha molt espai per asseure&#8217;s, sigui al menjador, o a la sala d&#8217;estar.<\/p>\n\n\n\n<p>Al celler hi ha una sala de jocs equipada amb futbol\u00ed, manualitats, joguines, llibres de jocs i DVD adequats per als nens de totes les edats.<\/p>\n<\/div><\/div>\n\n<\/div><\/div>\n\n<style>.kb-row-layout-id560_f9a830-88 > .kt-row-column-wrap{align-content:start;}:where(.kb-row-layout-id560_f9a830-88 > .kt-row-column-wrap) > .wp-block-kadence-column{justify-content:start;}.kb-row-layout-id560_f9a830-88 > .kt-row-column-wrap{column-gap:var(--global-kb-gap-md, 2rem);row-gap:var(--global-kb-gap-md, 2rem);max-width:905px;padding-top:var(--global-kb-spacing-sm, 1.5rem);padding-bottom:var(--global-kb-spacing-sm, 1.5rem);grid-template-columns:minmax(0, 1fr) minmax(0, 2fr);}.kb-row-layout-id560_f9a830-88 > .kt-row-layout-overlay{opacity:0.30;}@media all and (max-width: 1024px){.kb-row-layout-id560_f9a830-88 > .kt-row-column-wrap{grid-template-columns:minmax(0, 1fr) minmax(0, 2fr);}}@media all and (max-width: 767px){.kb-row-layout-id560_f9a830-88 > .kt-row-column-wrap{grid-template-columns:minmax(0, 1fr);}}<\/style><div class=\"kb-row-layout-wrap kb-row-layout-id560_f9a830-88 alignnone wp-block-kadence-rowlayout\"><div class=\"kt-row-column-wrap kt-has-2-columns kt-row-layout-right-golden kt-tab-layout-inherit kt-mobile-layout-row kt-row-valign-top kb-theme-content-width\">\n<style>.kadence-column560_f13ae1-38 > .kt-inside-inner-col,.kadence-column560_f13ae1-38 > .kt-inside-inner-col:before{border-top-left-radius:0px;border-top-right-radius:0px;border-bottom-right-radius:0px;border-bottom-left-radius:0px;}.kadence-column560_f13ae1-38 > .kt-inside-inner-col{column-gap:var(--global-kb-gap-sm, 1rem);}.kadence-column560_f13ae1-38 > .kt-inside-inner-col{flex-direction:column;}.kadence-column560_f13ae1-38 > .kt-inside-inner-col > .aligncenter{width:100%;}.kadence-column560_f13ae1-38 > .kt-inside-inner-col:before{opacity:0.3;}.kadence-column560_f13ae1-38{position:relative;}@media all and (max-width: 1024px){.kadence-column560_f13ae1-38 > .kt-inside-inner-col{flex-direction:column;justify-content:center;}}@media all and (max-width: 767px){.kadence-column560_f13ae1-38 > .kt-inside-inner-col{flex-direction:column;justify-content:center;}}<\/style>\n<div class=\"wp-block-kadence-column kadence-column560_f13ae1-38 inner-column-1\"><div class=\"kt-inside-inner-col\">\n<p class=\"has-text-align-right destacat\">Jard\u00ed privat<\/p>\n<\/div><\/div>\n\n\n<style>.kadence-column560_a74f0b-31 > .kt-inside-inner-col,.kadence-column560_a74f0b-31 > .kt-inside-inner-col:before{border-top-left-radius:0px;border-top-right-radius:0px;border-bottom-right-radius:0px;border-bottom-left-radius:0px;}.kadence-column560_a74f0b-31 > .kt-inside-inner-col{column-gap:var(--global-kb-gap-sm, 1rem);}.kadence-column560_a74f0b-31 > .kt-inside-inner-col{flex-direction:column;}.kadence-column560_a74f0b-31 > .kt-inside-inner-col > .aligncenter{width:100%;}.kadence-column560_a74f0b-31 > .kt-inside-inner-col:before{opacity:0.3;}.kadence-column560_a74f0b-31{position:relative;}@media all and (max-width: 1024px){.kadence-column560_a74f0b-31 > .kt-inside-inner-col{flex-direction:column;justify-content:center;}}@media all and (max-width: 767px){.kadence-column560_a74f0b-31 > .kt-inside-inner-col{flex-direction:column;justify-content:center;}}<\/style>\n<div class=\"wp-block-kadence-column kadence-column560_a74f0b-31 inner-column-2\"><div class=\"kt-inside-inner-col\">\n<p>A l&#8217;exterior tenim un jard\u00ed tancat i segur, lluny de carreteres transitades, amb seients tant per sopar com per relaxar-se. Hi ha una barbacoa i un forn de llenya per cuinar pizzes i altres aliments. El jard\u00ed compta amb un sorral, tipi, xarxa de b\u00e0dminton, cistella de b\u00e0squet, porteria de futbol i altres jocs exteriors. A poca dist\u00e0ncia amb bicicleta o un agradable passeig hi ha pistes de tenis, un skatepark, pump track, camps de futbol i una piscina exterior.<\/p>\n\n\n\n<p>Si ens visita amb nens petits, tenim un bressol, trona i carret\u00f3 per al seu \u00fas gratu\u00eft.<\/p>\n\n\n\n<p>No s&#8217;admeten mascotes, ho sentim.<\/p>\n\n\n\n<p>Vivim en un pis separat al costat de la casa, aix\u00ed que sempre estem a la vostra disposici\u00f3 per ajudar-vos amb qualsevol pregunta o problema.<\/p>\n<\/div><\/div>\n\n<\/div><\/div>\n\n<style>.kb-row-layout-id560_888ff1-62 > .kt-row-column-wrap{align-content:start;}:where(.kb-row-layout-id560_888ff1-62 > .kt-row-column-wrap) > .wp-block-kadence-column{justify-content:start;}.kb-row-layout-id560_888ff1-62 > .kt-row-column-wrap{column-gap:var(--global-kb-gap-md, 2rem);row-gap:var(--global-kb-gap-md, 2rem);padding-top:var(--global-kb-spacing-sm, 1.5rem);padding-bottom:var(--global-kb-spacing-sm, 1.5rem);grid-template-columns:minmax(0, 1fr);}.kb-row-layout-id560_888ff1-62 > .kt-row-layout-overlay{opacity:0.30;}@media all and (max-width: 1024px){.kb-row-layout-id560_888ff1-62 > .kt-row-column-wrap{grid-template-columns:minmax(0, 1fr);}}@media all and (max-width: 767px){.kb-row-layout-id560_888ff1-62 > .kt-row-column-wrap{grid-template-columns:minmax(0, 1fr);}}<\/style><div class=\"kb-row-layout-wrap kb-row-layout-id560_888ff1-62 alignnone wp-block-kadence-rowlayout\"><div class=\"kt-row-column-wrap kt-has-1-columns kt-row-layout-equal kt-tab-layout-inherit kt-mobile-layout-row kt-row-valign-top\">\n<style>.kadence-column560_e80e73-3f > .kt-inside-inner-col,.kadence-column560_e80e73-3f > .kt-inside-inner-col:before{border-top-left-radius:0px;border-top-right-radius:0px;border-bottom-right-radius:0px;border-bottom-left-radius:0px;}.kadence-column560_e80e73-3f > .kt-inside-inner-col{column-gap:var(--global-kb-gap-sm, 1rem);}.kadence-column560_e80e73-3f > .kt-inside-inner-col{flex-direction:column;}.kadence-column560_e80e73-3f > .kt-inside-inner-col > .aligncenter{width:100%;}.kadence-column560_e80e73-3f > .kt-inside-inner-col:before{opacity:0.3;}.kadence-column560_e80e73-3f{position:relative;}@media all and (max-width: 1024px){.kadence-column560_e80e73-3f > .kt-inside-inner-col{flex-direction:column;justify-content:center;}}@media all and (max-width: 767px){.kadence-column560_e80e73-3f > .kt-inside-inner-col{flex-direction:column;justify-content:center;}}<\/style>\n<div class=\"wp-block-kadence-column kadence-column560_e80e73-3f inner-column-1\"><div class=\"kt-inside-inner-col\">\n<figure class=\"wp-block-gallery has-nested-images columns-3 is-cropped wp-block-gallery-1 is-layout-flex wp-block-gallery-is-layout-flex\">\n<figure class=\"wp-block-image size-large\"><a href=\"https:\/\/www.redrocktrails.co.uk\/wp-content\/uploads\/accommodation_13.jpg\"><img loading=\"lazy\" decoding=\"async\" width=\"1024\" height=\"818\" data-id=\"537\" src=\"https:\/\/www.redrocktrails.co.uk\/wp-content\/uploads\/accommodation_13-1024x818.jpg\" alt=\"\" class=\"wp-image-537\" srcset=\"https:\/\/www.redrocktrails.co.uk\/wp-content\/uploads\/accommodation_13-1024x818.jpg 1024w, https:\/\/www.redrocktrails.co.uk\/wp-content\/uploads\/accommodation_13-300x240.jpg 300w, https:\/\/www.redrocktrails.co.uk\/wp-content\/uploads\/accommodation_13-768x614.jpg 768w, https:\/\/www.redrocktrails.co.uk\/wp-content\/uploads\/accommodation_13-1536x1227.jpg 1536w, https:\/\/www.redrocktrails.co.uk\/wp-content\/uploads\/accommodation_13-1200x959.jpg 1200w, https:\/\/www.redrocktrails.co.uk\/wp-content\/uploads\/accommodation_13-1400x1119.jpg 1400w, https:\/\/www.redrocktrails.co.uk\/wp-content\/uploads\/accommodation_13.jpg 1900w\" sizes=\"auto, (max-width: 1024px) 100vw, 1024px\" \/><\/a><\/figure>\n\n\n\n<figure class=\"wp-block-image size-large\"><a href=\"https:\/\/www.redrocktrails.co.uk\/wp-content\/uploads\/accommodation_10.jpg\"><img loading=\"lazy\" decoding=\"async\" width=\"1024\" height=\"683\" data-id=\"214\" src=\"https:\/\/www.redrocktrails.co.uk\/wp-content\/uploads\/accommodation_10-1024x683.jpg\" alt=\"\" class=\"wp-image-214\" srcset=\"https:\/\/www.redrocktrails.co.uk\/wp-content\/uploads\/accommodation_10-1024x683.jpg 1024w, https:\/\/www.redrocktrails.co.uk\/wp-content\/uploads\/accommodation_10-300x200.jpg 300w, https:\/\/www.redrocktrails.co.uk\/wp-content\/uploads\/accommodation_10-768x512.jpg 768w, https:\/\/www.redrocktrails.co.uk\/wp-content\/uploads\/accommodation_10-1200x800.jpg 1200w, https:\/\/www.redrocktrails.co.uk\/wp-content\/uploads\/accommodation_10.jpg 1300w\" sizes=\"auto, (max-width: 1024px) 100vw, 1024px\" \/><\/a><\/figure>\n\n\n\n<figure class=\"wp-block-image size-large\"><a href=\"https:\/\/www.redrocktrails.co.uk\/wp-content\/uploads\/accommodation_11.jpg\"><img loading=\"lazy\" decoding=\"async\" width=\"1024\" height=\"677\" data-id=\"215\" src=\"https:\/\/www.redrocktrails.co.uk\/wp-content\/uploads\/accommodation_11-1024x677.jpg\" alt=\"\" class=\"wp-image-215\" srcset=\"https:\/\/www.redrocktrails.co.uk\/wp-content\/uploads\/accommodation_11-1024x677.jpg 1024w, https:\/\/www.redrocktrails.co.uk\/wp-content\/uploads\/accommodation_11-300x198.jpg 300w, https:\/\/www.redrocktrails.co.uk\/wp-content\/uploads\/accommodation_11-768x507.jpg 768w, https:\/\/www.redrocktrails.co.uk\/wp-content\/uploads\/accommodation_11-1200x793.jpg 1200w, https:\/\/www.redrocktrails.co.uk\/wp-content\/uploads\/accommodation_11.jpg 1300w\" sizes=\"auto, (max-width: 1024px) 100vw, 1024px\" \/><\/a><\/figure>\n\n\n\n<figure class=\"wp-block-image size-large\"><a href=\"https:\/\/www.redrocktrails.co.uk\/wp-content\/uploads\/accommodation_3.jpg\"><img loading=\"lazy\" decoding=\"async\" width=\"1024\" height=\"683\" data-id=\"207\" src=\"https:\/\/www.redrocktrails.co.uk\/wp-content\/uploads\/accommodation_3-1024x683.jpg\" alt=\"\" class=\"wp-image-207\" srcset=\"https:\/\/www.redrocktrails.co.uk\/wp-content\/uploads\/accommodation_3-1024x683.jpg 1024w, https:\/\/www.redrocktrails.co.uk\/wp-content\/uploads\/accommodation_3-300x200.jpg 300w, https:\/\/www.redrocktrails.co.uk\/wp-content\/uploads\/accommodation_3-768x512.jpg 768w, https:\/\/www.redrocktrails.co.uk\/wp-content\/uploads\/accommodation_3-1200x800.jpg 1200w, https:\/\/www.redrocktrails.co.uk\/wp-content\/uploads\/accommodation_3.jpg 1300w\" sizes=\"auto, (max-width: 1024px) 100vw, 1024px\" \/><\/a><\/figure>\n\n\n\n<figure class=\"wp-block-image size-large\"><a href=\"https:\/\/www.redrocktrails.co.uk\/wp-content\/uploads\/accommodation_6.jpg\"><img loading=\"lazy\" decoding=\"async\" width=\"1024\" height=\"683\" data-id=\"210\" src=\"https:\/\/www.redrocktrails.co.uk\/wp-content\/uploads\/accommodation_6-1024x683.jpg\" alt=\"\" class=\"wp-image-210\" srcset=\"https:\/\/www.redrocktrails.co.uk\/wp-content\/uploads\/accommodation_6-1024x683.jpg 1024w, https:\/\/www.redrocktrails.co.uk\/wp-content\/uploads\/accommodation_6-300x200.jpg 300w, https:\/\/www.redrocktrails.co.uk\/wp-content\/uploads\/accommodation_6-768x512.jpg 768w, https:\/\/www.redrocktrails.co.uk\/wp-content\/uploads\/accommodation_6-1200x800.jpg 1200w, https:\/\/www.redrocktrails.co.uk\/wp-content\/uploads\/accommodation_6.jpg 1300w\" sizes=\"auto, (max-width: 1024px) 100vw, 1024px\" \/><\/a><\/figure>\n\n\n\n<figure class=\"wp-block-image size-large\"><a href=\"https:\/\/www.redrocktrails.co.uk\/wp-content\/uploads\/accommodation_5.jpg\"><img loading=\"lazy\" decoding=\"async\" width=\"1024\" height=\"683\" data-id=\"209\" src=\"https:\/\/www.redrocktrails.co.uk\/wp-content\/uploads\/accommodation_5-1024x683.jpg\" alt=\"\" class=\"wp-image-209\" srcset=\"https:\/\/www.redrocktrails.co.uk\/wp-content\/uploads\/accommodation_5-1024x683.jpg 1024w, https:\/\/www.redrocktrails.co.uk\/wp-content\/uploads\/accommodation_5-300x200.jpg 300w, https:\/\/www.redrocktrails.co.uk\/wp-content\/uploads\/accommodation_5-768x512.jpg 768w, https:\/\/www.redrocktrails.co.uk\/wp-content\/uploads\/accommodation_5-1200x800.jpg 1200w, https:\/\/www.redrocktrails.co.uk\/wp-content\/uploads\/accommodation_5.jpg 1300w\" sizes=\"auto, (max-width: 1024px) 100vw, 1024px\" \/><\/a><\/figure>\n\n\n\n<figure class=\"wp-block-image size-large\"><a href=\"https:\/\/www.redrocktrails.co.uk\/wp-content\/uploads\/accommodation_4.jpg\"><img loading=\"lazy\" decoding=\"async\" width=\"1024\" height=\"683\" data-id=\"208\" src=\"https:\/\/www.redrocktrails.co.uk\/wp-content\/uploads\/accommodation_4-1024x683.jpg\" alt=\"\" class=\"wp-image-208\" srcset=\"https:\/\/www.redrocktrails.co.uk\/wp-content\/uploads\/accommodation_4-1024x683.jpg 1024w, https:\/\/www.redrocktrails.co.uk\/wp-content\/uploads\/accommodation_4-300x200.jpg 300w, https:\/\/www.redrocktrails.co.uk\/wp-content\/uploads\/accommodation_4-768x512.jpg 768w, https:\/\/www.redrocktrails.co.uk\/wp-content\/uploads\/accommodation_4-1200x800.jpg 1200w, https:\/\/www.redrocktrails.co.uk\/wp-content\/uploads\/accommodation_4.jpg 1300w\" sizes=\"auto, (max-width: 1024px) 100vw, 1024px\" \/><\/a><\/figure>\n\n\n\n<figure class=\"wp-block-image size-large\"><a href=\"https:\/\/www.redrocktrails.co.uk\/wp-content\/uploads\/accommodation_1-1.jpeg\"><img loading=\"lazy\" decoding=\"async\" width=\"768\" height=\"1024\" data-id=\"1773\" src=\"https:\/\/www.redrocktrails.co.uk\/wp-content\/uploads\/accommodation_1-1-768x1024.jpeg\" alt=\"\" class=\"wp-image-1773\" srcset=\"https:\/\/www.redrocktrails.co.uk\/wp-content\/uploads\/accommodation_1-1-768x1024.jpeg 768w, https:\/\/www.redrocktrails.co.uk\/wp-content\/uploads\/accommodation_1-1-225x300.jpeg 225w, https:\/\/www.redrocktrails.co.uk\/wp-content\/uploads\/accommodation_1-1-300x400.jpeg 300w, https:\/\/www.redrocktrails.co.uk\/wp-content\/uploads\/accommodation_1-1.jpeg 975w\" sizes=\"auto, (max-width: 768px) 100vw, 768px\" \/><\/a><\/figure>\n\n\n\n<figure class=\"wp-block-image size-large\"><a href=\"https:\/\/www.redrocktrails.co.uk\/wp-content\/uploads\/accommodation_7.jpg\"><img loading=\"lazy\" decoding=\"async\" width=\"782\" height=\"1024\" data-id=\"211\" src=\"https:\/\/www.redrocktrails.co.uk\/wp-content\/uploads\/accommodation_7-782x1024.jpg\" alt=\"\" class=\"wp-image-211\" srcset=\"https:\/\/www.redrocktrails.co.uk\/wp-content\/uploads\/accommodation_7-782x1024.jpg 782w, https:\/\/www.redrocktrails.co.uk\/wp-content\/uploads\/accommodation_7-229x300.jpg 229w, https:\/\/www.redrocktrails.co.uk\/wp-content\/uploads\/accommodation_7-768x1005.jpg 768w, https:\/\/www.redrocktrails.co.uk\/wp-content\/uploads\/accommodation_7-1173x1536.jpg 1173w, https:\/\/www.redrocktrails.co.uk\/wp-content\/uploads\/accommodation_7-1200x1571.jpg 1200w, https:\/\/www.redrocktrails.co.uk\/wp-content\/uploads\/accommodation_7-300x393.jpg 300w, https:\/\/www.redrocktrails.co.uk\/wp-content\/uploads\/accommodation_7.jpg 1300w\" sizes=\"auto, (max-width: 782px) 100vw, 782px\" \/><\/a><\/figure>\n<\/figure>\n<\/div><\/div>\n\n<\/div><\/div>","protected":false},"excerpt":{"rendered":"<p>Allotjament gener\u00f3s per a un m\u00e0xim de dotze persones Amb molt d\u2019afecte hem reconstru\u00eft una era de pedra centen\u00e0ria en un poblet medieval al Pirineu Catal\u00e0. Conserva les caracter\u00edstiques originals per\u00f2 ofereix un allotjament contemporani, c\u00f2mode i ben equipat per a fins a 12 persones, amb WiFi gratu\u00efta. No es pot fumar. Habitacions espaioses Habitacions &hellip;<\/p>\n","protected":false},"author":1,"featured_media":557,"parent":0,"menu_order":0,"comment_status":"closed","ping_status":"closed","template":"","meta":{"footnotes":""},"class_list":["post-560","page","type-page","status-publish","has-post-thumbnail","hentry","post","with-featured-image"],"_links":{"self":[{"href":"https:\/\/www.redrocktrails.co.uk\/ca\/wp-json\/wp\/v2\/pages\/560","targetHints":{"allow":["GET"]}}],"collection":[{"href":"https:\/\/www.redrocktrails.co.uk\/ca\/wp-json\/wp\/v2\/pages"}],"about":[{"href":"https:\/\/www.redrocktrails.co.uk\/ca\/wp-json\/wp\/v2\/types\/page"}],"author":[{"embeddable":true,"href":"https:\/\/www.redrocktrails.co.uk\/ca\/wp-json\/wp\/v2\/users\/1"}],"replies":[{"embeddable":true,"href":"https:\/\/www.redrocktrails.co.uk\/ca\/wp-json\/wp\/v2\/comments?post=560"}],"version-history":[{"count":26,"href":"https:\/\/www.redrocktrails.co.uk\/ca\/wp-json\/wp\/v2\/pages\/560\/revisions"}],"predecessor-version":[{"id":1777,"href":"https:\/\/www.redrocktrails.co.uk\/ca\/wp-json\/wp\/v2\/pages\/560\/revisions\/1777"}],"wp:featuredmedia":[{"embeddable":true,"href":"https:\/\/www.redrocktrails.co.uk\/ca\/wp-json\/wp\/v2\/media\/557"}],"wp:attachment":[{"href":"https:\/\/www.redrocktrails.co.uk\/ca\/wp-json\/wp\/v2\/media?parent=560"}],"curies":[{"name":"wp","href":"https:\/\/api.w.org\/{rel}","templated":true}]}}