{"id":556,"date":"2021-04-13T16:51:02","date_gmt":"2021-04-13T16:51:02","guid":{"rendered":"https:\/\/www.redrocktrails.co.uk\/booking\/"},"modified":"2026-03-14T18:21:21","modified_gmt":"2026-03-14T18:21:21","slug":"booking","status":"publish","type":"page","link":"https:\/\/www.redrocktrails.co.uk\/ca\/booking\/","title":{"rendered":"Reserves"},"content":{"rendered":"<style>.kb-row-layout-id556_968ffa-3c > .kt-row-column-wrap{align-content:start;}:where(.kb-row-layout-id556_968ffa-3c > .kt-row-column-wrap) > .wp-block-kadence-column{justify-content:start;}.kb-row-layout-id556_968ffa-3c > .kt-row-column-wrap{column-gap:var(--global-kb-gap-lg, 4rem);row-gap:var(--global-kb-gap-md, 2rem);padding-top:-1px;padding-bottom:0px;grid-template-columns:minmax(0, 1fr) minmax(0, 2fr);}.kb-row-layout-id556_968ffa-3c > .kt-row-layout-overlay{opacity:0.30;}@media all and (max-width: 1024px){.kb-row-layout-id556_968ffa-3c > .kt-row-column-wrap{grid-template-columns:minmax(0, 1fr) minmax(0, 2fr);}}@media all and (max-width: 767px){.kb-row-layout-id556_968ffa-3c > .kt-row-column-wrap{grid-template-columns:minmax(0, 1fr);}}<\/style><div class=\"kb-row-layout-wrap kb-row-layout-id556_968ffa-3c alignnone wp-block-kadence-rowlayout\"><div class=\"kt-row-column-wrap kt-has-2-columns kt-row-layout-right-golden kt-tab-layout-inherit kt-mobile-layout-row kt-row-valign-top\">\n<style>.kadence-column556_ce9e73-3e > .kt-inside-inner-col,.kadence-column556_ce9e73-3e > .kt-inside-inner-col:before{border-top-left-radius:0px;border-top-right-radius:0px;border-bottom-right-radius:0px;border-bottom-left-radius:0px;}.kadence-column556_ce9e73-3e > .kt-inside-inner-col{column-gap:var(--global-kb-gap-sm, 1rem);}.kadence-column556_ce9e73-3e > .kt-inside-inner-col{flex-direction:column;}.kadence-column556_ce9e73-3e > .kt-inside-inner-col > .aligncenter{width:100%;}.kadence-column556_ce9e73-3e > .kt-inside-inner-col:before{opacity:0.3;}.kadence-column556_ce9e73-3e{position:relative;}@media all and (max-width: 1024px){.kadence-column556_ce9e73-3e > .kt-inside-inner-col{flex-direction:column;justify-content:center;}}@media all and (max-width: 767px){.kadence-column556_ce9e73-3e > .kt-inside-inner-col{flex-direction:column;justify-content:center;}}<\/style>\n<div class=\"wp-block-kadence-column kadence-column556_ce9e73-3e inner-column-1\"><div class=\"kt-inside-inner-col\">\n<p>Per fer una reserva, us demanem que ens envieu un missatge amb els vostres requisits. Els preus indicats s\u00f3n per a tota la propietat, que t\u00e9 capacitat per a 12 persones en dues habitacions familiars i dues dobles.<\/p>\n<\/div><\/div>\n\n\n<style>.kadence-column556_fd16c3-da > .kt-inside-inner-col,.kadence-column556_fd16c3-da > .kt-inside-inner-col:before{border-top-left-radius:0px;border-top-right-radius:0px;border-bottom-right-radius:0px;border-bottom-left-radius:0px;}.kadence-column556_fd16c3-da > .kt-inside-inner-col{column-gap:var(--global-kb-gap-sm, 1rem);}.kadence-column556_fd16c3-da > .kt-inside-inner-col{flex-direction:column;}.kadence-column556_fd16c3-da > .kt-inside-inner-col > .aligncenter{width:100%;}.kadence-column556_fd16c3-da > .kt-inside-inner-col:before{opacity:0.3;}.kadence-column556_fd16c3-da{position:relative;}@media all and (max-width: 1024px){.kadence-column556_fd16c3-da > .kt-inside-inner-col{flex-direction:column;justify-content:center;}}@media all and (max-width: 767px){.kadence-column556_fd16c3-da > .kt-inside-inner-col{flex-direction:column;justify-content:center;}}<\/style>\n<div class=\"wp-block-kadence-column kadence-column556_fd16c3-da\"><div class=\"kt-inside-inner-col\">\n<h2 class=\"wp-block-heading has-text-align-left destacat\">2026 Preus<\/h2>\n\n\n\n<p><strong>Dies laborals (dilluns \u2013 dijous): 150\u20ac\/nit<\/strong><\/p>\n\n\n\n<p><strong>Dies cap de setmana (divendres \u2013 diumenge): 175\u20ac\/nit<\/strong><\/p>\n\n\n\n<p><strong>Per\u00edode Nadal \/ Cap d&#8217;Any: 280\u20ac\/nit<\/strong><\/p>\n\n\n\n<p>M\u00ednim 3 nits. Entrada despr\u00e9s de les 16h \/ sortida abans de les 11h.<\/p>\n\n\n\n<p>Hi ha un suplement de llen\u00e7ols de 10\u20ac per persona per estada. Aix\u00f2 inclou roba de llit, tovalloles de bany i tovalloles de piscina.<\/p>\n\n\n\n<p>Un bressol, una trona i un cotxet estan disponibles de forma gratu\u00efta.<\/p>\n\n\n\n<p>Es cobrar\u00e0 una taxa tur\u00edstica local a l\u2019arribada, que \u00e9s de 0,90\u20ac per adult per nit, fins a un m\u00e0xim de 7 nits.<\/p>\n\n\n\n<p>El pagament es fa per transfer\u00e8ncia banc\u00e0ria. Un dip\u00f2sit del 20% en fer la reserva, i el balan\u00e7 del pagament 2 mesos abans de l\u2019entrada.<\/p>\n\n\n\n<p>S\u2019aplicar\u00e0 un descompte a estades de m\u00e9s de 5 dies.<\/p>\n\n\n\n<p>Cal deixar la propietat neta i ordenada en fer la sortida.<\/p>\n\n\n\n<p>Cal abonar una fian\u00e7a reemborsable de 500\u20ac en fer l&#8217;entrada o abans per cobrir danys i qualsevol cost de neteja addicional que calgui. Aquest dip\u00f2sit es reemborsar\u00e0 al moment de la sortida.<\/p>\n\n\n\n<p>En cas de cancel\u00b7laci\u00f3, donarem un reemborsament del 100% menys el dip\u00f2sit si \u00e9s abans de 14 dies de la seva arribada, 7-14 dies reemborsarem el 50%, altrament no hi ha reemborsament.<\/p>\n\n\n\n<p>El servei de xef privat est\u00e0 disponible per concertaci\u00f3 pr\u00e8via i segons disponibilitat.<\/p>\n\n\n\n<p>Esmorzar: 10\u20ac per persona per dia<\/p>\n\n\n\n<p>P\u00edcnics: 10\u20ac per persona per dia<\/p>\n\n\n\n<p>Sopar: 25\u20ac per persona per dia, nens (fins a 16 anys) 15\u20ac<\/p>\n<\/div><\/div>\n\n<\/div><\/div>\n\n<style>.wp-block-kadence-spacer.kt-block-spacer-556_f0c4ac-44 .kt-block-spacer{height:60px;}.wp-block-kadence-spacer.kt-block-spacer-556_f0c4ac-44 .kt-divider{border-top-width:1px;height:1px;border-top-color:#eee;width:80%;border-top-style:solid;}<\/style>\n<div class=\"wp-block-kadence-spacer aligncenter kt-block-spacer-556_f0c4ac-44\"><div class=\"kt-block-spacer kt-block-spacer-halign-center\"><hr class=\"kt-divider\"\/><\/div><\/div>\n\n\n\n<h2 class=\"wp-block-heading has-text-align-center\">Disponibilitat<\/h2>\n\n\n<style>.kb-row-layout-id556_c23388-ef > .kt-row-column-wrap{align-content:start;}:where(.kb-row-layout-id556_c23388-ef > .kt-row-column-wrap) > .wp-block-kadence-column{justify-content:start;}.kb-row-layout-id556_c23388-ef > .kt-row-column-wrap{column-gap:var(--global-kb-gap-md, 2rem);row-gap:var(--global-kb-gap-md, 2rem);max-width:905px;padding-top:var(--global-kb-spacing-sm, 1.5rem);padding-bottom:var(--global-kb-spacing-sm, 1.5rem);grid-template-columns:minmax(0, 1fr);}.kb-row-layout-id556_c23388-ef > .kt-row-layout-overlay{opacity:0.30;}@media all and (max-width: 1024px){.kb-row-layout-id556_c23388-ef > .kt-row-column-wrap{grid-template-columns:minmax(0, 1fr);}}@media all and (max-width: 767px){.kb-row-layout-id556_c23388-ef > .kt-row-column-wrap{grid-template-columns:minmax(0, 1fr);}}<\/style><div class=\"kb-row-layout-wrap kb-row-layout-id556_c23388-ef aligncenter wp-block-kadence-rowlayout\"><div class=\"kt-row-column-wrap kt-has-1-columns kt-row-layout-equal kt-tab-layout-inherit kt-mobile-layout-row kt-row-valign-top kb-theme-content-width\">\n<style>.kadence-column556_78b50d-c4 > .kt-inside-inner-col,.kadence-column556_78b50d-c4 > .kt-inside-inner-col:before{border-top-left-radius:0px;border-top-right-radius:0px;border-bottom-right-radius:0px;border-bottom-left-radius:0px;}.kadence-column556_78b50d-c4 > .kt-inside-inner-col{column-gap:var(--global-kb-gap-sm, 1rem);}.kadence-column556_78b50d-c4 > .kt-inside-inner-col{flex-direction:column;}.kadence-column556_78b50d-c4 > .kt-inside-inner-col > .aligncenter{width:100%;}.kadence-column556_78b50d-c4 > .kt-inside-inner-col:before{opacity:0.3;}.kadence-column556_78b50d-c4{position:relative;}@media all and (max-width: 1024px){.kadence-column556_78b50d-c4 > .kt-inside-inner-col{flex-direction:column;justify-content:center;}}@media all and (max-width: 767px){.kadence-column556_78b50d-c4 > .kt-inside-inner-col{flex-direction:column;justify-content:center;}}<\/style>\n<div class=\"wp-block-kadence-column kadence-column556_78b50d-c4 inner-column-1\"><div class=\"kt-inside-inner-col\">\n<div class=\"wp-block-booking-booking\"><div class='wpbc_only_calendar wpbc_container'><div id='calendar_booking_unselectable1'><\/div><span ><div style=\"clear:both;height:10px;\"><\/div><div class=\"wpbc_calendar_wraper wpbc_change_over_triangle wpbc_calendar_skin_legacy\"><div class=\"wpbc_cal_container bk_calendar_frame wpbc_no_custom_width  months_num_in_row_ cal_month_num_3\" style=\"\"><div id=\"calendar_booking1\"  class=\"wpbc_calendar_id_1\" >\t<div class=\"calendar_loader_frame calendar_loader_frame1\"\r\n\t\tdata-wpbc-rid=\"1\"\r\n\t\tdata-wpbc-grace=\"8000\"\r\n\t\tstyle=\"--wpbc-loader-cols: 3;\"\r\n\t>\r\n\t\t<div class=\"calendar_loader_text\">S&#039;est\u00e0 carregant...<\/div>\r\n\t\t<div class=\"calendar_loader_frame__progress_line_container\">\r\n\t\t\t<div class=\"calendar_loader_frame__progress_line\"><\/div>\r\n\t\t<\/div>\r\n\t<\/div>\r\n\t<\/div><\/div><div style=\"font-size:7px;text-align:left;margin:0 0 10px;text-shadow: none;\">Powered by <a href=\"https:\/\/wpbookingcalendar.com\" style=\"font-size:7px;\" target=\"_blank\" title=\"Booking Calendar plugin for WordPress\">Booking Calendar<\/a><\/div><textarea id=\"date_booking1\" name=\"date_booking1\" autocomplete=\"off\" style=\"display:none;\"><\/textarea><div class=\"block_hints datepick \"><div class=\"wpdev_hint_with_text\"><div class=\"\"><div class=\"datepick-inline wpbc_calendar_legend_table_width_height\"><table class=\"datepick wpbc_calendar\" style=\"\"><tbody><tr><td class=\"datepick-days-cell date_available wpbc_calendar_legend_day_cell_height\"><div class=\"wpbc-cell-box\">\t<div class=\"date-cell-content\">\t\t<div class=\"date-content-top\"><\/div>\t\t<a>20<\/a>\t\t<div class=\"date-content-bottom\"><\/div>\t<\/div><\/div><\/td><\/tr><\/tbody><\/table><\/div><\/div><div class=\"block_text\">- <\/div><div class=\"block_text\">Disponible<\/div><\/div><div class=\"wpdev_hint_with_text\"><div class=\"\"><div class=\"datepick-inline wpbc_calendar_legend_table_width_height\"><table class=\"datepick wpbc_calendar\" style=\"\"><tbody><tr><td class=\"datepick-days-cell datepick-unselectable date_user_unavailable full_day_booking date_approved wpbc_calendar_legend_day_cell_height\"><div class=\"wpbc-cell-box\">\t<div class=\"date-cell-content\">\t\t<div class=\"date-content-top\"><\/div>\t\t<span>20<\/span>\t\t<div class=\"date-content-bottom\"><\/div>\t<\/div><\/div><\/td><\/tr><\/tbody><\/table><\/div><\/div><div class=\"block_text\">- <\/div><div class=\"block_text\">Reservat<\/div><\/div><div class=\"wpdev_hint_with_text\"><div class=\"\"><div class=\"datepick-inline wpbc_calendar_legend_table_width_height\"><table class=\"datepick wpbc_calendar\" style=\"\"><tbody><tr><td class=\"datepick-days-cell datepick-unselectable date_user_unavailable wpbc_calendar_legend_day_cell_height\"><div class=\"wpbc-cell-box\">\t<div class=\"date-cell-content\">\t\t<div class=\"date-content-top\"><\/div>\t\t<span>20<\/span>\t\t<div class=\"date-content-bottom\"><\/div>\t<\/div><\/div><\/td><\/tr><\/tbody><\/table><\/div><\/div><div class=\"block_text\">- <\/div><div class=\"block_text\">No disponible<\/div><\/div><\/div><\/div> <\/span><\/div><\/div>\n<\/div><\/div>\n\n<\/div><\/div>","protected":false},"excerpt":{"rendered":"<p>Per fer una reserva, us demanem que ens envieu un missatge amb els vostres requisits. Els preus indicats s\u00f3n per a tota la propietat, que t\u00e9 capacitat per a 12 persones en dues habitacions familiars i dues dobles. 2026 Preus Dies laborals (dilluns \u2013 dijous): 150\u20ac\/nit Dies cap de setmana (divendres \u2013 diumenge): 175\u20ac\/nit Per\u00edode &hellip;<\/p>\n","protected":false},"author":1,"featured_media":557,"parent":0,"menu_order":0,"comment_status":"closed","ping_status":"closed","template":"","meta":{"footnotes":""},"class_list":["post-556","page","type-page","status-publish","has-post-thumbnail","hentry","post","with-featured-image"],"_links":{"self":[{"href":"https:\/\/www.redrocktrails.co.uk\/ca\/wp-json\/wp\/v2\/pages\/556","targetHints":{"allow":["GET"]}}],"collection":[{"href":"https:\/\/www.redrocktrails.co.uk\/ca\/wp-json\/wp\/v2\/pages"}],"about":[{"href":"https:\/\/www.redrocktrails.co.uk\/ca\/wp-json\/wp\/v2\/types\/page"}],"author":[{"embeddable":true,"href":"https:\/\/www.redrocktrails.co.uk\/ca\/wp-json\/wp\/v2\/users\/1"}],"replies":[{"embeddable":true,"href":"https:\/\/www.redrocktrails.co.uk\/ca\/wp-json\/wp\/v2\/comments?post=556"}],"version-history":[{"count":51,"href":"https:\/\/www.redrocktrails.co.uk\/ca\/wp-json\/wp\/v2\/pages\/556\/revisions"}],"predecessor-version":[{"id":1805,"href":"https:\/\/www.redrocktrails.co.uk\/ca\/wp-json\/wp\/v2\/pages\/556\/revisions\/1805"}],"wp:featuredmedia":[{"embeddable":true,"href":"https:\/\/www.redrocktrails.co.uk\/ca\/wp-json\/wp\/v2\/media\/557"}],"wp:attachment":[{"href":"https:\/\/www.redrocktrails.co.uk\/ca\/wp-json\/wp\/v2\/media?parent=556"}],"curies":[{"name":"wp","href":"https:\/\/api.w.org\/{rel}","templated":true}]}}